{"id":2639,"date":"2016-10-25T14:21:11","date_gmt":"2016-10-25T12:21:11","guid":{"rendered":"http:\/\/mediterraniadeb.joangwilkinson.com\/presentacio\/"},"modified":"2018-08-03T11:50:26","modified_gmt":"2018-08-03T09:50:26","slug":"presentacion","status":"publish","type":"page","link":"https:\/\/mediterraniaescola.cat\/es\/escuela\/presentacion\/","title":{"rendered":"Conoce la escuela"},"content":{"rendered":"<div class=\"wpb-content-wrapper\"><div    class=\"vc_row wpb_row section vc_row-fluid principal grid_section\" style=' text-align:left;'><div class=\" section_inner clearfix\"><div class='section_inner_margin clearfix'><div class=\"wpb_column vc_column_container vc_col-sm-12\"><div class=\"vc_column-inner\"><div class=\"wpb_wrapper\"><div class=\"vc_row wpb_row vc_inner vc_row-fluid principalcenter vc_column-gap-30 vc_row-o-equal-height vc_row-o-content-top vc_row-flex\"><div class=\"wpb_column vc_column_container vc_col-sm-6\"><div class=\"vc_column-inner\"><div class=\"wpb_wrapper\">\n\t<div class=\"wpb_text_column wpb_content_element \" >\n\t\t<div class=\"wpb_wrapper\">\n\t\t\t<h2>\u00bfQu\u00e9 es Mediterr\u00e0nia?<\/h2>\n<p>Somos la principal escuela en red de Danza Irlandesa e Ingl\u00e9s del sur de Europa, Vinculada a la \u00a0Irish World Academy de la <a href=\"https:\/\/www.irishworldacademy.ie\/\" target=\"_blank\" rel=\"noopener\">University of Limerick<\/a>\u00a0presente en Catalu\u00f1a, con sedes en \u00a0Barcelona, Girona, Vic y tambi\u00e9n en Valencia, entre otras\u00a0<a href=\"\/?page_id=594\">ubicaciones<\/a>.<\/p>\n<p>Disponemos de cursos de <a href=\"https:\/\/mediterraniaescola.cat\/es\/danza-irlandesa\/\">danza irlandesa<\/a>\u00a0e\u00a0<a href=\"https:\/\/mediterraniaescola.cat\/es\/escuela-ingles\/\">ingl\u00e8s<\/a> para particulares (infantil, juvenil, adultos, familias), \u00a0\u00a0<a href=\"\/?page_id=2358\">recursos educativos y talleres<\/a> para escuelas, instituciones, asociaciones y propuestas de nuestra Compa\u00f1ia de Danza Celtic Flow Dancers\u00a0para hacer <a href=\"https:\/\/mediterraniaescola.cat\/es\/tallers-exhibicions\/\">exhibiciones<\/a> en todo tipo de eventos.<\/p>\n\n\t\t<\/div>\n\t<\/div>\n<\/div><\/div><\/div><div class=\"wpb_column vc_column_container vc_col-sm-6\"><div class=\"vc_column-inner\"><div class=\"wpb_wrapper\">\n\t<div class=\"wpb_video_widget wpb_content_element vc_clearfix   vc_video-aspect-ratio-169 vc_video-el-width-100 vc_video-align-left\" >\n\t\t<div class=\"wpb_wrapper\">\n\t\t\t\n\t\t\t<div class=\"wpb_video_wrapper\"><iframe width=\"1060\" height=\"596\" data-src=\"https:\/\/www.youtube.com\/embed\/XCfudN6dHAY?feature=oembed\" frameborder=\"0\" allow=\"autoplay; encrypted-media\" allowfullscreen src=\"data:image\/svg+xml;base64,PHN2ZyB3aWR0aD0iMSIgaGVpZ2h0PSIxIiB4bWxucz0iaHR0cDovL3d3dy53My5vcmcvMjAwMC9zdmciPjwvc3ZnPg==\" class=\"lazyload\" data-load-mode=\"1\"><\/iframe><\/div>\n\t\t<\/div>\n\t<\/div>\n<\/div><\/div><\/div><\/div><div class=\"vc_row wpb_row vc_inner vc_row-fluid principalcenter vc_column-gap-30 vc_row-o-equal-height vc_row-o-content-middle vc_row-flex\"><div class=\"wpb_column vc_column_container vc_col-sm-6\"><div class=\"vc_column-inner\"><div class=\"wpb_wrapper\">\n\t<div class=\"wpb_single_image wpb_content_element imgrwd vc_align_right\">\n\t\t<div>\n\t\t<div class=\"wpb_wrapper\">\n\t\t\t\n\t\t\t<img decoding=\"async\" width=\"900\" height=\"540\" data-src=\"https:\/\/mediterraniaescola.cat\/wp-content\/uploads\/2017\/04\/mediterrania027.jpg\" class=\"attachment-full lazyload\" alt=\"\" title=\"mediterrania027\" data-srcset=\"https:\/\/mediterraniaescola.cat\/wp-content\/uploads\/2017\/04\/mediterrania027.jpg 900w, https:\/\/mediterraniaescola.cat\/wp-content\/uploads\/2017\/04\/mediterrania027-300x180.jpg 300w, https:\/\/mediterraniaescola.cat\/wp-content\/uploads\/2017\/04\/mediterrania027-768x461.jpg 768w\" data-sizes=\"(max-width: 900px) 100vw, 900px\" src=\"data:image\/svg+xml;base64,PHN2ZyB3aWR0aD0iMSIgaGVpZ2h0PSIxIiB4bWxucz0iaHR0cDovL3d3dy53My5vcmcvMjAwMC9zdmciPjwvc3ZnPg==\" style=\"--smush-placeholder-width: 900px; --smush-placeholder-aspect-ratio: 900\/540;\" \/>\n\t\t<\/div> \n\t\t<\/div>\n\t<\/div> <\/div><\/div><\/div><div class=\"wpb_column vc_column_container vc_col-sm-6\"><div class=\"vc_column-inner\"><div class=\"wpb_wrapper\">\n\t<div class=\"wpb_text_column wpb_content_element \" >\n\t\t<div class=\"wpb_wrapper\">\n\t\t\t<h2>Proyecto educativo<\/h2>\n<p>&nbsp;<\/p>\n<p><span style=\"font-weight: 400;\">Nuestro proyecto educativo contempla dos pilares fundamentales: el ingl\u00e9s y la danza. <\/span><\/p>\n<p><span style=\"font-weight: 400;\">Trabajamos a partir de unos valores fundamentales basados en la pasi\u00f3n y el esfuerzo, la creatividad, la innovaci\u00f3n y el trabajo en equipo.<\/span><\/p>\n<p><span style=\"font-weight: 400;\">La metodolog\u00eda est\u00e1 desarrollada para comprender y participar en el aprendizaje de las disciplinas desde la etapa infantil (a partir de 3 a\u00f1os) hasta la edad adulta.<\/span><\/p>\n\n\t\t<\/div>\n\t<\/div>\n<div class=\"vc_btn3-container vc_btn3-inline\" ><a class=\"vc_general vc_btn3 vc_btn3-size-md vc_btn3-shape-square vc_btn3-style-flat vc_btn3-color-grey\" href=\"https:\/\/mediterraniaescola.cat\/documents\/desplegable_ME_17.pdf\" title=\"\">Descarga nuestro folleto<\/a><\/div><\/div><\/div><\/div><\/div><div class=\"vc_row wpb_row vc_inner vc_row-fluid principalcenter vc_column-gap-30 vc_row-o-equal-height vc_row-o-content-top vc_row-flex\"><div class=\"wpb_column vc_column_container vc_col-sm-6\"><div class=\"vc_column-inner\"><div class=\"wpb_wrapper\">\n\t<div class=\"wpb_text_column wpb_content_element \" >\n\t\t<div class=\"wpb_wrapper\">\n\t\t\t<h2>Nuestro equipo<\/h2>\n<p>Bajo la direcci\u00f3n de \u00a0<a href=\"https:\/\/mediterraniaescola.cat\/es\/direccio-betlem-burcet\/\">Betlem Burcet <\/a>\u00a0y junto a los profesores Pau Molina y Celi Graells, formando un <a href=\"https:\/\/mediterraniaescola.cat\/es\/equipo\/\">equipo de profesionales<\/a>s motivados por la metodolog\u00eda y las disciplinas ofrecidas. Un equipo joven e ilusionados que se esfuerza para acercar al p\u00fablico la cultura irlandesa, mediante la danza e ingl\u00e9s con total calidad.<\/p>\n\n\t\t<\/div>\n\t<\/div>\n<\/div><\/div><\/div><div class=\"wpb_column vc_column_container vc_col-sm-6\"><div class=\"vc_column-inner\"><div class=\"wpb_wrapper\">\n\t<div class=\"wpb_video_widget wpb_content_element vc_clearfix   vc_video-aspect-ratio-169 vc_video-el-width-100 vc_video-align-left\" >\n\t\t<div class=\"wpb_wrapper\">\n\t\t\t\n\t\t\t<div class=\"wpb_video_wrapper\"><iframe width=\"1060\" height=\"596\" data-src=\"https:\/\/www.youtube.com\/embed\/kjnp_j5REFc?feature=oembed\" frameborder=\"0\" allow=\"autoplay; encrypted-media\" allowfullscreen src=\"data:image\/svg+xml;base64,PHN2ZyB3aWR0aD0iMSIgaGVpZ2h0PSIxIiB4bWxucz0iaHR0cDovL3d3dy53My5vcmcvMjAwMC9zdmciPjwvc3ZnPg==\" class=\"lazyload\" data-load-mode=\"1\"><\/iframe><\/div>\n\t\t<\/div>\n\t<\/div>\n<\/div><\/div><\/div><\/div><\/div><\/div><\/div><\/div><\/div><\/div><div    class=\"vc_row wpb_row section vc_row-fluid secundari grid_section\" style=' text-align:left;'><div class=\" section_inner clearfix\"><div class='section_inner_margin clearfix'><div class=\"wpb_column vc_column_container vc_col-sm-12\"><div class=\"vc_column-inner\"><div class=\"wpb_wrapper\"><div class=\"vc_row wpb_row vc_inner vc_row-fluid principalcenter vc_column-gap-30 vc_row-o-equal-height vc_row-o-content-top vc_row-flex\"><div class=\"wpb_column vc_column_container vc_col-sm-6\"><div class=\"vc_column-inner\"><div class=\"wpb_wrapper\">\n\t<div class=\"wpb_single_image wpb_content_element imgrwd vc_align_right\">\n\t\t<div>\n\t\t<div class=\"wpb_wrapper\">\n\t\t\t\n\t\t\t<img decoding=\"async\" width=\"900\" height=\"540\" data-src=\"https:\/\/mediterraniaescola.cat\/wp-content\/uploads\/2016\/10\/mediterrania003.jpg\" class=\"attachment-full lazyload\" alt=\"\" title=\"mediterrania003\" data-srcset=\"https:\/\/mediterraniaescola.cat\/wp-content\/uploads\/2016\/10\/mediterrania003.jpg 900w, https:\/\/mediterraniaescola.cat\/wp-content\/uploads\/2016\/10\/mediterrania003-300x180.jpg 300w, https:\/\/mediterraniaescola.cat\/wp-content\/uploads\/2016\/10\/mediterrania003-768x461.jpg 768w\" data-sizes=\"(max-width: 900px) 100vw, 900px\" src=\"data:image\/svg+xml;base64,PHN2ZyB3aWR0aD0iMSIgaGVpZ2h0PSIxIiB4bWxucz0iaHR0cDovL3d3dy53My5vcmcvMjAwMC9zdmciPjwvc3ZnPg==\" style=\"--smush-placeholder-width: 900px; --smush-placeholder-aspect-ratio: 900\/540;\" \/>\n\t\t<\/div> \n\t\t<\/div>\n\t<\/div> \n\t<div class=\"wpb_text_column wpb_content_element \" >\n\t\t<div class=\"wpb_wrapper\">\n\t\t\t<h2>Cursos de Danza Irlandesa<\/h2>\n<p><span style=\"font-weight: 400;\">La danza irlandesa atrae a gente de todas las edades y de todas las culturas. Se calcula que m\u00e1s de 800.000 personas en el mundo practican diariamente esta combinaci\u00f3n de ejercicio f\u00edsico, disfrute est\u00e9tico y socializaci\u00f3n. Descubre sus modalidades<\/span><\/p>\n\n\t\t<\/div>\n\t<\/div>\n<div class=\"vc_btn3-container vc_btn3-left\" ><a class=\"vc_general vc_btn3 vc_btn3-size-md vc_btn3-shape-square vc_btn3-style-flat vc_btn3-color-grey\" href=\"https:\/\/mediterraniaescola.cat\/es\/danza-irlandesa\/\" title=\"\">Cursos de Danza Irlandesa<\/a><\/div><\/div><\/div><\/div><div class=\"wpb_column vc_column_container vc_col-sm-6\"><div class=\"vc_column-inner\"><div class=\"wpb_wrapper\">\n\t<div class=\"wpb_single_image wpb_content_element imgrwd vc_align_right\">\n\t\t<div>\n\t\t<div class=\"wpb_wrapper\">\n\t\t\t\n\t\t\t<img decoding=\"async\" width=\"900\" height=\"540\" data-src=\"https:\/\/mediterraniaescola.cat\/wp-content\/uploads\/2017\/04\/mediterrania024.jpg\" class=\"attachment-full lazyload\" alt=\"\" title=\"mediterrania024\" data-srcset=\"https:\/\/mediterraniaescola.cat\/wp-content\/uploads\/2017\/04\/mediterrania024.jpg 900w, https:\/\/mediterraniaescola.cat\/wp-content\/uploads\/2017\/04\/mediterrania024-300x180.jpg 300w, https:\/\/mediterraniaescola.cat\/wp-content\/uploads\/2017\/04\/mediterrania024-768x461.jpg 768w\" data-sizes=\"(max-width: 900px) 100vw, 900px\" src=\"data:image\/svg+xml;base64,PHN2ZyB3aWR0aD0iMSIgaGVpZ2h0PSIxIiB4bWxucz0iaHR0cDovL3d3dy53My5vcmcvMjAwMC9zdmciPjwvc3ZnPg==\" style=\"--smush-placeholder-width: 900px; --smush-placeholder-aspect-ratio: 900\/540;\" \/>\n\t\t<\/div> \n\t\t<\/div>\n\t<\/div> \n\t<div class=\"wpb_text_column wpb_content_element \" >\n\t\t<div class=\"wpb_wrapper\">\n\t\t\t<h2>Escuela de Ingl\u00e9s<\/h2>\n<p><span style=\"font-weight: 400;\">Escuela de Ingl\u00e9s<\/span><\/p>\n<p><span style=\"font-weight: 400;\">Actualmente saber ingl\u00e9s es indispensable, por eso marcamos la diferencia en nuestros cursos, bas\u00e1ndonos en la inmersi\u00f3n ling\u00fc\u00edstica y cultural a partir de experiencias divertidas y significativas. Ven a aprender ingl\u00e9s con nosotros!<\/span><\/p>\n\n\t\t<\/div>\n\t<\/div>\n<div class=\"vc_btn3-container vc_btn3-left\" ><a class=\"vc_general vc_btn3 vc_btn3-size-md vc_btn3-shape-square vc_btn3-style-flat vc_btn3-color-grey\" href=\"https:\/\/mediterraniaescola.cat\/es\/escuela-ingles\/\" title=\"\">Escuela de Ingl\u00e9s<\/a><\/div><\/div><\/div><\/div><\/div><\/div><\/div><\/div><\/div><\/div><\/div><div    class=\"vc_row wpb_row section vc_row-fluid verd grid_section\" style=' text-align:left;'><div class=\" section_inner clearfix\"><div class='section_inner_margin clearfix'><div class=\"wpb_column vc_column_container vc_col-sm-12\"><div class=\"vc_column-inner\"><div class=\"wpb_wrapper\">\n\t<div class=\"wpb_text_column wpb_content_element  introtext\" >\n\t\t<div class=\"wpb_wrapper\">\n\t\t\t<h2>Talleres, recursos y exhibiciones<\/h2>\n<p>Disponemos de una s\u00e9rie de recursos educativos, talleres y exhibiciones para esculas, insituciones y particulares, consulta-nos y para recibir una propuesta.<\/p>\n\n\t\t<\/div>\n\t<\/div>\n<div class=\"vc_btn3-container vc_btn3-center\" ><a class=\"vc_general vc_btn3 vc_btn3-size-md vc_btn3-shape-square vc_btn3-style-flat vc_btn3-color-grey\" href=\"https:\/\/mediterraniaescola.cat\/es\/talleres-exhibiciones\/\" title=\"\">Desc\u00fabrelos<\/a><\/div><\/div><\/div><\/div><\/div><\/div><\/div>\n<\/div>","protected":false},"excerpt":{"rendered":"\u00bfQu\u00e9 es Mediterr\u00e0nia? Somos la principal escuela en red de Danza Irlandesa e Ingl\u00e9s del sur de Europa, Vinculada a la \u00a0Irish World Academy de la University of Limerick\u00a0presente en Catalu\u00f1a, con sedes en \u00a0Barcelona, Girona, Vic y tambi\u00e9n en Valencia, entre otras\u00a0ubicaciones. Disponemos de...","protected":false},"author":2,"featured_media":0,"parent":2802,"menu_order":1,"comment_status":"closed","ping_status":"closed","template":"full_width.php","meta":{"footnotes":""},"class_list":["post-2639","page","type-page","status-publish","hentry"],"yoast_head":"<!-- This site is optimized with the Yoast SEO plugin v27.5 - https:\/\/yoast.com\/product\/yoast-seo-wordpress\/ -->\n<title>Conoce la escuela - Mediterr\u00e0nia Escola de Dansa Irlandesa<\/title>\n<meta name=\"robots\" content=\"index, follow, max-snippet:-1, max-image-preview:large, max-video-preview:-1\" \/>\n<link rel=\"canonical\" href=\"https:\/\/mediterraniaescola.cat\/lescola-que-et-fara-sentir-com-a-irlanda\/presentacio\/\" \/>\n<meta property=\"og:locale\" content=\"es_ES\" \/>\n<meta property=\"og:type\" content=\"article\" \/>\n<meta property=\"og:title\" content=\"Conoce la escuela - Mediterr\u00e0nia Escola de Dansa Irlandesa\" \/>\n<meta property=\"og:url\" content=\"https:\/\/mediterraniaescola.cat\/lescola-que-et-fara-sentir-com-a-irlanda\/presentacio\/\" \/>\n<meta property=\"og:site_name\" content=\"Mediterr\u00e0nia Escola de Dansa Irlandesa\" \/>\n<meta property=\"article:publisher\" content=\"https:\/\/www.facebook.com\/MediterraniaEscolaDeDansaIrlandesa\/\" \/>\n<meta property=\"article:modified_time\" content=\"2018-08-03T09:50:26+00:00\" \/>\n<meta name=\"twitter:card\" content=\"summary_large_image\" \/>\n<script type=\"application\/ld+json\" class=\"yoast-schema-graph\">{\"@context\":\"https:\\\/\\\/schema.org\",\"@graph\":[{\"@type\":\"WebPage\",\"@id\":\"https:\\\/\\\/mediterraniaescola.cat\\\/lescola-que-et-fara-sentir-com-a-irlanda\\\/presentacio\\\/\",\"url\":\"https:\\\/\\\/mediterraniaescola.cat\\\/lescola-que-et-fara-sentir-com-a-irlanda\\\/presentacio\\\/\",\"name\":\"Conoce la escuela - Mediterr\u00e0nia Escola de Dansa Irlandesa\",\"isPartOf\":{\"@id\":\"https:\\\/\\\/mediterraniaescola.cat\\\/#website\"},\"datePublished\":\"2016-10-25T12:21:11+00:00\",\"dateModified\":\"2018-08-03T09:50:26+00:00\",\"breadcrumb\":{\"@id\":\"https:\\\/\\\/mediterraniaescola.cat\\\/lescola-que-et-fara-sentir-com-a-irlanda\\\/presentacio\\\/#breadcrumb\"},\"inLanguage\":\"es\",\"potentialAction\":[{\"@type\":\"ReadAction\",\"target\":[\"https:\\\/\\\/mediterraniaescola.cat\\\/lescola-que-et-fara-sentir-com-a-irlanda\\\/presentacio\\\/\"]}]},{\"@type\":\"BreadcrumbList\",\"@id\":\"https:\\\/\\\/mediterraniaescola.cat\\\/lescola-que-et-fara-sentir-com-a-irlanda\\\/presentacio\\\/#breadcrumb\",\"itemListElement\":[{\"@type\":\"ListItem\",\"position\":1,\"name\":\"Inici\",\"item\":\"https:\\\/\\\/mediterraniaescola.cat\\\/es\\\/\"},{\"@type\":\"ListItem\",\"position\":2,\"name\":\"Escuela\",\"item\":\"https:\\\/\\\/mediterraniaescola.cat\\\/lescola-que-et-fara-sentir-com-a-irlanda\\\/\"},{\"@type\":\"ListItem\",\"position\":3,\"name\":\"Conoce la escuela\"}]},{\"@type\":\"WebSite\",\"@id\":\"https:\\\/\\\/mediterraniaescola.cat\\\/#website\",\"url\":\"https:\\\/\\\/mediterraniaescola.cat\\\/\",\"name\":\"Mediterr\u00e0nia Escola de Dansa Irlandesa\",\"description\":\"Girona, Barcelona i Vic\",\"publisher\":{\"@id\":\"https:\\\/\\\/mediterraniaescola.cat\\\/#organization\"},\"alternateName\":\"Mediterr\u00e0nia\",\"potentialAction\":[{\"@type\":\"SearchAction\",\"target\":{\"@type\":\"EntryPoint\",\"urlTemplate\":\"https:\\\/\\\/mediterraniaescola.cat\\\/?s={search_term_string}\"},\"query-input\":{\"@type\":\"PropertyValueSpecification\",\"valueRequired\":true,\"valueName\":\"search_term_string\"}}],\"inLanguage\":\"es\"},{\"@type\":\"Organization\",\"@id\":\"https:\\\/\\\/mediterraniaescola.cat\\\/#organization\",\"name\":\"Mediterr\u00e0nia\",\"url\":\"https:\\\/\\\/mediterraniaescola.cat\\\/\",\"logo\":{\"@type\":\"ImageObject\",\"inLanguage\":\"es\",\"@id\":\"https:\\\/\\\/mediterraniaescola.cat\\\/#\\\/schema\\\/logo\\\/image\\\/\",\"url\":\"http:\\\/\\\/mediterraniaescola.cat\\\/wp-content\\\/uploads\\\/2017\\\/05\\\/mediterrania_logo.png\",\"contentUrl\":\"http:\\\/\\\/mediterraniaescola.cat\\\/wp-content\\\/uploads\\\/2017\\\/05\\\/mediterrania_logo.png\",\"width\":264,\"height\":123,\"caption\":\"Mediterr\u00e0nia\"},\"image\":{\"@id\":\"https:\\\/\\\/mediterraniaescola.cat\\\/#\\\/schema\\\/logo\\\/image\\\/\"},\"sameAs\":[\"https:\\\/\\\/www.facebook.com\\\/MediterraniaEscolaDeDansaIrlandesa\\\/\",\"https:\\\/\\\/www.instagram.com\\\/mediterraniairishdanceschool\\\/\"]}]}<\/script>\n<!-- \/ Yoast SEO plugin. -->","yoast_head_json":{"title":"Conoce la escuela - Mediterr\u00e0nia Escola de Dansa Irlandesa","robots":{"index":"index","follow":"follow","max-snippet":"max-snippet:-1","max-image-preview":"max-image-preview:large","max-video-preview":"max-video-preview:-1"},"canonical":"https:\/\/mediterraniaescola.cat\/lescola-que-et-fara-sentir-com-a-irlanda\/presentacio\/","og_locale":"es_ES","og_type":"article","og_title":"Conoce la escuela - Mediterr\u00e0nia Escola de Dansa Irlandesa","og_url":"https:\/\/mediterraniaescola.cat\/lescola-que-et-fara-sentir-com-a-irlanda\/presentacio\/","og_site_name":"Mediterr\u00e0nia Escola de Dansa Irlandesa","article_publisher":"https:\/\/www.facebook.com\/MediterraniaEscolaDeDansaIrlandesa\/","article_modified_time":"2018-08-03T09:50:26+00:00","twitter_card":"summary_large_image","schema":{"@context":"https:\/\/schema.org","@graph":[{"@type":"WebPage","@id":"https:\/\/mediterraniaescola.cat\/lescola-que-et-fara-sentir-com-a-irlanda\/presentacio\/","url":"https:\/\/mediterraniaescola.cat\/lescola-que-et-fara-sentir-com-a-irlanda\/presentacio\/","name":"Conoce la escuela - Mediterr\u00e0nia Escola de Dansa Irlandesa","isPartOf":{"@id":"https:\/\/mediterraniaescola.cat\/#website"},"datePublished":"2016-10-25T12:21:11+00:00","dateModified":"2018-08-03T09:50:26+00:00","breadcrumb":{"@id":"https:\/\/mediterraniaescola.cat\/lescola-que-et-fara-sentir-com-a-irlanda\/presentacio\/#breadcrumb"},"inLanguage":"es","potentialAction":[{"@type":"ReadAction","target":["https:\/\/mediterraniaescola.cat\/lescola-que-et-fara-sentir-com-a-irlanda\/presentacio\/"]}]},{"@type":"BreadcrumbList","@id":"https:\/\/mediterraniaescola.cat\/lescola-que-et-fara-sentir-com-a-irlanda\/presentacio\/#breadcrumb","itemListElement":[{"@type":"ListItem","position":1,"name":"Inici","item":"https:\/\/mediterraniaescola.cat\/es\/"},{"@type":"ListItem","position":2,"name":"Escuela","item":"https:\/\/mediterraniaescola.cat\/lescola-que-et-fara-sentir-com-a-irlanda\/"},{"@type":"ListItem","position":3,"name":"Conoce la escuela"}]},{"@type":"WebSite","@id":"https:\/\/mediterraniaescola.cat\/#website","url":"https:\/\/mediterraniaescola.cat\/","name":"Mediterr\u00e0nia Escola de Dansa Irlandesa","description":"Girona, Barcelona i Vic","publisher":{"@id":"https:\/\/mediterraniaescola.cat\/#organization"},"alternateName":"Mediterr\u00e0nia","potentialAction":[{"@type":"SearchAction","target":{"@type":"EntryPoint","urlTemplate":"https:\/\/mediterraniaescola.cat\/?s={search_term_string}"},"query-input":{"@type":"PropertyValueSpecification","valueRequired":true,"valueName":"search_term_string"}}],"inLanguage":"es"},{"@type":"Organization","@id":"https:\/\/mediterraniaescola.cat\/#organization","name":"Mediterr\u00e0nia","url":"https:\/\/mediterraniaescola.cat\/","logo":{"@type":"ImageObject","inLanguage":"es","@id":"https:\/\/mediterraniaescola.cat\/#\/schema\/logo\/image\/","url":"https:\/\/mediterraniaescola.cat\/wp-content\/uploads\/2017\/05\/mediterrania_logo.png","contentUrl":"https:\/\/mediterraniaescola.cat\/wp-content\/uploads\/2017\/05\/mediterrania_logo.png","width":264,"height":123,"caption":"Mediterr\u00e0nia"},"image":{"@id":"https:\/\/mediterraniaescola.cat\/#\/schema\/logo\/image\/"},"sameAs":["https:\/\/www.facebook.com\/MediterraniaEscolaDeDansaIrlandesa\/","https:\/\/www.instagram.com\/mediterraniairishdanceschool\/"]}]}},"_links":{"self":[{"href":"https:\/\/mediterraniaescola.cat\/es\/wp-json\/wp\/v2\/pages\/2639","targetHints":{"allow":["GET"]}}],"collection":[{"href":"https:\/\/mediterraniaescola.cat\/es\/wp-json\/wp\/v2\/pages"}],"about":[{"href":"https:\/\/mediterraniaescola.cat\/es\/wp-json\/wp\/v2\/types\/page"}],"author":[{"embeddable":true,"href":"https:\/\/mediterraniaescola.cat\/es\/wp-json\/wp\/v2\/users\/2"}],"replies":[{"embeddable":true,"href":"https:\/\/mediterraniaescola.cat\/es\/wp-json\/wp\/v2\/comments?post=2639"}],"version-history":[{"count":0,"href":"https:\/\/mediterraniaescola.cat\/es\/wp-json\/wp\/v2\/pages\/2639\/revisions"}],"up":[{"embeddable":true,"href":"https:\/\/mediterraniaescola.cat\/es\/wp-json\/wp\/v2\/pages\/2802"}],"wp:attachment":[{"href":"https:\/\/mediterraniaescola.cat\/es\/wp-json\/wp\/v2\/media?parent=2639"}],"curies":[{"name":"wp","href":"https:\/\/api.w.org\/{rel}","templated":true}]}}