{"id":2641,"date":"2016-10-25T16:52:28","date_gmt":"2016-10-25T14:52:28","guid":{"rendered":"http:\/\/mediterraniadeb.joangwilkinson.com\/equip-docent\/"},"modified":"2021-07-20T11:12:36","modified_gmt":"2021-07-20T09:12:36","slug":"equipo","status":"publish","type":"page","link":"https:\/\/mediterraniaescola.cat\/es\/escuela\/equipo\/","title":{"rendered":"Nuestro Equipo"},"content":{"rendered":"<div class=\"wpb-content-wrapper\"><div    class=\"vc_row wpb_row section vc_row-fluid principal grid_section\" style=' text-align:left;'><div class=\" section_inner clearfix\"><div class='section_inner_margin clearfix'><div class=\"wpb_column vc_column_container vc_col-sm-12\"><div class=\"vc_column-inner vc_custom_1495108424655\"><div class=\"wpb_wrapper\"><div class=\"vc_row wpb_row vc_inner vc_row-fluid vc_column-gap-30 vc_row-o-equal-height vc_row-o-content-middle vc_row-flex\"><div class=\"wpb_column vc_column_container vc_col-sm-6\"><div class=\"vc_column-inner\"><div class=\"wpb_wrapper\">\n\t<div class=\"wpb_text_column wpb_content_element \" >\n\t\t<div class=\"wpb_wrapper\">\n\t\t\t<h2>Profesionales especialistas<\/h2>\n<p>Trabajamos con un equipo de profesionales motivados por la metodolog\u00eda que ofrecemos. Es un equipo joven e ilusionado por su trabajo, que suma calidad y valor en la Escuela.<\/p>\n<p>\u201cTodo nuestro equipo hemos crecido bailando, cuando \u00e9ramos peque\u00f1os hac\u00edamos los deberes, toc\u00e1bamos el piano y mir\u00e1bamos el reloj ansiosos por ver cu\u00e1nto faltaba para ir a danza. Hemos aprendido diversas \u00a0disciplinas art\u00edsticas ( m\u00fasica, teatro, diversos tipos de danza,..) pero cuando tuvimos la posibilidad de conocer la <a href=\"https:\/\/mediterraniaescola.cat\/es\/danza-irlandesa\/\">Danza Irlandesa<\/a>\u00a0sentimos \u00a0un amor a primera vista y no nos pod\u00edamos imaginar hasta qu\u00e9 punto cambiar\u00eda nuestras vidas.\u201d<\/p>\n\n\t\t<\/div>\n\t<\/div>\n<\/div><\/div><\/div><div class=\"wpb_column vc_column_container vc_col-sm-6\"><div class=\"vc_column-inner\"><div class=\"wpb_wrapper\">\n\t<div class=\"wpb_single_image wpb_content_element vc_align_left\">\n\t\t<div>\n\t\t<div class=\"wpb_wrapper\">\n\t\t\t\n\t\t\t<img decoding=\"async\" width=\"900\" height=\"540\" data-src=\"https:\/\/mediterraniaescola.cat\/wp-content\/uploads\/2017\/04\/mediterrania009.jpg\" class=\"attachment-full lazyload\" alt=\"\" title=\"mediterrania009\" data-srcset=\"https:\/\/mediterraniaescola.cat\/wp-content\/uploads\/2017\/04\/mediterrania009.jpg 900w, https:\/\/mediterraniaescola.cat\/wp-content\/uploads\/2017\/04\/mediterrania009-300x180.jpg 300w, https:\/\/mediterraniaescola.cat\/wp-content\/uploads\/2017\/04\/mediterrania009-768x461.jpg 768w\" data-sizes=\"(max-width: 900px) 100vw, 900px\" src=\"data:image\/svg+xml;base64,PHN2ZyB3aWR0aD0iMSIgaGVpZ2h0PSIxIiB4bWxucz0iaHR0cDovL3d3dy53My5vcmcvMjAwMC9zdmciPjwvc3ZnPg==\" style=\"--smush-placeholder-width: 900px; --smush-placeholder-aspect-ratio: 900\/540;\" \/>\n\t\t<\/div> \n\t\t<\/div>\n\t<\/div> <\/div><\/div><\/div><\/div><div class=\"vc_row wpb_row vc_inner vc_row-fluid vc_column-gap-30 vc_row-o-equal-height vc_row-o-content-middle vc_row-flex\"><div class=\"wpb_column vc_column_container vc_col-sm-6\"><div class=\"vc_column-inner\"><div class=\"wpb_wrapper\">\n\t<div class=\"wpb_single_image wpb_content_element vc_align_left\">\n\t\t<div>\n\t\t<div class=\"wpb_wrapper\">\n\t\t\t\n\t\t\t<img decoding=\"async\" width=\"900\" height=\"540\" data-src=\"https:\/\/mediterraniaescola.cat\/wp-content\/uploads\/2016\/10\/mediterrania004.jpg\" class=\"attachment-full lazyload\" alt=\"\" title=\"mediterrania004\" data-srcset=\"https:\/\/mediterraniaescola.cat\/wp-content\/uploads\/2016\/10\/mediterrania004.jpg 900w, https:\/\/mediterraniaescola.cat\/wp-content\/uploads\/2016\/10\/mediterrania004-300x180.jpg 300w, https:\/\/mediterraniaescola.cat\/wp-content\/uploads\/2016\/10\/mediterrania004-768x461.jpg 768w\" data-sizes=\"(max-width: 900px) 100vw, 900px\" src=\"data:image\/svg+xml;base64,PHN2ZyB3aWR0aD0iMSIgaGVpZ2h0PSIxIiB4bWxucz0iaHR0cDovL3d3dy53My5vcmcvMjAwMC9zdmciPjwvc3ZnPg==\" style=\"--smush-placeholder-width: 900px; --smush-placeholder-aspect-ratio: 900\/540;\" \/>\n\t\t<\/div> \n\t\t<\/div>\n\t<\/div> <\/div><\/div><\/div><div class=\"wpb_column vc_column_container vc_col-sm-6\"><div class=\"vc_column-inner\"><div class=\"wpb_wrapper\">\n\t<div class=\"wpb_text_column wpb_content_element \" >\n\t\t<div class=\"wpb_wrapper\">\n\t\t\t<h2>Un equipo transparente<\/h2>\n<p>La comunicaci\u00f3n r\u00e1pida y directa entre los profesores favorece el seguimiento de las clases y permite tomar decisiones de forma \u00e1gil y concisa.\u00a0Los profesores se adaptan a las necesidades y objetivos de cada alumno garantizando una din\u00e1mica positiva y estimulante en la evoluci\u00f3n de cada uno, trabajando siempre con un trato cercano.\u00a0Los alumnos podr\u00e1n disponer de los bailes y coreograf\u00edas que se aprenden en clase para poderlos repasar en casa.<\/p>\n\n\t\t<\/div>\n\t<\/div>\n<\/div><\/div><\/div><\/div><div class=\"vc_row wpb_row vc_inner vc_row-fluid vc_column-gap-30 vc_row-o-equal-height vc_row-o-content-middle vc_row-flex\"><div class=\"wpb_column vc_column_container vc_col-sm-6\"><div class=\"vc_column-inner\"><div class=\"wpb_wrapper\">\n\t<div class=\"wpb_text_column wpb_content_element \" >\n\t\t<div class=\"wpb_wrapper\">\n\t\t\t<h2>Evoluci\u00f3n en la formaci\u00f3n<\/h2>\n<p>En la Universidad nuestras vidas se separaron y cuando nos reencontramos volvimos a bailar de nuevo. Desde entonces nuestra lucha incansable ha sido viajar a Irlanda para formarnos peri\u00f3dicamente como profesionales de la danza irlandesa y recibir e importar una educaci\u00f3n de excelencia que aplicamos en nuestra oferta educativa. El conjunto de nuestras experiencias de vida ha dado lugar a la formaci\u00f3n de un equipo incansable y con recursos diversos que nos permite adaptar el profesor en cada curso seg\u00fan la formaci\u00f3n y experiencia del mismo, y as\u00ed fomentar la interacci\u00f3n continua entre nuestras \u00e1reas para dar una formaci\u00f3n integral al alumno.<\/p>\n\n\t\t<\/div>\n\t<\/div>\n<\/div><\/div><\/div><div class=\"wpb_column vc_column_container vc_col-sm-6\"><div class=\"vc_column-inner\"><div class=\"wpb_wrapper\">\n\t<div class=\"wpb_single_image wpb_content_element vc_align_left\">\n\t\t<div>\n\t\t<div class=\"wpb_wrapper\">\n\t\t\t\n\t\t\t<img decoding=\"async\" width=\"900\" height=\"540\" data-src=\"https:\/\/mediterraniaescola.cat\/wp-content\/uploads\/2017\/04\/mediterrania026.jpg\" class=\"attachment-full lazyload\" alt=\"\" title=\"mediterrania026\" data-srcset=\"https:\/\/mediterraniaescola.cat\/wp-content\/uploads\/2017\/04\/mediterrania026.jpg 900w, https:\/\/mediterraniaescola.cat\/wp-content\/uploads\/2017\/04\/mediterrania026-300x180.jpg 300w, https:\/\/mediterraniaescola.cat\/wp-content\/uploads\/2017\/04\/mediterrania026-768x461.jpg 768w\" data-sizes=\"(max-width: 900px) 100vw, 900px\" src=\"data:image\/svg+xml;base64,PHN2ZyB3aWR0aD0iMSIgaGVpZ2h0PSIxIiB4bWxucz0iaHR0cDovL3d3dy53My5vcmcvMjAwMC9zdmciPjwvc3ZnPg==\" style=\"--smush-placeholder-width: 900px; --smush-placeholder-aspect-ratio: 900\/540;\" \/>\n\t\t<\/div> \n\t\t<\/div>\n\t<\/div> <\/div><\/div><\/div><\/div><div class=\"vc_row wpb_row vc_inner vc_row-fluid vc_column-gap-30 vc_row-o-equal-height vc_row-o-content-middle vc_row-flex\"><div class=\"wpb_column vc_column_container vc_col-sm-6\"><div class=\"vc_column-inner\"><div class=\"wpb_wrapper\">\n\t<div class=\"wpb_single_image wpb_content_element vc_align_left\">\n\t\t<div>\n\t\t<div class=\"wpb_wrapper\">\n\t\t\t\n\t\t\t<img decoding=\"async\" width=\"900\" height=\"540\" data-src=\"https:\/\/mediterraniaescola.cat\/wp-content\/uploads\/2017\/04\/mediterrania010.jpg\" class=\"attachment-full lazyload\" alt=\"\" title=\"mediterrania010\" data-srcset=\"https:\/\/mediterraniaescola.cat\/wp-content\/uploads\/2017\/04\/mediterrania010.jpg 900w, https:\/\/mediterraniaescola.cat\/wp-content\/uploads\/2017\/04\/mediterrania010-300x180.jpg 300w, https:\/\/mediterraniaescola.cat\/wp-content\/uploads\/2017\/04\/mediterrania010-768x461.jpg 768w\" data-sizes=\"(max-width: 900px) 100vw, 900px\" src=\"data:image\/svg+xml;base64,PHN2ZyB3aWR0aD0iMSIgaGVpZ2h0PSIxIiB4bWxucz0iaHR0cDovL3d3dy53My5vcmcvMjAwMC9zdmciPjwvc3ZnPg==\" style=\"--smush-placeholder-width: 900px; --smush-placeholder-aspect-ratio: 900\/540;\" \/>\n\t\t<\/div> \n\t\t<\/div>\n\t<\/div> <\/div><\/div><\/div><div class=\"wpb_column vc_column_container vc_col-sm-6\"><div class=\"vc_column-inner\"><div class=\"wpb_wrapper\">\n\t<div class=\"wpb_text_column wpb_content_element \" >\n\t\t<div class=\"wpb_wrapper\">\n\t\t\t<h2>Docencia ejemplar<\/h2>\n<p><span style=\"font-weight: 400;\">Nuestra vocaci\u00f3n y la pasi\u00f3n demostrada por \u00a0nuestros alumnos<\/span><span style=\"font-weight: 400;\"> se traduce en unas clases ejemplares. <\/span><span style=\"font-weight: 400;\">Deseamos <\/span><span style=\"font-weight: 400;\">\u00a0acercar \u00a0la cultura Irlandesa y lo<\/span><span style=\"font-weight: 400;\"> \u00a0hacemos c<\/span><span style=\"font-weight: 400;\">on calidad, disfrutamos mucho juntos y esta motivaci\u00f3n es la que implica a personas de todas las edades y familias enteras a <\/span><span style=\"font-weight: 400;\">querer <\/span><span style=\"font-weight: 400;\">formar parte del nuestro proyecto. <\/span><span style=\"font-weight: 400;\">Puedes descargar nuestro\u00a0<\/span><a href=\"https:\/\/mediterraniaescola.cat\/documents\/desplegable_ME_17.pdf\">folleto de cursos aqu\u00ed<\/a>.<\/p>\n\n\t\t<\/div>\n\t<\/div>\n<\/div><\/div><\/div><\/div><\/div><\/div><\/div><\/div><\/div><\/div><div    class=\"vc_row wpb_row section vc_row-fluid secundari grid_section\" style=' text-align:left;'><div class=\" section_inner clearfix\"><div class='section_inner_margin clearfix'><div class=\"wpb_column vc_column_container vc_col-sm-12\"><div class=\"vc_column-inner\"><div class=\"wpb_wrapper\">\n\t<div class=\"wpb_text_column wpb_content_element  introtext\" >\n\t\t<div class=\"wpb_wrapper\">\n\t\t\t<h2>Los miembros del Equipo Mediterr\u00e0nia<\/h2>\n<p>Aqu\u00ed encontrar\u00e1s las personas que forman la Escuela, en nuestros distintos campos de acci\u00f3n i departamentos, adem\u00e1s de servicios adicionales que ofrecemos a nuestros alumnos (fisioterapia, diet\u00e9tica, etc.)<\/p>\n\n\t\t<\/div>\n\t<\/div>\n<div class=\"vc_empty_space\"   style=\"height: 30px\"><span class=\"vc_empty_space_inner\"><\/span><\/div><div class=\"vc_row wpb_row vc_inner vc_row-fluid equipblock vc_column-gap-20 vc_row-o-equal-height vc_row-flex\"><div class=\"wpb_column vc_column_container vc_col-sm-4\"><div class=\"vc_column-inner\"><div class=\"wpb_wrapper\">\n\t<div class=\"wpb_single_image wpb_content_element vc_align_left  element_from_left\">\n\t\t<div>\n\t\t<div class=\"wpb_wrapper\">\n\t\t\t\n\t\t\t<img decoding=\"async\" width=\"481\" height=\"616\" data-src=\"https:\/\/mediterraniaescola.cat\/wp-content\/uploads\/2016\/10\/Betlem-e1626189907771.jpg\" class=\"attachment-full lazyload\" alt=\"\" title=\"Betlem\" src=\"data:image\/svg+xml;base64,PHN2ZyB3aWR0aD0iMSIgaGVpZ2h0PSIxIiB4bWxucz0iaHR0cDovL3d3dy53My5vcmcvMjAwMC9zdmciPjwvc3ZnPg==\" style=\"--smush-placeholder-width: 481px; --smush-placeholder-aspect-ratio: 481\/616;\" \/>\n\t\t<\/div> \n\t\t<\/div>\n\t<\/div> \n\t<div class=\"wpb_text_column wpb_content_element \" >\n\t\t<div class=\"wpb_wrapper\">\n\t\t\t<h2>Betlem Burcet<\/h2>\n\n\t\t<\/div>\n\t<\/div>\n\n\t<div class=\"wpb_text_column wpb_content_element \" >\n\t\t<div class=\"wpb_wrapper\">\n\t\t\t<h4>Direcci\u00f3n<\/h4>\n\n\t\t<\/div>\n\t<\/div>\n\n\t<div class=\"wpb_text_column wpb_content_element  equiptext\" >\n\t\t<div class=\"wpb_wrapper\">\n\t\t\t<p><span style=\"font-weight: 400;\">(Bescan\u00f3, 1987) . Desde los 4 a\u00f1os se ha formado en<\/span><span style=\"font-weight: 400;\">: <\/span><span style=\"font-weight: 400;\">\u00a0danza cl\u00e1sica, car\u00e1cter, claqu\u00e9, flamenco y danza catalana.\u00a0<\/span>Hace m\u00e1s de 10 a\u00f1os que se dedica a la docencia tanto en los \u00e1mbitos de la m\u00fasica como en la danza.\u00a0<span style=\"font-weight: 400;\">M\u00e1ster en Danza irlandesa por la Universidad de Limerick.\u00a0<\/span><span style=\"font-weight: 400;\">Profesora de <\/span><span style=\"font-weight: 400;\">Educaci\u00f3n Primaria del Departamento de Educaci\u00f3n de la Generalidad de Catalu\u00f1a<\/span><span style=\"font-weight: 400;\">.\u00a0<\/span><span style=\"font-weight: 400;\">Grado medio de m\u00fasica en la Especialidad de Piano.\u00a0<\/span>Cursos de formaci\u00f3n continuada en Irlanda, Francia e Inglaterra con los profesores de diversos espect\u00e1culos como <i>Lord of the dance, Riverdance, Fusion Fighters <\/i>o <i>Prodijig<\/i>.\u00a0<span style=\"font-weight: 400;\">Fundadora y Directora<\/span><span style=\"font-weight: 400;\"> de la Escuela Mediterr\u00e0nia de danza irlandesa.\u00a0<\/span><span style=\"font-weight: 400;\">Directora <\/span><span style=\"font-weight: 400;\">del proyecto de la compa\u00f1\u00eda de danza.<\/span><\/p>\n\n\t\t<\/div>\n\t<\/div>\n<\/div><\/div><\/div><div class=\"wpb_column vc_column_container vc_col-sm-4\"><div class=\"vc_column-inner\"><div class=\"wpb_wrapper\">\n\t<div class=\"wpb_single_image wpb_content_element vc_align_left  element_from_left\">\n\t\t<div>\n\t\t<div class=\"wpb_wrapper\">\n\t\t\t\n\t\t\t<img decoding=\"async\" width=\"407\" height=\"577\" data-src=\"https:\/\/mediterraniaescola.cat\/wp-content\/uploads\/2021\/06\/IMG-20210418-WA0008_4-e1626187951300.jpg\" class=\"attachment-full lazyload\" alt=\"\" title=\"IMG-20210418-WA0008_4\" src=\"data:image\/svg+xml;base64,PHN2ZyB3aWR0aD0iMSIgaGVpZ2h0PSIxIiB4bWxucz0iaHR0cDovL3d3dy53My5vcmcvMjAwMC9zdmciPjwvc3ZnPg==\" style=\"--smush-placeholder-width: 407px; --smush-placeholder-aspect-ratio: 407\/577;\" \/>\n\t\t<\/div> \n\t\t<\/div>\n\t<\/div> \n\t<div class=\"wpb_text_column wpb_content_element \" >\n\t\t<div class=\"wpb_wrapper\">\n\t\t\t<h2>Cynthia Couriel<\/h2>\n\n\t\t<\/div>\n\t<\/div>\n\n\t<div class=\"wpb_text_column wpb_content_element \" >\n\t\t<div class=\"wpb_wrapper\">\n\t\t\t<h4>Profesora<\/h4>\n\n\t\t<\/div>\n\t<\/div>\n\n\t<div class=\"wpb_text_column wpb_content_element  equiptext\" >\n\t\t<div class=\"wpb_wrapper\">\n\t\t\t<p>Buenos Aires, 1982) Desde un adolescente, cuando entr\u00f3 en contacto con la cultura irlandesa y su danza, se sinti\u00f3 apasionado por esta disciplina art\u00edstica. Se form\u00f3 en teatro y danza cl\u00e1sica, neocl\u00e1sica y contempor\u00e1nea con profesores formados en la Real Academia de Danza. Licenciado en Psicolog\u00eda y M\u00e1ster en Investigaci\u00f3n en Did\u00e1ctica Espec\u00edfica por la Universitat de Val\u00e8ncia. Con experiencia en el \u00e1rea de animaci\u00f3n sociocultural, ha trabajado con grupos de adolescentes en EEUU y Canad\u00e1. Profesora de lenguas extranjeras, su carrera docente comenz\u00f3 en 2003. Sus primeros pasos en la danza irlandesa la dio kilkenny en 1999, pero dada la falta de oferta formativa en casa, pasaron muchos a\u00f1os hasta que pudo participar en cursos de formaci\u00f3n en Romford (Inglaterra) o con la profesora Rhoda McBride en Valencia y finalmente con Bel\u00e9n Burcet en Barcelona. Miembro y coordinador de actividades relacionadas con la danza en la Asociaci\u00f3n Cultural Irlandesa de Valencia. Desde 2016 es responsable de formaci\u00f3n en la sede mediterr\u00e1nea de Valencia.<\/p>\n\n\t\t<\/div>\n\t<\/div>\n<\/div><\/div><\/div><div class=\"wpb_column vc_column_container vc_col-sm-4\"><div class=\"vc_column-inner\"><div class=\"wpb_wrapper\">\n\t<div class=\"wpb_single_image wpb_content_element vc_align_left  element_from_left\">\n\t\t<div>\n\t\t<div class=\"wpb_wrapper\">\n\t\t\t\n\t\t\t<img decoding=\"async\" width=\"323\" height=\"342\" data-src=\"https:\/\/mediterraniaescola.cat\/wp-content\/uploads\/2021\/07\/Captura-de-pantalla-2021-07-13-a-les-16.49.54.png\" class=\"attachment-full lazyload\" alt=\"\" title=\"Captura de pantalla 2021-07-13 a les 16.49.54\" data-srcset=\"https:\/\/mediterraniaescola.cat\/wp-content\/uploads\/2021\/07\/Captura-de-pantalla-2021-07-13-a-les-16.49.54.png 323w, https:\/\/mediterraniaescola.cat\/wp-content\/uploads\/2021\/07\/Captura-de-pantalla-2021-07-13-a-les-16.49.54-283x300.png 283w\" data-sizes=\"(max-width: 323px) 100vw, 323px\" src=\"data:image\/svg+xml;base64,PHN2ZyB3aWR0aD0iMSIgaGVpZ2h0PSIxIiB4bWxucz0iaHR0cDovL3d3dy53My5vcmcvMjAwMC9zdmciPjwvc3ZnPg==\" style=\"--smush-placeholder-width: 323px; --smush-placeholder-aspect-ratio: 323\/342;\" \/>\n\t\t<\/div> \n\t\t<\/div>\n\t<\/div> \n\t<div class=\"wpb_text_column wpb_content_element \" >\n\t\t<div class=\"wpb_wrapper\">\n\t\t\t<h2>Genny Smyth<\/h2>\n\n\t\t<\/div>\n\t<\/div>\n\n\t<div class=\"wpb_text_column wpb_content_element \" >\n\t\t<div class=\"wpb_wrapper\">\n\t\t\t<h4>Profesora<\/h4>\n\n\t\t<\/div>\n\t<\/div>\n\n\t<div class=\"wpb_text_column wpb_content_element  equiptext\" >\n\t\t<div class=\"wpb_wrapper\">\n\t\t\t<p>Genevieve Smyth, nacida en Irlanda, lleg\u00f3 a Barcelona a la edad de 20 a\u00f1os. Es profesora de primaria, Mag\u00edster en Pedagog\u00eda y Musicoterapia Transcultural. Ha crecido en medio de la m\u00fasica irlandesa y se ha formado como autodidacta en varios instrumentos como el acorde\u00f3n, la flauta o el bodhr\u00e0n. Ha tocado en el grupo de m\u00fasica tradicional irlandesa de Girona Celticats desde 2016. Actualmente como musicoterapeuta realiza sesiones tanto para adultos como para ni\u00f1os para trabajar en diferentes condiciones. Dentro de la escuela mediterr\u00e1nea organiza monogr\u00e1ficos sobre el idioma, leyendas, canciones y tradiciones de Irlanda cada trimestre en el centro c\u00edvico ter de Girona. su grupo irish celtics tradujo en Girona desde 2016. Vive en Caldes de Malavella y realiza sesiones de terapia con adultos y ni\u00f1os.<\/p>\n\n\t\t<\/div>\n\t<\/div>\n<\/div><\/div><\/div><\/div><\/div><\/div><\/div><\/div><\/div><\/div>\n<\/div>","protected":false},"excerpt":{"rendered":"Profesionales especialistas Trabajamos con un equipo de profesionales motivados por la metodolog\u00eda que ofrecemos. Es un equipo joven e ilusionado por su trabajo, que suma calidad y valor en la Escuela. \u201cTodo nuestro equipo hemos crecido bailando, cuando \u00e9ramos peque\u00f1os hac\u00edamos los deberes, toc\u00e1bamos el...","protected":false},"author":2,"featured_media":0,"parent":2802,"menu_order":2,"comment_status":"closed","ping_status":"closed","template":"full_width.php","meta":{"footnotes":""},"class_list":["post-2641","page","type-page","status-publish","hentry"],"yoast_head":"<!-- This site is optimized with the Yoast SEO plugin v27.4 - https:\/\/yoast.com\/product\/yoast-seo-wordpress\/ -->\n<title>Nuestro Equipo - Mediterr\u00e0nia Escola de Dansa Irlandesa<\/title>\n<meta name=\"robots\" content=\"index, follow, max-snippet:-1, max-image-preview:large, max-video-preview:-1\" \/>\n<link rel=\"canonical\" href=\"https:\/\/mediterraniaescola.cat\/lescola-que-et-fara-sentir-com-a-irlanda\/equip-docent\/\" \/>\n<meta property=\"og:locale\" content=\"es_ES\" \/>\n<meta property=\"og:type\" content=\"article\" \/>\n<meta property=\"og:title\" content=\"Nuestro Equipo - Mediterr\u00e0nia Escola de Dansa Irlandesa\" \/>\n<meta property=\"og:url\" content=\"https:\/\/mediterraniaescola.cat\/lescola-que-et-fara-sentir-com-a-irlanda\/equip-docent\/\" \/>\n<meta property=\"og:site_name\" content=\"Mediterr\u00e0nia Escola de Dansa Irlandesa\" \/>\n<meta property=\"article:publisher\" content=\"https:\/\/www.facebook.com\/MediterraniaEscolaDeDansaIrlandesa\/\" \/>\n<meta property=\"article:modified_time\" content=\"2021-07-20T09:12:36+00:00\" \/>\n<meta name=\"twitter:card\" content=\"summary_large_image\" \/>\n<meta name=\"twitter:label1\" content=\"Tiempo de lectura\" \/>\n\t<meta name=\"twitter:data1\" content=\"4 minutos\" \/>\n<script type=\"application\/ld+json\" class=\"yoast-schema-graph\">{\"@context\":\"https:\\\/\\\/schema.org\",\"@graph\":[{\"@type\":\"WebPage\",\"@id\":\"https:\\\/\\\/mediterraniaescola.cat\\\/lescola-que-et-fara-sentir-com-a-irlanda\\\/equip-docent\\\/\",\"url\":\"https:\\\/\\\/mediterraniaescola.cat\\\/lescola-que-et-fara-sentir-com-a-irlanda\\\/equip-docent\\\/\",\"name\":\"Nuestro Equipo - Mediterr\u00e0nia Escola de Dansa Irlandesa\",\"isPartOf\":{\"@id\":\"https:\\\/\\\/mediterraniaescola.cat\\\/#website\"},\"datePublished\":\"2016-10-25T14:52:28+00:00\",\"dateModified\":\"2021-07-20T09:12:36+00:00\",\"breadcrumb\":{\"@id\":\"https:\\\/\\\/mediterraniaescola.cat\\\/lescola-que-et-fara-sentir-com-a-irlanda\\\/equip-docent\\\/#breadcrumb\"},\"inLanguage\":\"es\",\"potentialAction\":[{\"@type\":\"ReadAction\",\"target\":[\"https:\\\/\\\/mediterraniaescola.cat\\\/lescola-que-et-fara-sentir-com-a-irlanda\\\/equip-docent\\\/\"]}]},{\"@type\":\"BreadcrumbList\",\"@id\":\"https:\\\/\\\/mediterraniaescola.cat\\\/lescola-que-et-fara-sentir-com-a-irlanda\\\/equip-docent\\\/#breadcrumb\",\"itemListElement\":[{\"@type\":\"ListItem\",\"position\":1,\"name\":\"Inici\",\"item\":\"https:\\\/\\\/mediterraniaescola.cat\\\/es\\\/\"},{\"@type\":\"ListItem\",\"position\":2,\"name\":\"Escuela\",\"item\":\"https:\\\/\\\/mediterraniaescola.cat\\\/lescola-que-et-fara-sentir-com-a-irlanda\\\/\"},{\"@type\":\"ListItem\",\"position\":3,\"name\":\"Nuestro Equipo\"}]},{\"@type\":\"WebSite\",\"@id\":\"https:\\\/\\\/mediterraniaescola.cat\\\/#website\",\"url\":\"https:\\\/\\\/mediterraniaescola.cat\\\/\",\"name\":\"Mediterr\u00e0nia Escola de Dansa Irlandesa\",\"description\":\"Girona, Barcelona i Vic\",\"publisher\":{\"@id\":\"https:\\\/\\\/mediterraniaescola.cat\\\/#organization\"},\"alternateName\":\"Mediterr\u00e0nia\",\"potentialAction\":[{\"@type\":\"SearchAction\",\"target\":{\"@type\":\"EntryPoint\",\"urlTemplate\":\"https:\\\/\\\/mediterraniaescola.cat\\\/?s={search_term_string}\"},\"query-input\":{\"@type\":\"PropertyValueSpecification\",\"valueRequired\":true,\"valueName\":\"search_term_string\"}}],\"inLanguage\":\"es\"},{\"@type\":\"Organization\",\"@id\":\"https:\\\/\\\/mediterraniaescola.cat\\\/#organization\",\"name\":\"Mediterr\u00e0nia\",\"url\":\"https:\\\/\\\/mediterraniaescola.cat\\\/\",\"logo\":{\"@type\":\"ImageObject\",\"inLanguage\":\"es\",\"@id\":\"https:\\\/\\\/mediterraniaescola.cat\\\/#\\\/schema\\\/logo\\\/image\\\/\",\"url\":\"http:\\\/\\\/mediterraniaescola.cat\\\/wp-content\\\/uploads\\\/2017\\\/05\\\/mediterrania_logo.png\",\"contentUrl\":\"http:\\\/\\\/mediterraniaescola.cat\\\/wp-content\\\/uploads\\\/2017\\\/05\\\/mediterrania_logo.png\",\"width\":264,\"height\":123,\"caption\":\"Mediterr\u00e0nia\"},\"image\":{\"@id\":\"https:\\\/\\\/mediterraniaescola.cat\\\/#\\\/schema\\\/logo\\\/image\\\/\"},\"sameAs\":[\"https:\\\/\\\/www.facebook.com\\\/MediterraniaEscolaDeDansaIrlandesa\\\/\",\"https:\\\/\\\/www.instagram.com\\\/mediterraniairishdanceschool\\\/\"]}]}<\/script>\n<!-- \/ Yoast SEO plugin. -->","yoast_head_json":{"title":"Nuestro Equipo - Mediterr\u00e0nia Escola de Dansa Irlandesa","robots":{"index":"index","follow":"follow","max-snippet":"max-snippet:-1","max-image-preview":"max-image-preview:large","max-video-preview":"max-video-preview:-1"},"canonical":"https:\/\/mediterraniaescola.cat\/lescola-que-et-fara-sentir-com-a-irlanda\/equip-docent\/","og_locale":"es_ES","og_type":"article","og_title":"Nuestro Equipo - Mediterr\u00e0nia Escola de Dansa Irlandesa","og_url":"https:\/\/mediterraniaescola.cat\/lescola-que-et-fara-sentir-com-a-irlanda\/equip-docent\/","og_site_name":"Mediterr\u00e0nia Escola de Dansa Irlandesa","article_publisher":"https:\/\/www.facebook.com\/MediterraniaEscolaDeDansaIrlandesa\/","article_modified_time":"2021-07-20T09:12:36+00:00","twitter_card":"summary_large_image","twitter_misc":{"Tiempo de lectura":"4 minutos"},"schema":{"@context":"https:\/\/schema.org","@graph":[{"@type":"WebPage","@id":"https:\/\/mediterraniaescola.cat\/lescola-que-et-fara-sentir-com-a-irlanda\/equip-docent\/","url":"https:\/\/mediterraniaescola.cat\/lescola-que-et-fara-sentir-com-a-irlanda\/equip-docent\/","name":"Nuestro Equipo - Mediterr\u00e0nia Escola de Dansa Irlandesa","isPartOf":{"@id":"https:\/\/mediterraniaescola.cat\/#website"},"datePublished":"2016-10-25T14:52:28+00:00","dateModified":"2021-07-20T09:12:36+00:00","breadcrumb":{"@id":"https:\/\/mediterraniaescola.cat\/lescola-que-et-fara-sentir-com-a-irlanda\/equip-docent\/#breadcrumb"},"inLanguage":"es","potentialAction":[{"@type":"ReadAction","target":["https:\/\/mediterraniaescola.cat\/lescola-que-et-fara-sentir-com-a-irlanda\/equip-docent\/"]}]},{"@type":"BreadcrumbList","@id":"https:\/\/mediterraniaescola.cat\/lescola-que-et-fara-sentir-com-a-irlanda\/equip-docent\/#breadcrumb","itemListElement":[{"@type":"ListItem","position":1,"name":"Inici","item":"https:\/\/mediterraniaescola.cat\/es\/"},{"@type":"ListItem","position":2,"name":"Escuela","item":"https:\/\/mediterraniaescola.cat\/lescola-que-et-fara-sentir-com-a-irlanda\/"},{"@type":"ListItem","position":3,"name":"Nuestro Equipo"}]},{"@type":"WebSite","@id":"https:\/\/mediterraniaescola.cat\/#website","url":"https:\/\/mediterraniaescola.cat\/","name":"Mediterr\u00e0nia Escola de Dansa Irlandesa","description":"Girona, Barcelona i Vic","publisher":{"@id":"https:\/\/mediterraniaescola.cat\/#organization"},"alternateName":"Mediterr\u00e0nia","potentialAction":[{"@type":"SearchAction","target":{"@type":"EntryPoint","urlTemplate":"https:\/\/mediterraniaescola.cat\/?s={search_term_string}"},"query-input":{"@type":"PropertyValueSpecification","valueRequired":true,"valueName":"search_term_string"}}],"inLanguage":"es"},{"@type":"Organization","@id":"https:\/\/mediterraniaescola.cat\/#organization","name":"Mediterr\u00e0nia","url":"https:\/\/mediterraniaescola.cat\/","logo":{"@type":"ImageObject","inLanguage":"es","@id":"https:\/\/mediterraniaescola.cat\/#\/schema\/logo\/image\/","url":"https:\/\/mediterraniaescola.cat\/wp-content\/uploads\/2017\/05\/mediterrania_logo.png","contentUrl":"https:\/\/mediterraniaescola.cat\/wp-content\/uploads\/2017\/05\/mediterrania_logo.png","width":264,"height":123,"caption":"Mediterr\u00e0nia"},"image":{"@id":"https:\/\/mediterraniaescola.cat\/#\/schema\/logo\/image\/"},"sameAs":["https:\/\/www.facebook.com\/MediterraniaEscolaDeDansaIrlandesa\/","https:\/\/www.instagram.com\/mediterraniairishdanceschool\/"]}]}},"_links":{"self":[{"href":"https:\/\/mediterraniaescola.cat\/es\/wp-json\/wp\/v2\/pages\/2641","targetHints":{"allow":["GET"]}}],"collection":[{"href":"https:\/\/mediterraniaescola.cat\/es\/wp-json\/wp\/v2\/pages"}],"about":[{"href":"https:\/\/mediterraniaescola.cat\/es\/wp-json\/wp\/v2\/types\/page"}],"author":[{"embeddable":true,"href":"https:\/\/mediterraniaescola.cat\/es\/wp-json\/wp\/v2\/users\/2"}],"replies":[{"embeddable":true,"href":"https:\/\/mediterraniaescola.cat\/es\/wp-json\/wp\/v2\/comments?post=2641"}],"version-history":[{"count":0,"href":"https:\/\/mediterraniaescola.cat\/es\/wp-json\/wp\/v2\/pages\/2641\/revisions"}],"up":[{"embeddable":true,"href":"https:\/\/mediterraniaescola.cat\/es\/wp-json\/wp\/v2\/pages\/2802"}],"wp:attachment":[{"href":"https:\/\/mediterraniaescola.cat\/es\/wp-json\/wp\/v2\/media?parent=2641"}],"curies":[{"name":"wp","href":"https:\/\/api.w.org\/{rel}","templated":true}]}}