{"id":2643,"date":"2016-10-27T14:20:04","date_gmt":"2016-10-27T12:20:04","guid":{"rendered":"http:\/\/mediterraniadeb.joangwilkinson.com\/direccio-betlem-burcet\/"},"modified":"2021-08-27T18:03:15","modified_gmt":"2021-08-27T16:03:15","slug":"direccio-betlem-burcet","status":"publish","type":"page","link":"https:\/\/mediterraniaescola.cat\/es\/escuela\/direccio-betlem-burcet\/","title":{"rendered":"Direcci\u00f3n: Betlem Burcet"},"content":{"rendered":"<div class=\"wpb-content-wrapper\"><div    class=\"vc_row wpb_row section vc_row-fluid principal grid_section\" style=' text-align:left;'><div class=\" section_inner clearfix\"><div class='section_inner_margin clearfix'><div class=\"wpb_column vc_column_container vc_col-sm-12\"><div class=\"vc_column-inner vc_custom_1495108424655\"><div class=\"wpb_wrapper\"><div class=\"vc_row wpb_row vc_inner vc_row-fluid vc_column-gap-20\"><div class=\"wpb_column vc_column_container vc_col-sm-8\"><div class=\"vc_column-inner\"><div class=\"wpb_wrapper\">\n\t<div class=\"wpb_single_image wpb_content_element vc_align_left\">\n\t\t<div>\n\t\t<div class=\"wpb_wrapper\">\n\t\t\t\n\t\t\t<img decoding=\"async\" width=\"900\" height=\"540\" data-src=\"https:\/\/mediterraniaescola.cat\/wp-content\/uploads\/2016\/10\/mediterrania006.jpg\" class=\"attachment-full lazyload\" alt=\"\" title=\"mediterrania006\" data-srcset=\"https:\/\/mediterraniaescola.cat\/wp-content\/uploads\/2016\/10\/mediterrania006.jpg 900w, https:\/\/mediterraniaescola.cat\/wp-content\/uploads\/2016\/10\/mediterrania006-300x180.jpg 300w, https:\/\/mediterraniaescola.cat\/wp-content\/uploads\/2016\/10\/mediterrania006-768x461.jpg 768w\" data-sizes=\"(max-width: 900px) 100vw, 900px\" src=\"data:image\/svg+xml;base64,PHN2ZyB3aWR0aD0iMSIgaGVpZ2h0PSIxIiB4bWxucz0iaHR0cDovL3d3dy53My5vcmcvMjAwMC9zdmciPjwvc3ZnPg==\" style=\"--smush-placeholder-width: 900px; --smush-placeholder-aspect-ratio: 900\/540;\" \/>\n\t\t<\/div> \n\t\t<\/div>\n\t<\/div> <div class=\"vc_empty_space\"   style=\"height: 32px\"><span class=\"vc_empty_space_inner\"><\/span><\/div>\n\t<div class=\"wpb_text_column wpb_content_element  introcita\" >\n\t\t<div class=\"wpb_wrapper\">\n\t\t\t<p><span style=\"font-weight: 400;\">\u00abMi objetivo es transmitir todas mis vivencias, para hacer llegar a mis alumnos todo este conocimiento, alentarlos para que sigan mejorando, disfrutando del aprendizaje, los viajes, de un ambiente agradable y acogedor dentro de la escuela. Quiero una escuela que aparte de aprender a bailar, los alumnos entiendan de d\u00f3nde proviene cada una de las cosas que aprenden, sus or\u00edgenes, su tradici\u00f3n musical, los hechos hist\u00f3ricos que se han dado. Cre<\/span><span style=\"font-weight: 400;\">o q<\/span><span style=\"font-weight: 400;\">ue el hecho de haber vivido all\u00ed, me ha ayudado a captar los detalles y entender la complejidad de la danza irlandesa actual. \u00ab<\/span>\u00a0&#8211; <strong>Betlem Burcet<\/strong><\/p>\n\n\t\t<\/div>\n\t<\/div>\n\n\t<div class=\"wpb_text_column wpb_content_element \" >\n\t\t<div class=\"wpb_wrapper\">\n\t\t\t<p>El 2012 deja su trabajo como docente por la Generalitat de Catalunya, para hacer una apuesta en su formaci\u00f3n. Se traslada a vivir a Irlanda para formarse en estudios superiores, becada por la\u00a0<a href=\"http:\/\/www.marie-duffy-foundation.com\/\">Marie Duffy\u00a0Foundation<\/a>, Core\u00f2grafa de <a href=\"http:\/\/www.lordofthedance.com\/\">Lord of the Dance<\/a>.<\/p>\n<p>Supera la prueba de acceso, y entra a la \u00a0<a href=\"http:\/\/www.irishworldacademy.ie\/\">Irish World Academy of Music and Dance<\/a>\u00a0de la Universidad de Limerick, para ocupar una de las tres plazas del M\u00e0ster en Traditional Irish Dance Performance. Ese mismo a\u00f1o queda Tercera en los campeonatos mundiales de danza irlandesa de la\u00a0<a href=\"http:\/\/www.irish.dance\/\">WIDA<\/a>.<\/p>\n<p>Apassionada de la ense\u00f1anza y con su buen humor y pedagogia, transmite su amor para la danza irlandesa \u00e9s a principios del 2013 que empieza su propio proyecto \u00a0\u2018Mediterr\u00e0nia Escola de Dansa Irlandesa&#8217;\u00a0un laboratorio de tradici\u00f3n y innovacion que integra passos creados hace mas de dos siglos con innovadoras coreograf\u00edas actuales creadas por ella misma para todos sus alumnos.<\/p>\n\n\t\t<\/div>\n\t<\/div>\n\n\t<div class=\"wpb_single_image wpb_content_element vc_align_left\">\n\t\t<div>\n\t\t<div class=\"wpb_wrapper\">\n\t\t\t\n\t\t\t<img decoding=\"async\" width=\"3880\" height=\"2587\" data-src=\"https:\/\/mediterraniaescola.cat\/wp-content\/uploads\/2018\/07\/42287908665_61a8a0896b_o.jpg\" class=\"attachment-full lazyload\" alt=\"\" title=\"42287908665_61a8a0896b_o\" data-srcset=\"https:\/\/mediterraniaescola.cat\/wp-content\/uploads\/2018\/07\/42287908665_61a8a0896b_o.jpg 3880w, https:\/\/mediterraniaescola.cat\/wp-content\/uploads\/2018\/07\/42287908665_61a8a0896b_o-300x200.jpg 300w, https:\/\/mediterraniaescola.cat\/wp-content\/uploads\/2018\/07\/42287908665_61a8a0896b_o-768x512.jpg 768w, https:\/\/mediterraniaescola.cat\/wp-content\/uploads\/2018\/07\/42287908665_61a8a0896b_o-1024x683.jpg 1024w, https:\/\/mediterraniaescola.cat\/wp-content\/uploads\/2018\/07\/42287908665_61a8a0896b_o-480x320.jpg 480w\" data-sizes=\"(max-width: 3880px) 100vw, 3880px\" src=\"data:image\/svg+xml;base64,PHN2ZyB3aWR0aD0iMSIgaGVpZ2h0PSIxIiB4bWxucz0iaHR0cDovL3d3dy53My5vcmcvMjAwMC9zdmciPjwvc3ZnPg==\" style=\"--smush-placeholder-width: 3880px; --smush-placeholder-aspect-ratio: 3880\/2587;\" \/>\n\t\t<\/div> \n\t\t<\/div>\n\t<\/div> <div class=\"vc_empty_space\"   style=\"height: 32px\"><span class=\"vc_empty_space_inner\"><\/span><\/div>\n\t<div class=\"wpb_text_column wpb_content_element  introcita\" >\n\t\t<div class=\"wpb_wrapper\">\n\t\t\t<p><span style=\"font-weight: 400;\">\u00abLa danza irlandesa es mi vida, de jovencita form\u00e9 parte de todos los grupos existentes actualmente en Catalu\u00f1a, y decid\u00ed seguir form\u00e1ndome en el extranjero. Siempre he estado luchando por mejorar en esta disciplina. Recuerdo una ni\u00f1a emocionada de 12 a\u00f1os mirando <\/span><i><span style=\"font-weight: 400;\">Lord of the Dance<\/span><\/i><span style=\"font-weight: 400;\"> en el comedor de casa. Yo quiero hacer esto, le dije a mi madre; lo que no me imaginaba, es que un d\u00eda ser\u00eda <\/span><span style=\"font-weight: 400;\">tercera campeona a nivel mundial. \u00ab- Betlem<\/span><span style=\"font-weight: 400;\"> Burcet<\/span><\/p>\n\n\t\t<\/div>\n\t<\/div>\n<\/div><\/div><\/div><div class=\"sidebar wpb_column vc_column_container vc_col-sm-4\"><div class=\"vc_column-inner\"><div class=\"wpb_wrapper\">\n\t<div class=\"wpb_text_column wpb_content_element \" >\n\t\t<div class=\"wpb_wrapper\">\n\t\t\t<h4>Informaci\u00f3 Professional<\/h4>\n\n\t\t<\/div>\n\t<\/div>\n\n\t<div class=\"wpb_text_column wpb_content_element \" >\n\t\t<div class=\"wpb_wrapper\">\n\t\t\t<p><span style=\"font-weight: 400;\">2017- Moxie\u00a0<\/span><\/p>\n<p><span style=\"font-weight: 400;\">2016- Celtas Cortos-Girona- Bailarina de danza irlandesa.<\/span><\/p>\n<p><span style=\"font-weight: 400;\">2016- Luar na Lubre &#8211; Teatro Kursaal de Manresa- bailarina de danza irlandesa<\/span><\/p>\n<p><span style=\"font-weight: 400;\">2016- Coreograf\u00eda en \u201cDanza de Agosto,\u201d de Ferran Utzet , La Perla 29. Barcelona.<\/span><\/p>\n<p><span style=\"font-weight: 400;\">2015 \u00a0Paddy Moloney, Carlos N\u00fa\u00f1ez y Luar na Lubre \u00a0&#8211; bailarina de danza irlandesa.<\/span><\/p>\n<p><span style=\"font-weight: 400;\">2015 \u00a0Actuaciones en el Palau de la M\u00fasica Catalana, \u00a0el C.A.T. ( Centro Artes\u00e0 Tradicion\u00e0rius) y otros en Barcelona. <\/span><\/p>\n<p><span style=\"font-weight: 400;\">2014 \u00a0\u00a0Profesora oficial en danza irlandesa &#8211; Primera catalana en obtener la<\/span><\/p>\n<p><span style=\"font-weight: 400;\">Titulaci\u00f3n oficial espec\u00edfica de la W.I.D.A. \u00a0para impartir danza irlandesa <\/span><\/p>\n<p><span style=\"font-weight: 400;\">2014 \u00a0\u00a0Worlds &amp; Europeans &#8211; 2014 &#8211; 5\u00aa en los Mundiales y 5\u00aa en los Europeos.<\/span><\/p>\n<p><span style=\"font-weight: 400;\">2013 \u00a0\u00a0Fundaci\u00f3n de la \u00a0Mediterr\u00e1nia Escuela de Danza Irlandesa en Catalu\u00f1a \u00a0&#8211; Directora y profesora. <\/span><\/p>\n<p><span style=\"font-weight: 400;\">2013 \u00a0\u00a0\u00a0University of Limerick &#8211; \u00a0Master en Danza Irlandesa de la I<\/span><i><span style=\"font-weight: 400;\">rish World Academy of Music and Dance<\/span><\/i><\/p>\n<p><span style=\"font-weight: 400;\">2013 \u00a0\u00a0\u00a0\u00a0\u00a0\u00a0\u00a0Campeonatos Mundiales de Danza Irlandesa &#8216;World ID Championships&#8217; &#8211; \u00a03\u00aa clasificada. (D\u00fcsseldorf).<\/span><\/p>\n<p><span style=\"font-weight: 400;\">2013 \u00a0\u00a0\u00a0\u00a0\u00a0\u00a0\u00a06\u00aa clasificada en los Campeonatos <\/span><i><span style=\"font-weight: 400;\">\u00a0Europeans. <\/span><\/i><span style=\"font-weight: 400;\">(D\u00fcsseldorf)<\/span><\/p>\n<p><span style=\"font-weight: 400;\">2008-2016 \u00a0\u00a0\u00a0Generalidad de Catalu\u00f1a- Departamento de Ense\u00f1anza &#8211; Maestra Especialista de m\u00fasica y danza, educaci\u00f3n \u00a0Primaria<\/span><\/p>\n<p><span style=\"font-weight: 400;\">2010-2012 \u00a0\u00a0\u00a0Fundadora y profesora de la escuela \u201cAires celtas \/ Maria Cingal ID school \u00a0e Barcelona. <\/span><\/p>\n<p><span style=\"font-weight: 400;\">2008 \u00a0\u00a0\u00a0Universidad de Girona &#8211; Postgrado en Musicoterapia<\/span><\/p>\n<p><span style=\"font-weight: 400;\">2006 \u00a0\u00a0\u00a0Conservatorio Isaac Alb\u00e9niz Girona &#8211; Grado profesional de m\u00fasica, especialidad: Piano<\/span><\/p>\n\n\t\t<\/div>\n\t<\/div>\n\n\t<div class=\"wpb_single_image wpb_content_element vc_align_left\">\n\t\t<div>\n\t\t<div class=\"wpb_wrapper\">\n\t\t\t\n\t\t\t<img decoding=\"async\" width=\"900\" height=\"540\" data-src=\"https:\/\/mediterraniaescola.cat\/wp-content\/uploads\/2017\/03\/mediterrania028.jpg\" class=\"attachment-full lazyload\" alt=\"\" title=\"mediterrania028\" data-srcset=\"https:\/\/mediterraniaescola.cat\/wp-content\/uploads\/2017\/03\/mediterrania028.jpg 900w, https:\/\/mediterraniaescola.cat\/wp-content\/uploads\/2017\/03\/mediterrania028-300x180.jpg 300w, https:\/\/mediterraniaescola.cat\/wp-content\/uploads\/2017\/03\/mediterrania028-768x461.jpg 768w\" data-sizes=\"(max-width: 900px) 100vw, 900px\" src=\"data:image\/svg+xml;base64,PHN2ZyB3aWR0aD0iMSIgaGVpZ2h0PSIxIiB4bWxucz0iaHR0cDovL3d3dy53My5vcmcvMjAwMC9zdmciPjwvc3ZnPg==\" style=\"--smush-placeholder-width: 900px; --smush-placeholder-aspect-ratio: 900\/540;\" \/>\n\t\t<\/div> \n\t\t<\/div>\n\t<\/div> \n\t<div class=\"wpb_single_image wpb_content_element vc_align_left\">\n\t\t<div>\n\t\t<div class=\"wpb_wrapper\">\n\t\t\t\n\t\t\t<img decoding=\"async\" width=\"900\" height=\"540\" data-src=\"https:\/\/mediterraniaescola.cat\/wp-content\/uploads\/2017\/04\/mediterrania009.jpg\" class=\"attachment-full lazyload\" alt=\"\" title=\"mediterrania009\" data-srcset=\"https:\/\/mediterraniaescola.cat\/wp-content\/uploads\/2017\/04\/mediterrania009.jpg 900w, https:\/\/mediterraniaescola.cat\/wp-content\/uploads\/2017\/04\/mediterrania009-300x180.jpg 300w, https:\/\/mediterraniaescola.cat\/wp-content\/uploads\/2017\/04\/mediterrania009-768x461.jpg 768w\" data-sizes=\"(max-width: 900px) 100vw, 900px\" src=\"data:image\/svg+xml;base64,PHN2ZyB3aWR0aD0iMSIgaGVpZ2h0PSIxIiB4bWxucz0iaHR0cDovL3d3dy53My5vcmcvMjAwMC9zdmciPjwvc3ZnPg==\" style=\"--smush-placeholder-width: 900px; --smush-placeholder-aspect-ratio: 900\/540;\" \/>\n\t\t<\/div> \n\t\t<\/div>\n\t<\/div> \n\t<div class=\"wpb_single_image wpb_content_element vc_align_left\">\n\t\t<div>\n\t\t<div class=\"wpb_wrapper\">\n\t\t\t\n\t\t\t<img decoding=\"async\" width=\"900\" height=\"540\" data-src=\"https:\/\/mediterraniaescola.cat\/wp-content\/uploads\/2016\/10\/mediterrania015.jpg\" class=\"attachment-full lazyload\" alt=\"\" title=\"mediterrania015\" data-srcset=\"https:\/\/mediterraniaescola.cat\/wp-content\/uploads\/2016\/10\/mediterrania015.jpg 900w, https:\/\/mediterraniaescola.cat\/wp-content\/uploads\/2016\/10\/mediterrania015-300x180.jpg 300w, https:\/\/mediterraniaescola.cat\/wp-content\/uploads\/2016\/10\/mediterrania015-768x461.jpg 768w\" data-sizes=\"(max-width: 900px) 100vw, 900px\" src=\"data:image\/svg+xml;base64,PHN2ZyB3aWR0aD0iMSIgaGVpZ2h0PSIxIiB4bWxucz0iaHR0cDovL3d3dy53My5vcmcvMjAwMC9zdmciPjwvc3ZnPg==\" style=\"--smush-placeholder-width: 900px; --smush-placeholder-aspect-ratio: 900\/540;\" \/>\n\t\t<\/div> \n\t\t<\/div>\n\t<\/div> <\/div><\/div><\/div><\/div><\/div><\/div><\/div><\/div><\/div><\/div><div    class=\"vc_row wpb_row section vc_row-fluid secundari grid_section\" style=' text-align:left;'><div class=\" section_inner clearfix\"><div class='section_inner_margin clearfix'><div class=\"sidebar wpb_column vc_column_container vc_col-sm-12\"><div class=\"vc_column-inner\"><div class=\"wpb_wrapper\">\n\t<div class=\"wpb_text_column wpb_content_element  introtext\" >\n\t\t<div class=\"wpb_wrapper\">\n\t\t\t<h2>Videografia<\/h2>\n\n\t\t<\/div>\n\t<\/div>\n<div class=\"vc_row wpb_row vc_inner vc_row-fluid vc_column-gap-20\"><div class=\"wpb_column vc_column_container vc_col-sm-6\"><div class=\"vc_column-inner\"><div class=\"wpb_wrapper\">\n\t<div class=\"wpb_video_widget wpb_content_element vc_clearfix   vc_video-aspect-ratio-169 vc_video-el-width-100 vc_video-align-left\" >\n\t\t<div class=\"wpb_wrapper\">\n\t\t\t\n\t\t\t<div class=\"wpb_video_wrapper\"><iframe title=\"the BT project. BETLEM BURCET. Irish Dance\" width=\"1060\" height=\"596\" data-src=\"https:\/\/www.youtube.com\/embed\/TSvsERERYec?feature=oembed\" frameborder=\"0\" allow=\"accelerometer; autoplay; clipboard-write; encrypted-media; gyroscope; picture-in-picture\" allowfullscreen src=\"data:image\/svg+xml;base64,PHN2ZyB3aWR0aD0iMSIgaGVpZ2h0PSIxIiB4bWxucz0iaHR0cDovL3d3dy53My5vcmcvMjAwMC9zdmciPjwvc3ZnPg==\" class=\"lazyload\" data-load-mode=\"1\"><\/iframe><\/div>\n\t\t<\/div>\n\t<\/div>\n<\/div><\/div><\/div><div class=\"wpb_column vc_column_container vc_col-sm-6\"><div class=\"vc_column-inner\"><div class=\"wpb_wrapper\">\n\t<div class=\"wpb_video_widget wpb_content_element vc_clearfix   vc_video-aspect-ratio-169 vc_video-el-width-100 vc_video-align-left\" >\n\t\t<div class=\"wpb_wrapper\">\n\t\t\t\n\t\t\t<div class=\"wpb_video_wrapper\"><iframe width=\"1060\" height=\"596\" data-src=\"https:\/\/www.youtube.com\/embed\/GZJAWvI-WZc?feature=oembed\" frameborder=\"0\" allow=\"autoplay; encrypted-media\" allowfullscreen src=\"data:image\/svg+xml;base64,PHN2ZyB3aWR0aD0iMSIgaGVpZ2h0PSIxIiB4bWxucz0iaHR0cDovL3d3dy53My5vcmcvMjAwMC9zdmciPjwvc3ZnPg==\" class=\"lazyload\" data-load-mode=\"1\"><\/iframe><\/div>\n\t\t<\/div>\n\t<\/div>\n<\/div><\/div><\/div><\/div><div class=\"vc_row wpb_row vc_inner vc_row-fluid vc_column-gap-20\"><div class=\"wpb_column vc_column_container vc_col-sm-6\"><div class=\"vc_column-inner\"><div class=\"wpb_wrapper\">\n\t<div class=\"wpb_video_widget wpb_content_element vc_clearfix   vc_video-aspect-ratio-169 vc_video-el-width-100 vc_video-align-left\" >\n\t\t<div class=\"wpb_wrapper\">\n\t\t\t\n\t\t\t<div class=\"wpb_video_wrapper\"><iframe width=\"1060\" height=\"795\" data-src=\"https:\/\/www.youtube.com\/embed\/y7rPByGjMow?feature=oembed\" frameborder=\"0\" allowfullscreen src=\"data:image\/svg+xml;base64,PHN2ZyB3aWR0aD0iMSIgaGVpZ2h0PSIxIiB4bWxucz0iaHR0cDovL3d3dy53My5vcmcvMjAwMC9zdmciPjwvc3ZnPg==\" class=\"lazyload\" data-load-mode=\"1\"><\/iframe><\/div>\n\t\t<\/div>\n\t<\/div>\n<\/div><\/div><\/div><div class=\"wpb_column vc_column_container vc_col-sm-6\"><div class=\"vc_column-inner\"><div class=\"wpb_wrapper\">\n\t<div class=\"wpb_video_widget wpb_content_element vc_clearfix   vc_video-aspect-ratio-169 vc_video-el-width-100 vc_video-align-left\" >\n\t\t<div class=\"wpb_wrapper\">\n\t\t\t\n\t\t\t<div class=\"wpb_video_wrapper\"><iframe width=\"1060\" height=\"596\" data-src=\"https:\/\/www.youtube.com\/embed\/TXZdsWeC-As?feature=oembed\" frameborder=\"0\" allowfullscreen src=\"data:image\/svg+xml;base64,PHN2ZyB3aWR0aD0iMSIgaGVpZ2h0PSIxIiB4bWxucz0iaHR0cDovL3d3dy53My5vcmcvMjAwMC9zdmciPjwvc3ZnPg==\" class=\"lazyload\" data-load-mode=\"1\"><\/iframe><\/div>\n\t\t<\/div>\n\t<\/div>\n<\/div><\/div><\/div><\/div><div class=\"vc_row wpb_row vc_inner vc_row-fluid vc_column-gap-20\"><div class=\"wpb_column vc_column_container vc_col-sm-6\"><div class=\"vc_column-inner\"><div class=\"wpb_wrapper\">\n\t<div class=\"wpb_video_widget wpb_content_element vc_clearfix   vc_video-aspect-ratio-169 vc_video-el-width-100 vc_video-align-left\" >\n\t\t<div class=\"wpb_wrapper\">\n\t\t\t\n\t\t\t<div class=\"wpb_video_wrapper\"><iframe width=\"1060\" height=\"596\" data-src=\"https:\/\/www.youtube.com\/embed\/5MJc7YsOlUw?feature=oembed\" frameborder=\"0\" allowfullscreen src=\"data:image\/svg+xml;base64,PHN2ZyB3aWR0aD0iMSIgaGVpZ2h0PSIxIiB4bWxucz0iaHR0cDovL3d3dy53My5vcmcvMjAwMC9zdmciPjwvc3ZnPg==\" class=\"lazyload\" data-load-mode=\"1\"><\/iframe><\/div>\n\t\t<\/div>\n\t<\/div>\n<\/div><\/div><\/div><div class=\"wpb_column vc_column_container vc_col-sm-6\"><div class=\"vc_column-inner\"><div class=\"wpb_wrapper\">\n\t<div class=\"wpb_video_widget wpb_content_element vc_clearfix   vc_video-aspect-ratio-169 vc_video-el-width-100 vc_video-align-left\" >\n\t\t<div class=\"wpb_wrapper\">\n\t\t\t\n\t\t\t<div class=\"wpb_video_wrapper\"><iframe width=\"1060\" height=\"596\" data-src=\"https:\/\/www.youtube.com\/embed\/O98hQlS2G9U?feature=oembed\" frameborder=\"0\" allowfullscreen src=\"data:image\/svg+xml;base64,PHN2ZyB3aWR0aD0iMSIgaGVpZ2h0PSIxIiB4bWxucz0iaHR0cDovL3d3dy53My5vcmcvMjAwMC9zdmciPjwvc3ZnPg==\" class=\"lazyload\" data-load-mode=\"1\"><\/iframe><\/div>\n\t\t<\/div>\n\t<\/div>\n<\/div><\/div><\/div><\/div><\/div><\/div><\/div><\/div><\/div><\/div>\n<\/div>","protected":false},"excerpt":{"rendered":"\"Mi objetivo es transmitir todas mis vivencias, para hacer llegar a mis alumnos todo este conocimiento, alentarlos para que sigan mejorando, disfrutando del aprendizaje, los viajes, de un ambiente agradable y acogedor dentro de la escuela. Quiero una escuela que aparte de aprender a bailar,...","protected":false},"author":2,"featured_media":0,"parent":2802,"menu_order":3,"comment_status":"closed","ping_status":"closed","template":"full_width.php","meta":{"footnotes":""},"class_list":["post-2643","page","type-page","status-publish","hentry"],"yoast_head":"<!-- This site is optimized with the Yoast SEO plugin v27.3 - https:\/\/yoast.com\/product\/yoast-seo-wordpress\/ -->\n<title>Direcci\u00f3n: Betlem Burcet - Mediterr\u00e0nia Escola de Dansa Irlandesa<\/title>\n<meta name=\"robots\" content=\"index, follow, max-snippet:-1, max-image-preview:large, max-video-preview:-1\" \/>\n<link rel=\"canonical\" href=\"https:\/\/mediterraniaescola.cat\/lescola-que-et-fara-sentir-com-a-irlanda\/direccio-betlem-burcet\/\" \/>\n<meta property=\"og:locale\" content=\"es_ES\" \/>\n<meta property=\"og:type\" content=\"article\" \/>\n<meta property=\"og:title\" content=\"Direcci\u00f3n: Betlem Burcet - Mediterr\u00e0nia Escola de Dansa Irlandesa\" \/>\n<meta property=\"og:url\" content=\"https:\/\/mediterraniaescola.cat\/lescola-que-et-fara-sentir-com-a-irlanda\/direccio-betlem-burcet\/\" \/>\n<meta property=\"og:site_name\" content=\"Mediterr\u00e0nia Escola de Dansa Irlandesa\" \/>\n<meta property=\"article:publisher\" content=\"https:\/\/www.facebook.com\/MediterraniaEscolaDeDansaIrlandesa\/\" \/>\n<meta property=\"article:modified_time\" content=\"2021-08-27T16:03:15+00:00\" \/>\n<meta name=\"twitter:card\" content=\"summary_large_image\" \/>\n<meta name=\"twitter:label1\" content=\"Tiempo de lectura\" \/>\n\t<meta name=\"twitter:data1\" content=\"3 minutos\" \/>\n<script type=\"application\/ld+json\" class=\"yoast-schema-graph\">{\"@context\":\"https:\\\/\\\/schema.org\",\"@graph\":[{\"@type\":\"WebPage\",\"@id\":\"https:\\\/\\\/mediterraniaescola.cat\\\/lescola-que-et-fara-sentir-com-a-irlanda\\\/direccio-betlem-burcet\\\/\",\"url\":\"https:\\\/\\\/mediterraniaescola.cat\\\/lescola-que-et-fara-sentir-com-a-irlanda\\\/direccio-betlem-burcet\\\/\",\"name\":\"Direcci\u00f3n: Betlem Burcet - Mediterr\u00e0nia Escola de Dansa Irlandesa\",\"isPartOf\":{\"@id\":\"https:\\\/\\\/mediterraniaescola.cat\\\/#website\"},\"datePublished\":\"2016-10-27T12:20:04+00:00\",\"dateModified\":\"2021-08-27T16:03:15+00:00\",\"breadcrumb\":{\"@id\":\"https:\\\/\\\/mediterraniaescola.cat\\\/lescola-que-et-fara-sentir-com-a-irlanda\\\/direccio-betlem-burcet\\\/#breadcrumb\"},\"inLanguage\":\"es\",\"potentialAction\":[{\"@type\":\"ReadAction\",\"target\":[\"https:\\\/\\\/mediterraniaescola.cat\\\/lescola-que-et-fara-sentir-com-a-irlanda\\\/direccio-betlem-burcet\\\/\"]}]},{\"@type\":\"BreadcrumbList\",\"@id\":\"https:\\\/\\\/mediterraniaescola.cat\\\/lescola-que-et-fara-sentir-com-a-irlanda\\\/direccio-betlem-burcet\\\/#breadcrumb\",\"itemListElement\":[{\"@type\":\"ListItem\",\"position\":1,\"name\":\"Inici\",\"item\":\"https:\\\/\\\/mediterraniaescola.cat\\\/es\\\/\"},{\"@type\":\"ListItem\",\"position\":2,\"name\":\"Escuela\",\"item\":\"https:\\\/\\\/mediterraniaescola.cat\\\/lescola-que-et-fara-sentir-com-a-irlanda\\\/\"},{\"@type\":\"ListItem\",\"position\":3,\"name\":\"Direcci\u00f3n: Betlem Burcet\"}]},{\"@type\":\"WebSite\",\"@id\":\"https:\\\/\\\/mediterraniaescola.cat\\\/#website\",\"url\":\"https:\\\/\\\/mediterraniaescola.cat\\\/\",\"name\":\"Mediterr\u00e0nia Escola de Dansa Irlandesa\",\"description\":\"Girona, Barcelona i Vic\",\"publisher\":{\"@id\":\"https:\\\/\\\/mediterraniaescola.cat\\\/#organization\"},\"alternateName\":\"Mediterr\u00e0nia\",\"potentialAction\":[{\"@type\":\"SearchAction\",\"target\":{\"@type\":\"EntryPoint\",\"urlTemplate\":\"https:\\\/\\\/mediterraniaescola.cat\\\/?s={search_term_string}\"},\"query-input\":{\"@type\":\"PropertyValueSpecification\",\"valueRequired\":true,\"valueName\":\"search_term_string\"}}],\"inLanguage\":\"es\"},{\"@type\":\"Organization\",\"@id\":\"https:\\\/\\\/mediterraniaescola.cat\\\/#organization\",\"name\":\"Mediterr\u00e0nia\",\"url\":\"https:\\\/\\\/mediterraniaescola.cat\\\/\",\"logo\":{\"@type\":\"ImageObject\",\"inLanguage\":\"es\",\"@id\":\"https:\\\/\\\/mediterraniaescola.cat\\\/#\\\/schema\\\/logo\\\/image\\\/\",\"url\":\"http:\\\/\\\/mediterraniaescola.cat\\\/wp-content\\\/uploads\\\/2017\\\/05\\\/mediterrania_logo.png\",\"contentUrl\":\"http:\\\/\\\/mediterraniaescola.cat\\\/wp-content\\\/uploads\\\/2017\\\/05\\\/mediterrania_logo.png\",\"width\":264,\"height\":123,\"caption\":\"Mediterr\u00e0nia\"},\"image\":{\"@id\":\"https:\\\/\\\/mediterraniaescola.cat\\\/#\\\/schema\\\/logo\\\/image\\\/\"},\"sameAs\":[\"https:\\\/\\\/www.facebook.com\\\/MediterraniaEscolaDeDansaIrlandesa\\\/\",\"https:\\\/\\\/www.instagram.com\\\/mediterraniairishdanceschool\\\/\"]}]}<\/script>\n<!-- \/ Yoast SEO plugin. -->","yoast_head_json":{"title":"Direcci\u00f3n: Betlem Burcet - Mediterr\u00e0nia Escola de Dansa Irlandesa","robots":{"index":"index","follow":"follow","max-snippet":"max-snippet:-1","max-image-preview":"max-image-preview:large","max-video-preview":"max-video-preview:-1"},"canonical":"https:\/\/mediterraniaescola.cat\/lescola-que-et-fara-sentir-com-a-irlanda\/direccio-betlem-burcet\/","og_locale":"es_ES","og_type":"article","og_title":"Direcci\u00f3n: Betlem Burcet - Mediterr\u00e0nia Escola de Dansa Irlandesa","og_url":"https:\/\/mediterraniaescola.cat\/lescola-que-et-fara-sentir-com-a-irlanda\/direccio-betlem-burcet\/","og_site_name":"Mediterr\u00e0nia Escola de Dansa Irlandesa","article_publisher":"https:\/\/www.facebook.com\/MediterraniaEscolaDeDansaIrlandesa\/","article_modified_time":"2021-08-27T16:03:15+00:00","twitter_card":"summary_large_image","twitter_misc":{"Tiempo de lectura":"3 minutos"},"schema":{"@context":"https:\/\/schema.org","@graph":[{"@type":"WebPage","@id":"https:\/\/mediterraniaescola.cat\/lescola-que-et-fara-sentir-com-a-irlanda\/direccio-betlem-burcet\/","url":"https:\/\/mediterraniaescola.cat\/lescola-que-et-fara-sentir-com-a-irlanda\/direccio-betlem-burcet\/","name":"Direcci\u00f3n: Betlem Burcet - Mediterr\u00e0nia Escola de Dansa Irlandesa","isPartOf":{"@id":"https:\/\/mediterraniaescola.cat\/#website"},"datePublished":"2016-10-27T12:20:04+00:00","dateModified":"2021-08-27T16:03:15+00:00","breadcrumb":{"@id":"https:\/\/mediterraniaescola.cat\/lescola-que-et-fara-sentir-com-a-irlanda\/direccio-betlem-burcet\/#breadcrumb"},"inLanguage":"es","potentialAction":[{"@type":"ReadAction","target":["https:\/\/mediterraniaescola.cat\/lescola-que-et-fara-sentir-com-a-irlanda\/direccio-betlem-burcet\/"]}]},{"@type":"BreadcrumbList","@id":"https:\/\/mediterraniaescola.cat\/lescola-que-et-fara-sentir-com-a-irlanda\/direccio-betlem-burcet\/#breadcrumb","itemListElement":[{"@type":"ListItem","position":1,"name":"Inici","item":"https:\/\/mediterraniaescola.cat\/es\/"},{"@type":"ListItem","position":2,"name":"Escuela","item":"https:\/\/mediterraniaescola.cat\/lescola-que-et-fara-sentir-com-a-irlanda\/"},{"@type":"ListItem","position":3,"name":"Direcci\u00f3n: Betlem Burcet"}]},{"@type":"WebSite","@id":"https:\/\/mediterraniaescola.cat\/#website","url":"https:\/\/mediterraniaescola.cat\/","name":"Mediterr\u00e0nia Escola de Dansa Irlandesa","description":"Girona, Barcelona i Vic","publisher":{"@id":"https:\/\/mediterraniaescola.cat\/#organization"},"alternateName":"Mediterr\u00e0nia","potentialAction":[{"@type":"SearchAction","target":{"@type":"EntryPoint","urlTemplate":"https:\/\/mediterraniaescola.cat\/?s={search_term_string}"},"query-input":{"@type":"PropertyValueSpecification","valueRequired":true,"valueName":"search_term_string"}}],"inLanguage":"es"},{"@type":"Organization","@id":"https:\/\/mediterraniaescola.cat\/#organization","name":"Mediterr\u00e0nia","url":"https:\/\/mediterraniaescola.cat\/","logo":{"@type":"ImageObject","inLanguage":"es","@id":"https:\/\/mediterraniaescola.cat\/#\/schema\/logo\/image\/","url":"https:\/\/mediterraniaescola.cat\/wp-content\/uploads\/2017\/05\/mediterrania_logo.png","contentUrl":"https:\/\/mediterraniaescola.cat\/wp-content\/uploads\/2017\/05\/mediterrania_logo.png","width":264,"height":123,"caption":"Mediterr\u00e0nia"},"image":{"@id":"https:\/\/mediterraniaescola.cat\/#\/schema\/logo\/image\/"},"sameAs":["https:\/\/www.facebook.com\/MediterraniaEscolaDeDansaIrlandesa\/","https:\/\/www.instagram.com\/mediterraniairishdanceschool\/"]}]}},"_links":{"self":[{"href":"https:\/\/mediterraniaescola.cat\/es\/wp-json\/wp\/v2\/pages\/2643","targetHints":{"allow":["GET"]}}],"collection":[{"href":"https:\/\/mediterraniaescola.cat\/es\/wp-json\/wp\/v2\/pages"}],"about":[{"href":"https:\/\/mediterraniaescola.cat\/es\/wp-json\/wp\/v2\/types\/page"}],"author":[{"embeddable":true,"href":"https:\/\/mediterraniaescola.cat\/es\/wp-json\/wp\/v2\/users\/2"}],"replies":[{"embeddable":true,"href":"https:\/\/mediterraniaescola.cat\/es\/wp-json\/wp\/v2\/comments?post=2643"}],"version-history":[{"count":0,"href":"https:\/\/mediterraniaescola.cat\/es\/wp-json\/wp\/v2\/pages\/2643\/revisions"}],"up":[{"embeddable":true,"href":"https:\/\/mediterraniaescola.cat\/es\/wp-json\/wp\/v2\/pages\/2802"}],"wp:attachment":[{"href":"https:\/\/mediterraniaescola.cat\/es\/wp-json\/wp\/v2\/media?parent=2643"}],"curies":[{"name":"wp","href":"https:\/\/api.w.org\/{rel}","templated":true}]}}