{"id":2647,"date":"2017-04-26T11:26:59","date_gmt":"2017-04-26T09:26:59","guid":{"rendered":"http:\/\/mediterraniadeb.joangwilkinson.com\/informacio\/"},"modified":"2018-08-03T11:10:31","modified_gmt":"2018-08-03T09:10:31","slug":"informacion","status":"publish","type":"page","link":"https:\/\/mediterraniaescola.cat\/es\/escuela\/informacion\/","title":{"rendered":"Informaci\u00f3n adicional"},"content":{"rendered":"<div class=\"wpb-content-wrapper\"><div    class=\"vc_row wpb_row section vc_row-fluid principal grid_section\" style=' text-align:left;'><div class=\" section_inner clearfix\"><div class='section_inner_margin clearfix'><div class=\"wpb_column vc_column_container vc_col-sm-12\"><div class=\"vc_column-inner\"><div class=\"wpb_wrapper\"><div class=\"vc_row wpb_row vc_inner vc_row-fluid vc_column-gap-20\"><div class=\"wpb_column vc_column_container vc_col-sm-6\"><div class=\"vc_column-inner\"><div class=\"wpb_wrapper\">\n\t<div class=\"wpb_text_column wpb_content_element \" >\n\t\t<div class=\"wpb_wrapper\">\n\t\t\t<h4>Que es Mediterr\u00e0nia?<\/h4>\n<p>Somos la principal escuela en red de dansa irlandesa e ingl\u00e9s del sur de Europa, vinculada a la Irish World Academy de la University of Limerick y presente en toda Catalunya, Barcelona, Girona, Vic, Vilanova i la Geltr\u00fa i Val\u00e8ncia. Pod\u00e9is\u00a0<a href=\"https:\/\/mediterraniaescola.cat\/es\/presentacio\/\">ampliar informaci\u00f3n aqu\u00ed<\/a> i descargar nuestro\u00a0<a href=\"https:\/\/mediterraniaescola.cat\/documents\/desplegable_ME_17.pdf\">folleto de cursos 2018-2019 aqu\u00ed<\/a>.<\/p>\n<h4>Que puedo aprender en Mediterr\u00e0nia?<\/h4>\n<p>Disponemos de cursos de danza irlandesa e ingl\u00e9s para particulares (infantil, juvenil, adultos, familias), talleres para escuelas, instituciones y asociaciones y propuestas de nuestra Compa\u00f1\u00eda de Danza Celtic Flow Dancers con los alumnos m\u00e1s avanzados para hacer exhibiciones en festividades.<\/p>\n<h4>Quien dirige la Escuela?<\/h4>\n<p>Mediterr\u00e0nia es un proyecto creado y dirigido por la Bel\u00e9n Burcet, originaria de Arb\u00facies. Actualmente bailarina profesional con m\u00e1s de diez a\u00f1os de experiencia, formaci\u00f3n en Master de danza irlandesa la Universidad de Limerick y m\u00faltiples premios internacionales en competiciones. Apasionada por la Danza y cultura irlandesas y por la ense\u00f1anza. Encontrar\u00e1\u00a0<a href=\"https:\/\/mediterraniaescola.cat\/es\/direccio-betlem-burcet\/\">su biografia completa aqu\u00ed<\/a>\u00a0y sus\u00a0<a href=\"https:\/\/mediterraniaescola.cat\/es\/equip-docent\/\">miembrps del equipo de la Escuela aqu\u00ed<\/a>.<\/p>\n<h4>\u00bfD\u00f3nde est\u00e1 la Escuela?<\/h4>\n<p>En danza irlandesa el t\u00e9rmino escuela significa un conjunto de personas que siguen la metodolog\u00eda y coreograf\u00edas de un mismo profesor. As\u00ed pues, la escuela no es un local f\u00edsico, sino que somos los profesores que nos desplazamos a impartir nuestro sistema de ense\u00f1anza a\u00a0<a href=\"https:\/\/mediterraniaescola.cat\/es\/ubicacio\/\">diversos centros de Catalunya\u00a0<\/a>(Barcelona, \u200b\u200bVic, Girona y Valencia).<\/p>\n<h4>Puedo venir a probar una clase?<\/h4>\n<p>Si, todo el mundo est\u00e1 invitado a participar de una clase de prueba avisando antes al profesor que la imparte. hay que llevar una botella de agua y ropa fresca y c\u00f3moda. <a href=\"\/?page_id=481\">Ponte en contacto con nosotros<\/a>\u00a0si tienes alguna duda.<\/p>\n<h4>Se hacen intensivos? Cu\u00e1ndo y d\u00f3nde?<\/h4>\n<p id=\"tw-target-text\" class=\"tw-data-text tw-ta tw-text-small\" dir=\"ltr\" data-placeholder=\"Traducci\u00f3\"><span lang=\"es\">Si. Hacemos talleres intensivos de invierno y de verano en la Escuela Luthier de danza en Barcelona.<\/span><\/p>\n<p class=\"tw-data-text tw-ta tw-text-small\" dir=\"ltr\" data-placeholder=\"Traducci\u00f3\"><span lang=\"es\">Durante el curso hacemos dissabates intensivos quincenales de 11: 30 a 13:30 en el teatro del <\/span><a href=\"https:\/\/mediterraniaescola.cat\/es\/ubicacio\/\">Centre C\u00edvic Ter<\/a>\u00a0<span lang=\"es\">donde nos encontramos con todos los alumnos de Catalu\u00f1a. Para hacer estos talleres hay que est\u00e9is matriculados en alguno de nuestros cursos. Es una experiencia incre\u00edble y muy enriquecedora donde todos aprendemos de todos, con personas de todos los niveles desde los alumnos de primer a\u00f1o hasta los veteranos.<\/span><\/p>\n<p><strong>No he bailado nunca<\/strong><\/p>\n<p>La gran mayor\u00eda del alumnado no ha bailado nunca anteriormente, y tenemos un gran n\u00famero de adultos que con poco tiempo se demuestran a s\u00ed mismos que son capaces. As\u00ed pues no nos supone ning\u00fan problema al contrario, tenemos experiencia en ense\u00f1ar a personas con tipolog\u00edas muy variadas, provenientes de otras culturas y con diversas problem\u00e1ticas f\u00edsicas.<\/p>\n<p><strong>Metodologia<\/strong><\/p>\n<p>Como el n\u00famero de alumnos es bastante numeroso, nos disponemos con grupos de trabajo por niveles de conocimiento, desde cero hasta nivel de mundiales para aprender y perfeccionar el material nuevo.<\/p>\n<p>Asimismo las clases tienen un profesor titular y un profesor asistente para poder incorporar nuevos alumnos a lo largo de todo el curso escolar.<\/p>\n\n\t\t<\/div>\n\t<\/div>\n<\/div><\/div><\/div><div class=\"wpb_column vc_column_container vc_col-sm-6\"><div class=\"vc_column-inner\"><div class=\"wpb_wrapper\">\n\t<div class=\"wpb_text_column wpb_content_element \" >\n\t\t<div class=\"wpb_wrapper\">\n\t\t\t<h4 id=\"tw-target-text\" class=\"tw-data-text tw-ta tw-text-small\" dir=\"ltr\" data-placeholder=\"Traducci\u00f3\"><span lang=\"es\">C\u00f3mo me puedo inscribir a un curso? <\/span><\/h4>\n<p class=\"tw-data-text tw-ta tw-text-small\" dir=\"ltr\" data-placeholder=\"Traducci\u00f3\"><span lang=\"es\">Una vez elegido el curso que te interesa,<\/span> <a href=\"\/?page_id=607\">Inscribete\u00a0<\/a><span lang=\"es\">y rellena el formulario a continuaci\u00f3n env\u00edanos un correo electr\u00f3nico a a&#100;&#109;&#x40;&#x61;&#x72;ti&#115;&#116;&#x69;&#x63;&#x6d;e&#100;&#105;&#116;&#x65;&#x72;&#x72;a&#110;&#105;&#x61;&#x2e;&#x63;at para confirmar que la hayamos recibido. Te contactaremos para confirmar tu inscripci\u00f3n y datos o bien solucionar dudas, al igual que para compartirte los dossiers y material de Bienvenida<\/span><\/p>\n<h4 id=\"tw-target-text\" class=\"tw-data-text tw-ta tw-text-small\" dir=\"ltr\" data-placeholder=\"Traducci\u00f3\"><span lang=\"es\">Necesito unos zapatos especiales para empezar a aprender? <\/span><\/h4>\n<p>Cuando decidas apuntarte tu profesor te indicar\u00e1 el sistema que utilizamos de alquiler de zapatos o varias p\u00e1ginas web donde podr\u00e1s comprar los zapatos blandas y m\u00e1s adelante las dos. En funci\u00f3n del curso y modalidad elegidos, tendr\u00e1s unas necesidades u otras.<\/p>\n<h4 id=\"tw-target-text\" class=\"tw-data-text tw-ta tw-text-small\" dir=\"ltr\" data-placeholder=\"Traducci\u00f3\"><span lang=\"es\">\u00bfQu\u00e9 tipo de ropa debo llevar? <\/span><\/h4>\n<p>Todos nuestros alumnos asisten con el vestuario m\u00e1s \u00f3ptimo la equipaci\u00f3n de la escuela, que est\u00e1 dise\u00f1ada espec\u00edficamente para practicar este deporte o disciplina con materiales de tejido t\u00e9cnico. Parte de arriba: polo o camiseta Mediterr\u00e1neo. Parte de abajo, preferiblemente leggins negros para las chicas, calcetines blancos de danza irlandesa y pantal\u00f3n t\u00e9cnico de deporte negro y calcetines negros para los chicos. En caso de dudas pregunta a tu profesor.<\/p>\n<h4 id=\"tw-target-text\" class=\"tw-data-text tw-ta tw-text-small\" dir=\"ltr\" data-placeholder=\"Traducci\u00f3\"><span lang=\"es\">Si ya he bailado danza irlandesa alguna vez me puedo apuntar al nivel que ten\u00eda anteriormente? <\/span><\/h4>\n<p>Debido a que la danza irlandesa en nuestro pa\u00eds no est\u00e1 regulada el profesor valorar\u00e1 el nivel de los nuevos alumnos de acuerdo con el est\u00e1ndar de la escuela.<\/p>\n<h4 id=\"tw-target-text\" class=\"tw-data-text tw-ta tw-text-small\" dir=\"ltr\" data-placeholder=\"Traducci\u00f3\"><span lang=\"es\">Es obligatorio competir? <\/span><\/h4>\n<p>Tenemos alumnos con inquietudes muy diferentes. Algunos practican la danza irlandesa como entretenimiento y otros optan por una formaci\u00f3n m\u00e1s dedicada en la que compiten para equipararse con los est\u00e1ndares contempor\u00e1neos de toda la comunidad de bailarines de danza irlandesa.<\/p>\n<h4 id=\"tw-target-text\" class=\"tw-data-text tw-ta tw-text-small\" dir=\"ltr\" data-placeholder=\"Traducci\u00f3\"><span lang=\"es\">Puedo utilizar grabaciones de los bailes de escuela de forma p\u00fablica? <\/span><\/h4>\n<p>No. Los bailes de escuela son obras art\u00edsticas y como tal no se pueden publicar sin el consentimiento expreso del autor.<\/p>\n\n\t\t<\/div>\n\t<\/div>\n<\/div><\/div><\/div><\/div><\/div><\/div><\/div><\/div><\/div><\/div>\n<\/div>","protected":false},"excerpt":{"rendered":"Que es Mediterr\u00e0nia? Somos la principal escuela en red de dansa irlandesa e ingl\u00e9s del sur de Europa, vinculada a la Irish World Academy de la University of Limerick y presente en toda Catalunya, Barcelona, Girona, Vic, Vilanova i la Geltr\u00fa i Val\u00e8ncia. Pod\u00e9is\u00a0ampliar informaci\u00f3n...","protected":false},"author":2,"featured_media":0,"parent":2802,"menu_order":5,"comment_status":"closed","ping_status":"closed","template":"full_width.php","meta":{"footnotes":""},"class_list":["post-2647","page","type-page","status-publish","hentry"],"yoast_head":"<!-- This site is optimized with the Yoast SEO plugin v27.3 - https:\/\/yoast.com\/product\/yoast-seo-wordpress\/ -->\n<title>Informaci\u00f3n adicional - Mediterr\u00e0nia Escola de Dansa Irlandesa<\/title>\n<meta name=\"robots\" content=\"index, follow, max-snippet:-1, max-image-preview:large, max-video-preview:-1\" \/>\n<link rel=\"canonical\" href=\"https:\/\/mediterraniaescola.cat\/lescola-que-et-fara-sentir-com-a-irlanda\/informacio\/\" \/>\n<meta property=\"og:locale\" content=\"es_ES\" \/>\n<meta property=\"og:type\" content=\"article\" \/>\n<meta property=\"og:title\" content=\"Informaci\u00f3n adicional - Mediterr\u00e0nia Escola de Dansa Irlandesa\" \/>\n<meta property=\"og:url\" content=\"https:\/\/mediterraniaescola.cat\/lescola-que-et-fara-sentir-com-a-irlanda\/informacio\/\" \/>\n<meta property=\"og:site_name\" content=\"Mediterr\u00e0nia Escola de Dansa Irlandesa\" \/>\n<meta property=\"article:publisher\" content=\"https:\/\/www.facebook.com\/MediterraniaEscolaDeDansaIrlandesa\/\" \/>\n<meta property=\"article:modified_time\" content=\"2018-08-03T09:10:31+00:00\" \/>\n<meta name=\"twitter:card\" content=\"summary_large_image\" \/>\n<script type=\"application\/ld+json\" class=\"yoast-schema-graph\">{\"@context\":\"https:\\\/\\\/schema.org\",\"@graph\":[{\"@type\":\"WebPage\",\"@id\":\"https:\\\/\\\/mediterraniaescola.cat\\\/lescola-que-et-fara-sentir-com-a-irlanda\\\/informacio\\\/\",\"url\":\"https:\\\/\\\/mediterraniaescola.cat\\\/lescola-que-et-fara-sentir-com-a-irlanda\\\/informacio\\\/\",\"name\":\"Informaci\u00f3n adicional - Mediterr\u00e0nia Escola de Dansa Irlandesa\",\"isPartOf\":{\"@id\":\"https:\\\/\\\/mediterraniaescola.cat\\\/#website\"},\"datePublished\":\"2017-04-26T09:26:59+00:00\",\"dateModified\":\"2018-08-03T09:10:31+00:00\",\"breadcrumb\":{\"@id\":\"https:\\\/\\\/mediterraniaescola.cat\\\/lescola-que-et-fara-sentir-com-a-irlanda\\\/informacio\\\/#breadcrumb\"},\"inLanguage\":\"es\",\"potentialAction\":[{\"@type\":\"ReadAction\",\"target\":[\"https:\\\/\\\/mediterraniaescola.cat\\\/lescola-que-et-fara-sentir-com-a-irlanda\\\/informacio\\\/\"]}]},{\"@type\":\"BreadcrumbList\",\"@id\":\"https:\\\/\\\/mediterraniaescola.cat\\\/lescola-que-et-fara-sentir-com-a-irlanda\\\/informacio\\\/#breadcrumb\",\"itemListElement\":[{\"@type\":\"ListItem\",\"position\":1,\"name\":\"Inici\",\"item\":\"https:\\\/\\\/mediterraniaescola.cat\\\/es\\\/\"},{\"@type\":\"ListItem\",\"position\":2,\"name\":\"Escuela\",\"item\":\"https:\\\/\\\/mediterraniaescola.cat\\\/lescola-que-et-fara-sentir-com-a-irlanda\\\/\"},{\"@type\":\"ListItem\",\"position\":3,\"name\":\"Informaci\u00f3n adicional\"}]},{\"@type\":\"WebSite\",\"@id\":\"https:\\\/\\\/mediterraniaescola.cat\\\/#website\",\"url\":\"https:\\\/\\\/mediterraniaescola.cat\\\/\",\"name\":\"Mediterr\u00e0nia Escola de Dansa Irlandesa\",\"description\":\"Girona, Barcelona i Vic\",\"publisher\":{\"@id\":\"https:\\\/\\\/mediterraniaescola.cat\\\/#organization\"},\"alternateName\":\"Mediterr\u00e0nia\",\"potentialAction\":[{\"@type\":\"SearchAction\",\"target\":{\"@type\":\"EntryPoint\",\"urlTemplate\":\"https:\\\/\\\/mediterraniaescola.cat\\\/?s={search_term_string}\"},\"query-input\":{\"@type\":\"PropertyValueSpecification\",\"valueRequired\":true,\"valueName\":\"search_term_string\"}}],\"inLanguage\":\"es\"},{\"@type\":\"Organization\",\"@id\":\"https:\\\/\\\/mediterraniaescola.cat\\\/#organization\",\"name\":\"Mediterr\u00e0nia\",\"url\":\"https:\\\/\\\/mediterraniaescola.cat\\\/\",\"logo\":{\"@type\":\"ImageObject\",\"inLanguage\":\"es\",\"@id\":\"https:\\\/\\\/mediterraniaescola.cat\\\/#\\\/schema\\\/logo\\\/image\\\/\",\"url\":\"http:\\\/\\\/mediterraniaescola.cat\\\/wp-content\\\/uploads\\\/2017\\\/05\\\/mediterrania_logo.png\",\"contentUrl\":\"http:\\\/\\\/mediterraniaescola.cat\\\/wp-content\\\/uploads\\\/2017\\\/05\\\/mediterrania_logo.png\",\"width\":264,\"height\":123,\"caption\":\"Mediterr\u00e0nia\"},\"image\":{\"@id\":\"https:\\\/\\\/mediterraniaescola.cat\\\/#\\\/schema\\\/logo\\\/image\\\/\"},\"sameAs\":[\"https:\\\/\\\/www.facebook.com\\\/MediterraniaEscolaDeDansaIrlandesa\\\/\",\"https:\\\/\\\/www.instagram.com\\\/mediterraniairishdanceschool\\\/\"]}]}<\/script>\n<!-- \/ Yoast SEO plugin. -->","yoast_head_json":{"title":"Informaci\u00f3n adicional - Mediterr\u00e0nia Escola de Dansa Irlandesa","robots":{"index":"index","follow":"follow","max-snippet":"max-snippet:-1","max-image-preview":"max-image-preview:large","max-video-preview":"max-video-preview:-1"},"canonical":"https:\/\/mediterraniaescola.cat\/lescola-que-et-fara-sentir-com-a-irlanda\/informacio\/","og_locale":"es_ES","og_type":"article","og_title":"Informaci\u00f3n adicional - Mediterr\u00e0nia Escola de Dansa Irlandesa","og_url":"https:\/\/mediterraniaescola.cat\/lescola-que-et-fara-sentir-com-a-irlanda\/informacio\/","og_site_name":"Mediterr\u00e0nia Escola de Dansa Irlandesa","article_publisher":"https:\/\/www.facebook.com\/MediterraniaEscolaDeDansaIrlandesa\/","article_modified_time":"2018-08-03T09:10:31+00:00","twitter_card":"summary_large_image","schema":{"@context":"https:\/\/schema.org","@graph":[{"@type":"WebPage","@id":"https:\/\/mediterraniaescola.cat\/lescola-que-et-fara-sentir-com-a-irlanda\/informacio\/","url":"https:\/\/mediterraniaescola.cat\/lescola-que-et-fara-sentir-com-a-irlanda\/informacio\/","name":"Informaci\u00f3n adicional - Mediterr\u00e0nia Escola de Dansa Irlandesa","isPartOf":{"@id":"https:\/\/mediterraniaescola.cat\/#website"},"datePublished":"2017-04-26T09:26:59+00:00","dateModified":"2018-08-03T09:10:31+00:00","breadcrumb":{"@id":"https:\/\/mediterraniaescola.cat\/lescola-que-et-fara-sentir-com-a-irlanda\/informacio\/#breadcrumb"},"inLanguage":"es","potentialAction":[{"@type":"ReadAction","target":["https:\/\/mediterraniaescola.cat\/lescola-que-et-fara-sentir-com-a-irlanda\/informacio\/"]}]},{"@type":"BreadcrumbList","@id":"https:\/\/mediterraniaescola.cat\/lescola-que-et-fara-sentir-com-a-irlanda\/informacio\/#breadcrumb","itemListElement":[{"@type":"ListItem","position":1,"name":"Inici","item":"https:\/\/mediterraniaescola.cat\/es\/"},{"@type":"ListItem","position":2,"name":"Escuela","item":"https:\/\/mediterraniaescola.cat\/lescola-que-et-fara-sentir-com-a-irlanda\/"},{"@type":"ListItem","position":3,"name":"Informaci\u00f3n adicional"}]},{"@type":"WebSite","@id":"https:\/\/mediterraniaescola.cat\/#website","url":"https:\/\/mediterraniaescola.cat\/","name":"Mediterr\u00e0nia Escola de Dansa Irlandesa","description":"Girona, Barcelona i Vic","publisher":{"@id":"https:\/\/mediterraniaescola.cat\/#organization"},"alternateName":"Mediterr\u00e0nia","potentialAction":[{"@type":"SearchAction","target":{"@type":"EntryPoint","urlTemplate":"https:\/\/mediterraniaescola.cat\/?s={search_term_string}"},"query-input":{"@type":"PropertyValueSpecification","valueRequired":true,"valueName":"search_term_string"}}],"inLanguage":"es"},{"@type":"Organization","@id":"https:\/\/mediterraniaescola.cat\/#organization","name":"Mediterr\u00e0nia","url":"https:\/\/mediterraniaescola.cat\/","logo":{"@type":"ImageObject","inLanguage":"es","@id":"https:\/\/mediterraniaescola.cat\/#\/schema\/logo\/image\/","url":"https:\/\/mediterraniaescola.cat\/wp-content\/uploads\/2017\/05\/mediterrania_logo.png","contentUrl":"https:\/\/mediterraniaescola.cat\/wp-content\/uploads\/2017\/05\/mediterrania_logo.png","width":264,"height":123,"caption":"Mediterr\u00e0nia"},"image":{"@id":"https:\/\/mediterraniaescola.cat\/#\/schema\/logo\/image\/"},"sameAs":["https:\/\/www.facebook.com\/MediterraniaEscolaDeDansaIrlandesa\/","https:\/\/www.instagram.com\/mediterraniairishdanceschool\/"]}]}},"_links":{"self":[{"href":"https:\/\/mediterraniaescola.cat\/es\/wp-json\/wp\/v2\/pages\/2647","targetHints":{"allow":["GET"]}}],"collection":[{"href":"https:\/\/mediterraniaescola.cat\/es\/wp-json\/wp\/v2\/pages"}],"about":[{"href":"https:\/\/mediterraniaescola.cat\/es\/wp-json\/wp\/v2\/types\/page"}],"author":[{"embeddable":true,"href":"https:\/\/mediterraniaescola.cat\/es\/wp-json\/wp\/v2\/users\/2"}],"replies":[{"embeddable":true,"href":"https:\/\/mediterraniaescola.cat\/es\/wp-json\/wp\/v2\/comments?post=2647"}],"version-history":[{"count":0,"href":"https:\/\/mediterraniaescola.cat\/es\/wp-json\/wp\/v2\/pages\/2647\/revisions"}],"up":[{"embeddable":true,"href":"https:\/\/mediterraniaescola.cat\/es\/wp-json\/wp\/v2\/pages\/2802"}],"wp:attachment":[{"href":"https:\/\/mediterraniaescola.cat\/es\/wp-json\/wp\/v2\/media?parent=2647"}],"curies":[{"name":"wp","href":"https:\/\/api.w.org\/{rel}","templated":true}]}}