{"id":2653,"date":"2018-06-11T11:43:08","date_gmt":"2018-06-11T09:43:08","guid":{"rendered":"http:\/\/mediterraniadeb.joangwilkinson.com\/tallers-exhibicions\/"},"modified":"2021-08-31T11:56:58","modified_gmt":"2021-08-31T09:56:58","slug":"recursos-educativos","status":"publish","type":"page","link":"https:\/\/mediterraniaescola.cat\/es\/recursos-educativos\/","title":{"rendered":"Recursos educativos"},"content":{"rendered":"<div class=\"wpb-content-wrapper\"><div    class=\"vc_row wpb_row section vc_row-fluid secundari grid_section\" style=' text-align:left;'><div class=\" section_inner clearfix\"><div class='section_inner_margin clearfix'><div class=\"wpb_column vc_column_container vc_col-sm-12\"><div class=\"vc_column-inner\"><div class=\"wpb_wrapper\">\n\t<div class=\"wpb_text_column wpb_content_element  introtext\" >\n\t\t<div class=\"wpb_wrapper\">\n\t\t\t<h2>Recursos Educativos<\/h2>\n<p><span style=\"font-weight: 400;\">Estas son las propuestas que ofrecemos para contrataci\u00f3n, cada una con contenido y formato diferenciado. Para cualquier duda o consulta recuerda que puedes<\/span><a href=\"\/?page_id=481\"><br \/>\ncontactar amb nosaltres aqu\u00ed<\/a>.<\/p>\n\n\t\t<\/div>\n\t<\/div>\n\n<div class=\"vc_grid-container-wrapper vc_clearfix vc_grid-animation-fadeIn\">\n\t<div class=\"vc_grid-container vc_clearfix wpb_content_element vc_masonry_grid\" data-initial-loading-animation=\"fadeIn\" data-vc-grid-settings=\"{&quot;page_id&quot;:2653,&quot;style&quot;:&quot;all-masonry&quot;,&quot;action&quot;:&quot;vc_get_vc_grid_data&quot;,&quot;shortcode_id&quot;:&quot;1630403694530-88405dba-1532-2&quot;,&quot;tag&quot;:&quot;vc_masonry_grid&quot;}\" data-vc-request=\"https:\/\/mediterraniaescola.cat\/wp-admin\/admin-ajax.php?lang=es\" data-vc-post-id=\"2653\" data-vc-public-nonce=\"aaf90969f0\">\n\t\t\n\t<\/div>\n<\/div><\/div><\/div><\/div><\/div><\/div><\/div><div    class=\"vc_row wpb_row section vc_row-fluid blanc grid_section\" style=' text-align:left;'><div class=\" section_inner clearfix\"><div class='section_inner_margin clearfix'><div class=\"wpb_column vc_column_container vc_col-sm-12\"><div class=\"vc_column-inner vc_custom_1477494412482\"><div class=\"wpb_wrapper\"><div class=\"vc_row wpb_row vc_inner vc_row-fluid\"><div class=\"wpb_column vc_column_container vc_col-sm-8\"><div class=\"vc_column-inner\"><div class=\"wpb_wrapper\">\n\t<div class=\"wpb_single_image wpb_content_element vc_align_left\">\n\t\t<div>\n\t\t<div class=\"wpb_wrapper\">\n\t\t\t\n\t\t\t<img decoding=\"async\" width=\"800\" height=\"500\" data-src=\"https:\/\/mediterraniaescola.cat\/wp-content\/uploads\/2018\/06\/CelticFlow_Logo-1.png\" class=\"attachment-full lazyload\" alt=\"\" title=\"CelticFlow_Logo\" data-srcset=\"https:\/\/mediterraniaescola.cat\/wp-content\/uploads\/2018\/06\/CelticFlow_Logo-1.png 800w, https:\/\/mediterraniaescola.cat\/wp-content\/uploads\/2018\/06\/CelticFlow_Logo-1-300x188.png 300w, https:\/\/mediterraniaescola.cat\/wp-content\/uploads\/2018\/06\/CelticFlow_Logo-1-768x480.png 768w\" data-sizes=\"(max-width: 800px) 100vw, 800px\" src=\"data:image\/svg+xml;base64,PHN2ZyB3aWR0aD0iMSIgaGVpZ2h0PSIxIiB4bWxucz0iaHR0cDovL3d3dy53My5vcmcvMjAwMC9zdmciPjwvc3ZnPg==\" style=\"--smush-placeholder-width: 800px; --smush-placeholder-aspect-ratio: 800\/500;\" \/>\n\t\t<\/div> \n\t\t<\/div>\n\t<\/div> \n\t<div class=\"wpb_text_column wpb_content_element \" >\n\t\t<div class=\"wpb_wrapper\">\n\t\t\t<p><span style=\"font-weight: 400;\">La Compa\u00f1\u00eda Art\u00edstica <\/span><strong><i>Celtic Flow Dancers <\/i><\/strong><span style=\"font-weight: 400;\">es una formaci\u00f3n catalana de bailarines y educadores de Danza Irlandesa fundada en 2013 en nuestro pa\u00eds. Disponemos de recursos educativos para contribuir a su programa formativo. Consulta cada taller para descubrir las particularidades.<\/span><\/p>\n<p><span style=\"font-weight: 400;\">Todos los miembros de la Compa\u00f1\u00eda han realizado la formaci\u00f3n oficial <\/span><span style=\"font-weight: 400;\">en nuestra Escula <\/span><span style=\"font-weight: 400;\">\u00a0adem\u00e1s de disponer de otros estudios a nivel musical, art\u00edstico y \/ o esc\u00e9nico.<\/span><\/p>\n<p><span style=\"font-weight: 400;\">El grupo de m\u00fasica <\/span><span style=\"font-weight: 400;\">acompa\u00f1ante <\/span><span style=\"font-weight: 400;\">, <\/span><span style=\"font-weight: 400;\">Mystic Ministrels<\/span><span style=\"font-weight: 400;\">, tocan con aut\u00e9ntica magia diversas variedades de m\u00fasica Celta. Los miembros del grupo, Stuart y Catalina De Usoz, tocan el viol\u00edn, el arpa, la percusi\u00f3n, <\/span><span style=\"font-weight: 400;\">la flauta,<\/span><span style=\"font-weight: 400;\"> la guitarra y la mandolina.<\/span><\/p>\n<p><span style=\"font-weight: 400;\">Participamos en ferias, fiestas, festivales o conciertos, adem\u00e1s de realizar charlas monogr\u00e1ficas o eventos para escuelas, instituciones o asociaciones, a trav\u00e9s de nuestras propuestas que encontrar\u00e1s a continuaci\u00f3n.<\/span><\/p>\n<p><span style=\"font-weight: 400;\">La profesionalidad, calidad y energ\u00eda del grupo nos invitan a disfrutar de una divertida velada donde todos podr\u00e1n disfrutar del trepidante ritmo de la m\u00fasica folk combinado con la danza irlandesa y una puesta en escena espectacular.<\/span><\/p>\n\n\t\t<\/div>\n\t<\/div>\n\n\t<div class=\"wpb_video_widget wpb_content_element vc_clearfix   vc_video-aspect-ratio-169 vc_video-el-width-100 vc_video-align-left\" >\n\t\t<div class=\"wpb_wrapper\">\n\t\t\t\n\t\t\t<div class=\"wpb_video_wrapper\"><iframe width=\"1060\" height=\"596\" data-src=\"https:\/\/www.youtube.com\/embed\/_me5Ygwr5Bk?start=1&feature=oembed\" frameborder=\"0\" allow=\"autoplay; encrypted-media\" allowfullscreen src=\"data:image\/svg+xml;base64,PHN2ZyB3aWR0aD0iMSIgaGVpZ2h0PSIxIiB4bWxucz0iaHR0cDovL3d3dy53My5vcmcvMjAwMC9zdmciPjwvc3ZnPg==\" class=\"lazyload\" data-load-mode=\"1\"><\/iframe><\/div>\n\t\t<\/div>\n\t<\/div>\n<\/div><\/div><\/div><div class=\"wpb_column vc_column_container vc_col-sm-4\"><div class=\"vc_column-inner\"><div class=\"wpb_wrapper\">\n\t<div class=\"wpb_text_column wpb_content_element \" >\n\t\t<div class=\"wpb_wrapper\">\n\t\t\t<h4>Conciertos<\/h4>\n<p>Carlos N\u00fa\u00f1ez. Palau de la M\u00fasica Barcelona<br \/>\nCarlos N\u00fa\u00f1ez. Auditori de Sant Cugat<br \/>\nCarlos N\u00fa\u00f1ez. Auditori del Ter (Torroella de Montgr\u00ed)<\/p>\n<h4>Festivales<\/h4>\n<p>Creative Connexions Sitges<br \/>\nFesta major de Vilanova i la Geltr\u00fa.<br \/>\nGala Dansem<br \/>\nFestival Ida y Vuelta. Perpiny\u00e0<br \/>\nValldansa. Vall de N\u00faria<\/p>\n<p>&nbsp;<\/p>\n<h4>Fiestas<\/h4>\n<p>Enramades d\u2019Arb\u00facies<br \/>\nSant Patrici a Sant Gregori<br \/>\nFesta Privada el Caliu<br \/>\nFesta Major de Manlleu<\/p>\n<p>Nits del M\u00f3n, amb Invernalia Folk<\/p>\n<p>&nbsp;<\/p>\n<h4>Escuelas<\/h4>\n<p>Final de curs. Escola Collserola<br \/>\nFinal de curs. Escola Pericot, Girona<br \/>\nFinal de curs. CEIP Tur\u00f3 de Can Mates, Sant Cugat<\/p>\n\n\t\t<\/div>\n\t<\/div>\n\n\t<div class=\"wpb_text_column wpb_content_element \" >\n\t\t<div class=\"wpb_wrapper\">\n\t\t\t<h4>monogr\u00e0ficos<\/h4>\n<p>Centre de Formaci\u00f3 d\u2019Adults de Girona<br \/>\nEscola d\u2019Idiomes de Girona<br \/>\nEscola d&#8217;Idiomes de Figueres<\/p>\n<h4>Ferias<\/h4>\n<p>Fira de Bruixeria<br \/>\nFira d\u2019Entitats de Girona<\/p>\n\n\t\t<\/div>\n\t<\/div>\n<\/div><\/div><\/div><\/div><div class=\"vc_row wpb_row vc_inner vc_row-fluid principalcenter vc_column-gap-30 vc_row-o-equal-height vc_row-o-content-middle vc_row-flex\"><div class=\"wpb_column vc_column_container vc_col-sm-12\"><div class=\"vc_column-inner\"><div class=\"wpb_wrapper\">\n\t<div class=\"wpb_text_column wpb_content_element \" >\n\t\t<div class=\"wpb_wrapper\">\n\t\t\t<h2>Disfrute de la cultura irlandesa!<\/h2>\n<p><span style=\"font-weight: 400;\">Queremos acercaros la cultura Irlandesa y lo queremos hacer con calidad, disfrutamos mucho juntos y esta motivaci\u00f3n es la que implica y conecta con todos los participantes de nuestros Talleres. \u00a0<\/span><span style=\"font-weight: 400;\">Trabajamos a partir de unos valores fundamentales basados en la pasi\u00f3n y el esfuerzo, la creatividad y la innovaci\u00f3n y el trabajo en equipo.<\/span><\/p>\n\n\t\t<\/div>\n\t<\/div>\n<div class=\"vc_btn3-container vc_btn3-inline\" ><a class=\"vc_general vc_btn3 vc_btn3-size-md vc_btn3-shape-square vc_btn3-style-flat vc_btn3-color-grey\" href=\"https:\/\/mediterraniaescola.cat\/documents\/desplegable_ME_17.pdf\" title=\"\">Oferta completa de Cursos i Tallers<\/a><\/div><\/div><\/div><\/div><\/div><\/div><\/div><\/div><\/div><\/div><\/div><div    class=\"vc_row wpb_row section vc_row-fluid videosection grid_section\" style=' text-align:left;'><div class=\" section_inner clearfix\"><div class='section_inner_margin clearfix'><div class=\"wpb_column vc_column_container vc_col-sm-12\"><div class=\"vc_column-inner\"><div class=\"wpb_wrapper\"><div class=\"vc_row wpb_row vc_inner vc_row-fluid\"><div class=\"wpb_column vc_column_container vc_col-sm-12\"><div class=\"vc_column-inner\"><div class=\"wpb_wrapper\">\n\t<div class=\"wpb_video_widget wpb_content_element vc_clearfix   vc_video-aspect-ratio-169 vc_video-el-width-100 vc_video-align-left\" >\n\t\t<div class=\"wpb_wrapper\">\n\t\t\t\n\t\t\t<div class=\"wpb_video_wrapper\"><iframe width=\"1060\" height=\"596\" data-src=\"https:\/\/www.youtube.com\/embed\/hnz78bkC4LA?feature=oembed\" frameborder=\"0\" allow=\"autoplay; encrypted-media\" allowfullscreen src=\"data:image\/svg+xml;base64,PHN2ZyB3aWR0aD0iMSIgaGVpZ2h0PSIxIiB4bWxucz0iaHR0cDovL3d3dy53My5vcmcvMjAwMC9zdmciPjwvc3ZnPg==\" class=\"lazyload\" data-load-mode=\"1\"><\/iframe><\/div>\n\t\t<\/div>\n\t<\/div>\n<\/div><\/div><\/div><\/div><\/div><\/div><\/div><\/div><\/div><\/div><div    class=\"vc_row wpb_row section vc_row-fluid principal grid_section\" style=' text-align:left;'><div class=\" section_inner clearfix\"><div class='section_inner_margin clearfix'><div class=\"wpb_column vc_column_container vc_col-sm-12\"><div class=\"vc_column-inner\"><div class=\"wpb_wrapper\">\n\t<div class=\"wpb_text_column wpb_content_element \" >\n\t\t<div class=\"wpb_wrapper\">\n\t\t\t<h2>Miembros<\/h2>\n\n\t\t<\/div>\n\t<\/div>\n<div class=\"vc_row wpb_row vc_inner vc_row-fluid vc_column-gap-30 vc_row-o-equal-height vc_row-flex\"><div class=\"wpb_column vc_column_container vc_col-sm-4\"><div class=\"vc_column-inner\"><div class=\"wpb_wrapper\">\n\t<div class=\"wpb_text_column wpb_content_element \" >\n\t\t<div class=\"wpb_wrapper\">\n\t\t\t<h3>Betlem Burcet<\/h3>\n<p><span style=\"font-weight: 400;\">(Bescan\u00f3, 1987) Desde los 4 a\u00f1os se ha formado en danza cl\u00e1sica, car\u00e1cter, claqu\u00e9, flamenco, danza catalana y desde los 15 en danza irlandesa. Master en Danza irlandesa por la Universidad de Limerick. Formaci\u00f3n teatral al Gallinero de Girona. Grado medio de m\u00fasica en la especialidad de piano del Conservatorio Isaac Alb\u00e9niz, Magisterio en Educaci\u00f3n Musical. Bailarina en la Riverdance summerschool el Trinity College de Dubl\u00edn y al espect\u00e1culo Murphy s Celtic Legacy y m\u00fasicos como Carlos N\u00fa\u00f1ez, Luar na Lubre, Capercaillie, Celtas Cortos entre otros. Se ha formado con el prestigioso core\u00f3grafo internacional Michael Ryan. Fundadora, formadora, bailarina, core\u00f3grafa del proyecto de la Compa\u00f1\u00eda art\u00edstica.<\/span><\/p>\n\n\t\t<\/div>\n\t<\/div>\n<\/div><\/div><\/div><div class=\"wpb_column vc_column_container vc_col-sm-4\"><div class=\"vc_column-inner\"><div class=\"wpb_wrapper\">\n\t<div class=\"wpb_text_column wpb_content_element \" >\n\t\t<div class=\"wpb_wrapper\">\n\t\t\t<h3>Pau Molina<\/h3>\n<p><span style=\"font-weight: 400;\">(Arb\u00facies, 1987) Master en Danza Irlandesa para la universidad de Limerick (Irlanda). Se ha formado en un amplio abanico de disciplinas art\u00edsticas como canto coral, artes pl\u00e1sticas, teatro, danza cl\u00e1sica, contempor\u00e1nea y tradicional. . Ha participado en formaciones art\u00edsticas como el grupo de m\u00fasica Parada Kardia-k, m\u00e1gico Gus y d\u00fao de baile conjuntamente con Bel\u00e9n Burcet. Formaci\u00f3n continuada en danza Irlandesa con bailarines de grandes espect\u00e1culos como Lord of the Dance, Riverdance y Prodijig entre otros. El pasado Abril de 2018 consigui\u00f3 el 5\u00ba puesto en la competici\u00f3n Mundial de Danza Irlandesa (Maastricht, 2018). Es formador en los \u00e1mbitos de la lengua inglesa, el movimiento y la danza a Mediterr\u00e1neo y en el Jard\u00edn Art\u00edstico.<\/span><\/p>\n\n\t\t<\/div>\n\t<\/div>\n<\/div><\/div><\/div><div class=\"wpb_column vc_column_container vc_col-sm-4\"><div class=\"vc_column-inner\"><div class=\"wpb_wrapper\">\n\t<div class=\"wpb_text_column wpb_content_element \" >\n\t\t<div class=\"wpb_wrapper\">\n\t\t\t<h3>Celi Graells<\/h3>\n<p><span style=\"font-weight: 400;\">(Olot, 1985). Desde los 6 a\u00f1os realiza gimnasia r\u00edtmica, danza, teatro, artes pl\u00e1sticas y bailes populares. Formada en el Mediterr\u00e1neo escuela de danza irlandesa desde el a\u00f1o 2010 es miembro de la Compa\u00f1\u00eda desde el 2013. Carrera Postgrado \u00abMovimiento y Educaci\u00f3n\u00bb en el Instituto del Teatro de Vic. Participa de Workshops con Bre\u00e1ndan de Gallas, Joanne Doyle de Riverdance y Alan Kenefick de Prodijig, entre otros. Realiza varias actuaciones con artistas de renombre como Carlos N\u00fa\u00f1ez. Logra varios t\u00edtulos en competiciones de \u00e1mbito internacional del mundo de la danza irlandesa y es formador.<\/span><\/p>\n\n\t\t<\/div>\n\t<\/div>\n<\/div><\/div><\/div><\/div><div class=\"vc_row wpb_row vc_inner vc_row-fluid blockcenter vc_column-gap-20 vc_row-o-equal-height vc_row-flex\"><div class=\"wpb_column vc_column_container vc_col-sm-4\"><div class=\"vc_column-inner\"><div class=\"wpb_wrapper\">\n\t<div class=\"wpb_text_column wpb_content_element \" >\n\t\t<div class=\"wpb_wrapper\">\n\t\t\t<h3>Raquel Hereu<\/h3>\n<p><span style=\"font-weight: 400;\">(Barcelona, \u200b\u200b1994). Desde los 5 a\u00f1os realiza danza en diversas modalidades, se titula en danza aer\u00f3bica en 2011 y se forma en varias disciplinas art\u00edsticas complementarias como son el teatro, la interpretaci\u00f3n y canto que la llevar\u00e1n a participar de espect\u00e1culos Musicales como \u00abLa Tienda de los horrores\u00bb . <\/span><\/p>\n<p><span style=\"font-weight: 400;\">Interesada en las danzas tradicionales catalanas forma parte de un Esbart Dansaire durante m\u00e1s de 10 a\u00f1os.\u00a0<\/span>En el a\u00f1o 2014 se incorpora a Mediterr\u00e1nia Escuela de danza irlandesa \u00a0ganando varios t\u00edtulos en competiciones internacionales en Irlanda y Alemania<\/p>\n<p><span style=\"font-weight: 400;\">Miembro de la Compa\u00f1\u00eda <\/span><i><span style=\"font-weight: 400;\">Celtic Flow Dancer<\/span><\/i><span style=\"font-weight: 400;\">s ha actuado en diversos escenarios y programas como <\/span><span style=\"font-weight: 400;\">&#8216;Bojos pel ball<\/span><span style=\"font-weight: 400;\">\u201d &#8216; de TV3.<\/span><\/p>\n\n\t\t<\/div>\n\t<\/div>\n<\/div><\/div><\/div><div class=\"wpb_column vc_column_container vc_col-sm-4\"><div class=\"vc_column-inner\"><div class=\"wpb_wrapper\">\n\t<div class=\"wpb_text_column wpb_content_element \" >\n\t\t<div class=\"wpb_wrapper\">\n\t\t\t<h3>Gabriel Dachin<\/h3>\n<p><span style=\"font-weight: 400;\">(San Juan de Mollet, 1999). Desde los 11 a\u00f1os realiza estudios de danza en diversos estilos y principalmente en danza contempor\u00e1nea y cl\u00e1sica participante de Workshops con Cesc Gelabert, la C\u00eda.<\/span><span style=\"font-weight: 400;\"> Mar <\/span><span style=\"font-weight: 400;\">Pelo y otros. <\/span><span style=\"font-weight: 400;\">Formaci\u00f3n en Teatro juvenil. <\/span><\/p>\n<p><span style=\"font-weight: 400;\">Bailar\u00edn de nuestra \u00a0escuela de danza irlandesa desde el a\u00f1o 2011. El a\u00f1o 2017 se sit\u00faa en la categor\u00eda Open en el<\/span><i><span style=\"font-weight: 400;\"> European Grade feis. \u00a0Ha participado de los mundiales 2017.\u00a0<\/span><\/i><span style=\"font-weight: 400;\">Miembro de la <\/span><span style=\"font-weight: 400;\">C<\/span><span style=\"font-weight: 400;\">ompa\u00f1\u00eda Celtic Flow Dancers<\/span><span style=\"font-weight: 400;\"> \u00a0realiza diversas actuaciones con artistas de renombre como es Carlos N\u00fa\u00f1ez.<\/span><\/p>\n\n\t\t<\/div>\n\t<\/div>\n<\/div><\/div><\/div><\/div><\/div><\/div><\/div><\/div><\/div><\/div>\n<\/div>","protected":false},"excerpt":{"rendered":"Recursos Educativos Estas son las propuestas que ofrecemos para contrataci\u00f3n, cada una con contenido y formato diferenciado. Para cualquier duda o consulta recuerda que puedes contactar amb nosaltres aqu\u00ed. La Compa\u00f1\u00eda Art\u00edstica Celtic Flow Dancers es una formaci\u00f3n catalana de bailarines y educadores de Danza...","protected":false},"author":2,"featured_media":0,"parent":0,"menu_order":5,"comment_status":"closed","ping_status":"closed","template":"full_width.php","meta":{"footnotes":""},"class_list":["post-2653","page","type-page","status-publish","hentry"],"yoast_head":"<!-- This site is optimized with the Yoast SEO plugin v27.3 - https:\/\/yoast.com\/product\/yoast-seo-wordpress\/ -->\n<title>Recursos educativos - Mediterr\u00e0nia Escola de Dansa Irlandesa<\/title>\n<meta name=\"description\" content=\"Oferta a centros educativos, ayuntamientos, fiestas privadas\" \/>\n<meta name=\"robots\" content=\"index, follow, max-snippet:-1, max-image-preview:large, max-video-preview:-1\" \/>\n<link rel=\"canonical\" href=\"https:\/\/mediterraniaescola.cat\/recursos-educatius\/\" \/>\n<meta property=\"og:locale\" content=\"es_ES\" \/>\n<meta property=\"og:type\" content=\"article\" \/>\n<meta property=\"og:title\" content=\"Recursos educativos - Mediterr\u00e0nia Escola de Dansa Irlandesa\" \/>\n<meta property=\"og:description\" content=\"Oferta a centros educativos, ayuntamientos, fiestas privadas\" \/>\n<meta property=\"og:url\" content=\"https:\/\/mediterraniaescola.cat\/recursos-educatius\/\" \/>\n<meta property=\"og:site_name\" content=\"Mediterr\u00e0nia Escola de Dansa Irlandesa\" \/>\n<meta property=\"article:publisher\" content=\"https:\/\/www.facebook.com\/MediterraniaEscolaDeDansaIrlandesa\/\" \/>\n<meta property=\"article:modified_time\" content=\"2021-08-31T09:56:58+00:00\" \/>\n<meta name=\"twitter:card\" content=\"summary_large_image\" \/>\n<script type=\"application\/ld+json\" class=\"yoast-schema-graph\">{\"@context\":\"https:\\\/\\\/schema.org\",\"@graph\":[{\"@type\":\"WebPage\",\"@id\":\"https:\\\/\\\/mediterraniaescola.cat\\\/recursos-educatius\\\/\",\"url\":\"https:\\\/\\\/mediterraniaescola.cat\\\/recursos-educatius\\\/\",\"name\":\"Recursos educativos - Mediterr\u00e0nia Escola de Dansa Irlandesa\",\"isPartOf\":{\"@id\":\"https:\\\/\\\/mediterraniaescola.cat\\\/#website\"},\"datePublished\":\"2018-06-11T09:43:08+00:00\",\"dateModified\":\"2021-08-31T09:56:58+00:00\",\"description\":\"Oferta a centros educativos, ayuntamientos, fiestas privadas\",\"breadcrumb\":{\"@id\":\"https:\\\/\\\/mediterraniaescola.cat\\\/recursos-educatius\\\/#breadcrumb\"},\"inLanguage\":\"es\",\"potentialAction\":[{\"@type\":\"ReadAction\",\"target\":[\"https:\\\/\\\/mediterraniaescola.cat\\\/recursos-educatius\\\/\"]}]},{\"@type\":\"BreadcrumbList\",\"@id\":\"https:\\\/\\\/mediterraniaescola.cat\\\/recursos-educatius\\\/#breadcrumb\",\"itemListElement\":[{\"@type\":\"ListItem\",\"position\":1,\"name\":\"Inici\",\"item\":\"https:\\\/\\\/mediterraniaescola.cat\\\/es\\\/\"},{\"@type\":\"ListItem\",\"position\":2,\"name\":\"Recursos educativos\"}]},{\"@type\":\"WebSite\",\"@id\":\"https:\\\/\\\/mediterraniaescola.cat\\\/#website\",\"url\":\"https:\\\/\\\/mediterraniaescola.cat\\\/\",\"name\":\"Mediterr\u00e0nia Escola de Dansa Irlandesa\",\"description\":\"Girona, Barcelona i Vic\",\"publisher\":{\"@id\":\"https:\\\/\\\/mediterraniaescola.cat\\\/#organization\"},\"alternateName\":\"Mediterr\u00e0nia\",\"potentialAction\":[{\"@type\":\"SearchAction\",\"target\":{\"@type\":\"EntryPoint\",\"urlTemplate\":\"https:\\\/\\\/mediterraniaescola.cat\\\/?s={search_term_string}\"},\"query-input\":{\"@type\":\"PropertyValueSpecification\",\"valueRequired\":true,\"valueName\":\"search_term_string\"}}],\"inLanguage\":\"es\"},{\"@type\":\"Organization\",\"@id\":\"https:\\\/\\\/mediterraniaescola.cat\\\/#organization\",\"name\":\"Mediterr\u00e0nia\",\"url\":\"https:\\\/\\\/mediterraniaescola.cat\\\/\",\"logo\":{\"@type\":\"ImageObject\",\"inLanguage\":\"es\",\"@id\":\"https:\\\/\\\/mediterraniaescola.cat\\\/#\\\/schema\\\/logo\\\/image\\\/\",\"url\":\"http:\\\/\\\/mediterraniaescola.cat\\\/wp-content\\\/uploads\\\/2017\\\/05\\\/mediterrania_logo.png\",\"contentUrl\":\"http:\\\/\\\/mediterraniaescola.cat\\\/wp-content\\\/uploads\\\/2017\\\/05\\\/mediterrania_logo.png\",\"width\":264,\"height\":123,\"caption\":\"Mediterr\u00e0nia\"},\"image\":{\"@id\":\"https:\\\/\\\/mediterraniaescola.cat\\\/#\\\/schema\\\/logo\\\/image\\\/\"},\"sameAs\":[\"https:\\\/\\\/www.facebook.com\\\/MediterraniaEscolaDeDansaIrlandesa\\\/\",\"https:\\\/\\\/www.instagram.com\\\/mediterraniairishdanceschool\\\/\"]}]}<\/script>\n<!-- \/ Yoast SEO plugin. -->","yoast_head_json":{"title":"Recursos educativos - Mediterr\u00e0nia Escola de Dansa Irlandesa","description":"Oferta a centros educativos, ayuntamientos, fiestas privadas","robots":{"index":"index","follow":"follow","max-snippet":"max-snippet:-1","max-image-preview":"max-image-preview:large","max-video-preview":"max-video-preview:-1"},"canonical":"https:\/\/mediterraniaescola.cat\/recursos-educatius\/","og_locale":"es_ES","og_type":"article","og_title":"Recursos educativos - Mediterr\u00e0nia Escola de Dansa Irlandesa","og_description":"Oferta a centros educativos, ayuntamientos, fiestas privadas","og_url":"https:\/\/mediterraniaescola.cat\/recursos-educatius\/","og_site_name":"Mediterr\u00e0nia Escola de Dansa Irlandesa","article_publisher":"https:\/\/www.facebook.com\/MediterraniaEscolaDeDansaIrlandesa\/","article_modified_time":"2021-08-31T09:56:58+00:00","twitter_card":"summary_large_image","schema":{"@context":"https:\/\/schema.org","@graph":[{"@type":"WebPage","@id":"https:\/\/mediterraniaescola.cat\/recursos-educatius\/","url":"https:\/\/mediterraniaescola.cat\/recursos-educatius\/","name":"Recursos educativos - Mediterr\u00e0nia Escola de Dansa Irlandesa","isPartOf":{"@id":"https:\/\/mediterraniaescola.cat\/#website"},"datePublished":"2018-06-11T09:43:08+00:00","dateModified":"2021-08-31T09:56:58+00:00","description":"Oferta a centros educativos, ayuntamientos, fiestas privadas","breadcrumb":{"@id":"https:\/\/mediterraniaescola.cat\/recursos-educatius\/#breadcrumb"},"inLanguage":"es","potentialAction":[{"@type":"ReadAction","target":["https:\/\/mediterraniaescola.cat\/recursos-educatius\/"]}]},{"@type":"BreadcrumbList","@id":"https:\/\/mediterraniaescola.cat\/recursos-educatius\/#breadcrumb","itemListElement":[{"@type":"ListItem","position":1,"name":"Inici","item":"https:\/\/mediterraniaescola.cat\/es\/"},{"@type":"ListItem","position":2,"name":"Recursos educativos"}]},{"@type":"WebSite","@id":"https:\/\/mediterraniaescola.cat\/#website","url":"https:\/\/mediterraniaescola.cat\/","name":"Mediterr\u00e0nia Escola de Dansa Irlandesa","description":"Girona, Barcelona i Vic","publisher":{"@id":"https:\/\/mediterraniaescola.cat\/#organization"},"alternateName":"Mediterr\u00e0nia","potentialAction":[{"@type":"SearchAction","target":{"@type":"EntryPoint","urlTemplate":"https:\/\/mediterraniaescola.cat\/?s={search_term_string}"},"query-input":{"@type":"PropertyValueSpecification","valueRequired":true,"valueName":"search_term_string"}}],"inLanguage":"es"},{"@type":"Organization","@id":"https:\/\/mediterraniaescola.cat\/#organization","name":"Mediterr\u00e0nia","url":"https:\/\/mediterraniaescola.cat\/","logo":{"@type":"ImageObject","inLanguage":"es","@id":"https:\/\/mediterraniaescola.cat\/#\/schema\/logo\/image\/","url":"https:\/\/mediterraniaescola.cat\/wp-content\/uploads\/2017\/05\/mediterrania_logo.png","contentUrl":"https:\/\/mediterraniaescola.cat\/wp-content\/uploads\/2017\/05\/mediterrania_logo.png","width":264,"height":123,"caption":"Mediterr\u00e0nia"},"image":{"@id":"https:\/\/mediterraniaescola.cat\/#\/schema\/logo\/image\/"},"sameAs":["https:\/\/www.facebook.com\/MediterraniaEscolaDeDansaIrlandesa\/","https:\/\/www.instagram.com\/mediterraniairishdanceschool\/"]}]}},"_links":{"self":[{"href":"https:\/\/mediterraniaescola.cat\/es\/wp-json\/wp\/v2\/pages\/2653","targetHints":{"allow":["GET"]}}],"collection":[{"href":"https:\/\/mediterraniaescola.cat\/es\/wp-json\/wp\/v2\/pages"}],"about":[{"href":"https:\/\/mediterraniaescola.cat\/es\/wp-json\/wp\/v2\/types\/page"}],"author":[{"embeddable":true,"href":"https:\/\/mediterraniaescola.cat\/es\/wp-json\/wp\/v2\/users\/2"}],"replies":[{"embeddable":true,"href":"https:\/\/mediterraniaescola.cat\/es\/wp-json\/wp\/v2\/comments?post=2653"}],"version-history":[{"count":0,"href":"https:\/\/mediterraniaescola.cat\/es\/wp-json\/wp\/v2\/pages\/2653\/revisions"}],"wp:attachment":[{"href":"https:\/\/mediterraniaescola.cat\/es\/wp-json\/wp\/v2\/media?parent=2653"}],"curies":[{"name":"wp","href":"https:\/\/api.w.org\/{rel}","templated":true}]}}