{"id":2655,"date":"2017-03-29T17:17:47","date_gmt":"2017-03-29T15:17:47","guid":{"rendered":"http:\/\/mediterraniadeb.joangwilkinson.com\/contacte\/"},"modified":"2018-08-03T12:00:59","modified_gmt":"2018-08-03T10:00:59","slug":"contacto","status":"publish","type":"page","link":"https:\/\/mediterraniaescola.cat\/es\/contacto\/","title":{"rendered":"Contacto"},"content":{"rendered":"<div class=\"wpb-content-wrapper\"><div    class=\"vc_row wpb_row section vc_row-fluid principal grid_section\" style=' text-align:left;'><div class=\" section_inner clearfix\"><div class='section_inner_margin clearfix'><div class=\"wpb_column vc_column_container vc_col-sm-12\"><div class=\"vc_column-inner\"><div class=\"wpb_wrapper\"><div class=\"vc_row wpb_row vc_inner vc_row-fluid vc_column-gap-30\"><div class=\"wpb_column vc_column_container vc_col-sm-8\"><div class=\"vc_column-inner\"><div class=\"wpb_wrapper\">\n\t<div class=\"wpb_text_column wpb_content_element \" >\n\t\t<div class=\"wpb_wrapper\">\n\t\t\t<h2>Contacto<\/h2>\n<p>Nuestro sistema de Contacto online permite consultar horarios, cursos, resolver dudas, y pedir disponibilidad para asistir a una clase. Si no tenemos ning\u00fan curso en la localizaci\u00f3n deseada, incluiremos su petici\u00f3n a la lista de espera. Consulte <a href=\"https:\/\/mediterraniaescola.cat\/es\/ubicacion\/\">Nuestras ubicaciones aqu\u00ed<\/a>,\u00a0 en la p\u00e1gina de cada curso se especifica d\u00eda y hora.<\/p>\n<p>Revise el formulario espec\u00edfico en cada caso, para Alumnos (particulares) o bien por Escuelas, Instituciones o Asociaciones <b>y otros centros culturales, educativos o art\u00edsticos.<\/b><\/p>\n<p>Recuerde que tambi\u00e9n puede contactarnos por correo para cualquier consulta a <a href=\"&#109;&#x61;&#105;&#x6c;&#116;&#x6f;&#58;&#x69;&#110;&#x66;&#111;&#x40;m&#x65;d&#x69;t&#x65;r&#x72;a&#x6e;i&#97;&#x65;&#115;&#x63;&#111;&#x6c;&#97;&#x2e;&#99;&#x61;&#116;\">&#x69;&#x6e;&#x66;&#111;&#64;me&#x64;&#x69;&#x74;&#101;&#114;ra&#x6e;&#x69;&#x61;&#101;&#115;co&#x6c;&#x61;&#x2e;&#99;&#97;t<\/a> o por tel\u00e8fono al <a href=\"tel:+34637579754\">+34 637 579 754<\/a>.<\/p>\n\n\t\t<\/div>\n\t<\/div>\n<\/div><\/div><\/div><div class=\"wpb_column vc_column_container vc_col-sm-4\"><div class=\"vc_column-inner\"><div class=\"wpb_wrapper\"><\/div><\/div><\/div><\/div><\/div><\/div><\/div><\/div><\/div><\/div><div    class=\"vc_row wpb_row section vc_row-fluid secundari grid_section\" style=' text-align:left;'><div class=\" section_inner clearfix\"><div class='section_inner_margin clearfix'><div class=\"wpb_column vc_column_container vc_col-sm-12\"><div class=\"vc_column-inner\"><div class=\"wpb_wrapper\"><div class=\"vc_row wpb_row vc_inner vc_row-fluid principalcenter vc_column-gap-30 vc_row-o-equal-height vc_row-o-content-top vc_row-flex\"><div class=\"wpb_column vc_column_container vc_col-sm-6\"><div class=\"vc_column-inner\"><div class=\"wpb_wrapper\">\n\t<div class=\"wpb_text_column wpb_content_element \" >\n\t\t<div class=\"wpb_wrapper\">\n\t\t\t<h2>Inscripciones<\/h2>\n<p><span style=\"font-weight: 400;\">Para aquellos alumnos que deseen inscribirse en nuestros cursos de Danza Irlandesa o Ingl\u00e9s, adem\u00e1s de a las diferentes actividades, es necesario rellenar el formulario de inscripci\u00f3n y enviar un correo electr\u00f3nico a <\/span><span style=\"font-weight: 400;\">i&#110;&#102;&#x6f;&#x40;&#x6d;e&#100;&#105;&#x74;&#x65;&#x72;ra&#110;&#x69;&#x61;&#x65;sc&#111;&#108;&#x61;&#x2e;&#x63;a&#116;<\/span><span style=\"font-weight: 400;\">\u00a0. <\/span><span style=\"font-weight: 400;\">Os responderemos lo m\u00e1s pronto posible. <\/span><\/p>\n\n\t\t<\/div>\n\t<\/div>\n<div class=\"vc_btn3-container vc_btn3-inline\" ><a class=\"vc_general vc_btn3 vc_btn3-size-md vc_btn3-shape-square vc_btn3-style-flat vc_btn3-color-grey\" href=\"https:\/\/mediterraniaescola.cat\/inscripcions\/\" title=\"\">Formulario de inscripciones<\/a><\/div><\/div><\/div><\/div><div class=\"wpb_column vc_column_container vc_col-sm-6\"><div class=\"vc_column-inner\"><div class=\"wpb_wrapper\">\n\t<div class=\"wpb_text_column wpb_content_element \" >\n\t\t<div class=\"wpb_wrapper\">\n\t\t\t<h2>Talleres, recursos y exhibiciones<\/h2>\n<p><span style=\"font-weight: 400;\">Disponemos de una serie de recursos educativos, talleres y exhibiciones para escuelas, instituciones y particulares, tanto de danza irlandesa como de ingl\u00e9s. contacto:\u00a0<\/span>info&#64;m&#101;&#100;&#105;&#116;&#101;&#114;&#114;&#x61;&#x6e;&#x69;&#x61;&#x65;&#x73;&#x63;&#x6f;&#x6c;&#x61;&#x2e;&#x63;at<\/p>\n\n\t\t<\/div>\n\t<\/div>\n<div class=\"vc_btn3-container vc_btn3-inline\" ><a class=\"vc_general vc_btn3 vc_btn3-size-md vc_btn3-shape-square vc_btn3-style-flat vc_btn3-color-grey\" href=\"https:\/\/docs.google.com\/forms\/d\/1HW6Z64esT8Gwx0_khrVOaf5K5Xp6Im1BJ8s2Kh11rYk\/edit\" title=\"\" target=\"_blank\">Formulario para Recursos y Talleres<\/a><\/div><\/div><\/div><\/div><\/div><\/div><\/div><\/div><\/div><\/div><\/div>\n<\/div>","protected":false},"excerpt":{"rendered":"Contacto Nuestro sistema de Contacto online permite consultar horarios, cursos, resolver dudas, y pedir disponibilidad para asistir a una clase. Si no tenemos ning\u00fan curso en la localizaci\u00f3n deseada, incluiremos su petici\u00f3n a la lista de espera. Consulte Nuestras ubicaciones aqu\u00ed,\u00a0 en la p\u00e1gina de...","protected":false},"author":2,"featured_media":0,"parent":0,"menu_order":7,"comment_status":"closed","ping_status":"closed","template":"full_width.php","meta":{"footnotes":""},"class_list":["post-2655","page","type-page","status-publish","hentry"],"yoast_head":"<!-- This site is optimized with the Yoast SEO plugin v27.3 - https:\/\/yoast.com\/product\/yoast-seo-wordpress\/ -->\n<title>Contacto - Mediterr\u00e0nia Escola de Dansa Irlandesa<\/title>\n<meta name=\"robots\" content=\"index, follow, max-snippet:-1, max-image-preview:large, max-video-preview:-1\" \/>\n<link rel=\"canonical\" href=\"https:\/\/mediterraniaescola.cat\/contacte\/\" \/>\n<meta property=\"og:locale\" content=\"es_ES\" \/>\n<meta property=\"og:type\" content=\"article\" \/>\n<meta property=\"og:title\" content=\"Contacto - Mediterr\u00e0nia Escola de Dansa Irlandesa\" \/>\n<meta property=\"og:url\" content=\"https:\/\/mediterraniaescola.cat\/contacte\/\" \/>\n<meta property=\"og:site_name\" content=\"Mediterr\u00e0nia Escola de Dansa Irlandesa\" \/>\n<meta property=\"article:publisher\" content=\"https:\/\/www.facebook.com\/MediterraniaEscolaDeDansaIrlandesa\/\" \/>\n<meta property=\"article:modified_time\" content=\"2018-08-03T10:00:59+00:00\" \/>\n<meta name=\"twitter:card\" content=\"summary_large_image\" \/>\n<script type=\"application\/ld+json\" class=\"yoast-schema-graph\">{\"@context\":\"https:\\\/\\\/schema.org\",\"@graph\":[{\"@type\":\"WebPage\",\"@id\":\"https:\\\/\\\/mediterraniaescola.cat\\\/contacte\\\/\",\"url\":\"https:\\\/\\\/mediterraniaescola.cat\\\/contacte\\\/\",\"name\":\"Contacto - Mediterr\u00e0nia Escola de Dansa Irlandesa\",\"isPartOf\":{\"@id\":\"https:\\\/\\\/mediterraniaescola.cat\\\/#website\"},\"datePublished\":\"2017-03-29T15:17:47+00:00\",\"dateModified\":\"2018-08-03T10:00:59+00:00\",\"breadcrumb\":{\"@id\":\"https:\\\/\\\/mediterraniaescola.cat\\\/contacte\\\/#breadcrumb\"},\"inLanguage\":\"es\",\"potentialAction\":[{\"@type\":\"ReadAction\",\"target\":[\"https:\\\/\\\/mediterraniaescola.cat\\\/contacte\\\/\"]}]},{\"@type\":\"BreadcrumbList\",\"@id\":\"https:\\\/\\\/mediterraniaescola.cat\\\/contacte\\\/#breadcrumb\",\"itemListElement\":[{\"@type\":\"ListItem\",\"position\":1,\"name\":\"Inici\",\"item\":\"https:\\\/\\\/mediterraniaescola.cat\\\/es\\\/\"},{\"@type\":\"ListItem\",\"position\":2,\"name\":\"Contacto\"}]},{\"@type\":\"WebSite\",\"@id\":\"https:\\\/\\\/mediterraniaescola.cat\\\/#website\",\"url\":\"https:\\\/\\\/mediterraniaescola.cat\\\/\",\"name\":\"Mediterr\u00e0nia Escola de Dansa Irlandesa\",\"description\":\"Girona, Barcelona i Vic\",\"publisher\":{\"@id\":\"https:\\\/\\\/mediterraniaescola.cat\\\/#organization\"},\"alternateName\":\"Mediterr\u00e0nia\",\"potentialAction\":[{\"@type\":\"SearchAction\",\"target\":{\"@type\":\"EntryPoint\",\"urlTemplate\":\"https:\\\/\\\/mediterraniaescola.cat\\\/?s={search_term_string}\"},\"query-input\":{\"@type\":\"PropertyValueSpecification\",\"valueRequired\":true,\"valueName\":\"search_term_string\"}}],\"inLanguage\":\"es\"},{\"@type\":\"Organization\",\"@id\":\"https:\\\/\\\/mediterraniaescola.cat\\\/#organization\",\"name\":\"Mediterr\u00e0nia\",\"url\":\"https:\\\/\\\/mediterraniaescola.cat\\\/\",\"logo\":{\"@type\":\"ImageObject\",\"inLanguage\":\"es\",\"@id\":\"https:\\\/\\\/mediterraniaescola.cat\\\/#\\\/schema\\\/logo\\\/image\\\/\",\"url\":\"http:\\\/\\\/mediterraniaescola.cat\\\/wp-content\\\/uploads\\\/2017\\\/05\\\/mediterrania_logo.png\",\"contentUrl\":\"http:\\\/\\\/mediterraniaescola.cat\\\/wp-content\\\/uploads\\\/2017\\\/05\\\/mediterrania_logo.png\",\"width\":264,\"height\":123,\"caption\":\"Mediterr\u00e0nia\"},\"image\":{\"@id\":\"https:\\\/\\\/mediterraniaescola.cat\\\/#\\\/schema\\\/logo\\\/image\\\/\"},\"sameAs\":[\"https:\\\/\\\/www.facebook.com\\\/MediterraniaEscolaDeDansaIrlandesa\\\/\",\"https:\\\/\\\/www.instagram.com\\\/mediterraniairishdanceschool\\\/\"]}]}<\/script>\n<!-- \/ Yoast SEO plugin. -->","yoast_head_json":{"title":"Contacto - Mediterr\u00e0nia Escola de Dansa Irlandesa","robots":{"index":"index","follow":"follow","max-snippet":"max-snippet:-1","max-image-preview":"max-image-preview:large","max-video-preview":"max-video-preview:-1"},"canonical":"https:\/\/mediterraniaescola.cat\/contacte\/","og_locale":"es_ES","og_type":"article","og_title":"Contacto - Mediterr\u00e0nia Escola de Dansa Irlandesa","og_url":"https:\/\/mediterraniaescola.cat\/contacte\/","og_site_name":"Mediterr\u00e0nia Escola de Dansa Irlandesa","article_publisher":"https:\/\/www.facebook.com\/MediterraniaEscolaDeDansaIrlandesa\/","article_modified_time":"2018-08-03T10:00:59+00:00","twitter_card":"summary_large_image","schema":{"@context":"https:\/\/schema.org","@graph":[{"@type":"WebPage","@id":"https:\/\/mediterraniaescola.cat\/contacte\/","url":"https:\/\/mediterraniaescola.cat\/contacte\/","name":"Contacto - Mediterr\u00e0nia Escola de Dansa Irlandesa","isPartOf":{"@id":"https:\/\/mediterraniaescola.cat\/#website"},"datePublished":"2017-03-29T15:17:47+00:00","dateModified":"2018-08-03T10:00:59+00:00","breadcrumb":{"@id":"https:\/\/mediterraniaescola.cat\/contacte\/#breadcrumb"},"inLanguage":"es","potentialAction":[{"@type":"ReadAction","target":["https:\/\/mediterraniaescola.cat\/contacte\/"]}]},{"@type":"BreadcrumbList","@id":"https:\/\/mediterraniaescola.cat\/contacte\/#breadcrumb","itemListElement":[{"@type":"ListItem","position":1,"name":"Inici","item":"https:\/\/mediterraniaescola.cat\/es\/"},{"@type":"ListItem","position":2,"name":"Contacto"}]},{"@type":"WebSite","@id":"https:\/\/mediterraniaescola.cat\/#website","url":"https:\/\/mediterraniaescola.cat\/","name":"Mediterr\u00e0nia Escola de Dansa Irlandesa","description":"Girona, Barcelona i Vic","publisher":{"@id":"https:\/\/mediterraniaescola.cat\/#organization"},"alternateName":"Mediterr\u00e0nia","potentialAction":[{"@type":"SearchAction","target":{"@type":"EntryPoint","urlTemplate":"https:\/\/mediterraniaescola.cat\/?s={search_term_string}"},"query-input":{"@type":"PropertyValueSpecification","valueRequired":true,"valueName":"search_term_string"}}],"inLanguage":"es"},{"@type":"Organization","@id":"https:\/\/mediterraniaescola.cat\/#organization","name":"Mediterr\u00e0nia","url":"https:\/\/mediterraniaescola.cat\/","logo":{"@type":"ImageObject","inLanguage":"es","@id":"https:\/\/mediterraniaescola.cat\/#\/schema\/logo\/image\/","url":"https:\/\/mediterraniaescola.cat\/wp-content\/uploads\/2017\/05\/mediterrania_logo.png","contentUrl":"https:\/\/mediterraniaescola.cat\/wp-content\/uploads\/2017\/05\/mediterrania_logo.png","width":264,"height":123,"caption":"Mediterr\u00e0nia"},"image":{"@id":"https:\/\/mediterraniaescola.cat\/#\/schema\/logo\/image\/"},"sameAs":["https:\/\/www.facebook.com\/MediterraniaEscolaDeDansaIrlandesa\/","https:\/\/www.instagram.com\/mediterraniairishdanceschool\/"]}]}},"_links":{"self":[{"href":"https:\/\/mediterraniaescola.cat\/es\/wp-json\/wp\/v2\/pages\/2655","targetHints":{"allow":["GET"]}}],"collection":[{"href":"https:\/\/mediterraniaescola.cat\/es\/wp-json\/wp\/v2\/pages"}],"about":[{"href":"https:\/\/mediterraniaescola.cat\/es\/wp-json\/wp\/v2\/types\/page"}],"author":[{"embeddable":true,"href":"https:\/\/mediterraniaescola.cat\/es\/wp-json\/wp\/v2\/users\/2"}],"replies":[{"embeddable":true,"href":"https:\/\/mediterraniaescola.cat\/es\/wp-json\/wp\/v2\/comments?post=2655"}],"version-history":[{"count":0,"href":"https:\/\/mediterraniaescola.cat\/es\/wp-json\/wp\/v2\/pages\/2655\/revisions"}],"wp:attachment":[{"href":"https:\/\/mediterraniaescola.cat\/es\/wp-json\/wp\/v2\/media?parent=2655"}],"curies":[{"name":"wp","href":"https:\/\/api.w.org\/{rel}","templated":true}]}}