{"id":2659,"date":"2017-03-29T17:17:35","date_gmt":"2017-03-29T15:17:35","guid":{"rendered":"http:\/\/mediterraniadeb.joangwilkinson.com\/legal\/"},"modified":"2018-08-03T11:09:03","modified_gmt":"2018-08-03T09:09:03","slug":"legal","status":"publish","type":"page","link":"https:\/\/mediterraniaescola.cat\/es\/legal\/","title":{"rendered":"Condiciones de uso y Pol\u00edtica de Privacidad"},"content":{"rendered":"<div class=\"wpb-content-wrapper\"><div    class=\"vc_row wpb_row section vc_row-fluid principal grid_section\" style=' text-align:left;'><div class=\" section_inner clearfix\"><div class='section_inner_margin clearfix'><div class=\"wpb_column vc_column_container vc_col-sm-12\"><div class=\"vc_column-inner\"><div class=\"wpb_wrapper\"><div class=\"vc_row wpb_row vc_inner vc_row-fluid contingut vc_column-gap-20\"><div class=\"wpb_column vc_column_container vc_col-sm-6\"><div class=\"vc_column-inner\"><div class=\"wpb_wrapper\">\n\t<div class=\"wpb_text_column wpb_content_element \" >\n\t\t<div class=\"wpb_wrapper\">\n\t\t\t<h3>Objeto<\/h3>\n<p>Las presentes Condiciones Generales regulan el acceso ay el uso del sitio web propiedad de MEDITERRANIA.<\/p>\n<h3>Condici\u00f3n de usuario<\/h3>\n<p>Toda persona que acceda al Sitio Web deber\u00e1 leer las Condiciones Generales vigentes en el momento de su acceso, debiendo abstenerse de utilizar el Sitio Web en caso de no estar plenamente de acuerdo con su contenido. La mera utilizaci\u00f3n del Sitio Web atribuye la condici\u00f3n de usuario ( \u00abUsuario\u00bb) y supone la plena aceptaci\u00f3n de y adhesi\u00f3n sin reservas a estas Condiciones Generales.<\/p>\n<h3>El sitio web<\/h3>\n<p>A trav\u00e9s de la direcci\u00f3n IP [www.mediterraniaescola.cat] (el \u00abSitio Web\u00bb), MEDITERRANIA pone a disposici\u00f3n de los Usuarios un conjunto de contenidos e informaciones de diversa \u00edndole, generalmente referidos a los productos y servicios comercializados por MEDITERRANIA.<\/p>\n<h3>Modificaci\u00f3n de las condiciones generales<\/h3>\n<p>MEDITERRANIA se reserva el derecho de modificar, en cualquier momento y sin necesidad de previo aviso, la presentaci\u00f3n y el contenido disponible en el sitio web, as\u00ed como las presentes Condiciones Generales. En consecuencia, cada vez que acceda al Sitio Web, el Usuario deber\u00e1 consultar y aceptar la \u00faltima versi\u00f3n disponible de estas Condiciones Generales antes de continuar utilizando el Sitio Web.<\/p>\n<h3>Uso del sitio web<\/h3>\n<p>El uso del sitio Web tendr\u00e1 car\u00e1cter gratuito, en el bien entendido que ir\u00e1n a cargo del usuario los costes de acceso a Internet, as\u00ed como los que se deriven, en su caso, de la adquisici\u00f3n de licencias de uso de aplicaciones inform\u00e1ticas necesarias para utilizar el Sitio Web.<\/p>\n<p>El Usuario acepta que el uso del sitio web se realiza en todo caso bajo su \u00fanica y exclusiva responsabilidad. En la utilizaci\u00f3n del Sitio Web, el Usuario se compromete a no falsear su identidad, a no llevar a cabo ninguna conducta que pueda da\u00f1ar la imagen, los intereses y los derechos de MEDITERRANIA o de terceros ni que sea contraria a la Ley, la moral o el orden p\u00fablico o pueda da\u00f1ar, inutilizar, sobrecargar o impedir de cualquier forma la normal utilizaci\u00f3n del Sitio Web.<\/p>\n<p>MEDITERRANIA adopta medidas de seguridad razonablemente adecuadas para detectar la existencia de virus. Sin embargo, el Usuario es consciente y acepta que las medidas de seguridad disponibles para los sistemas inform\u00e1ticos en Internet no son enteramente fiables y que, por tanto, MEDITERRANIA no puede garantizar la inexistencia de virus u otros elementos que puedan producir alteraciones en los sistemas inform\u00e1ticos (software y hardware) del Usuario o en sus documentos electr\u00f3nicos y ficheros contenidos en los anteriores.<\/p>\n<h3>Contenidos del sitio web<\/h3>\n<p>Los contenidos disponibles a trav\u00e9s del sitio web son puestos a disposici\u00f3n del Usuario por MEDITERRANIA a partir de informaciones generadas por la propia MEDITERRANIA o procedentes de terceros. MEDITERRANIAprocura que estos contenidos sean de la mayor calidad posible y est\u00e9n razonablemente actualizados, pero no garantiza la utilidad, idoneidad, exactitud, exhaustividad, pertinencia y \/ o actualidad de los Contenidos.<\/p>\n<p>El usuario puede dirigirse a MEDITERRANIA para contrastar la exactitud y actualidad de los Contenidos a trav\u00e9s de la direcci\u00f3n de correo electr\u00f3nico [&#105;n&#x66;o&#x40;&#109;&#x65;&#100;&#x69;&#116;e&#x72;r&#x61;&#110;&#x69;&#97;&#x65;&#115;&#x63;&#111;l&#x61;&#46;&#x63;&#97;&#x74;]<\/p>\n<p>En consecuencia, y salvo lo dispuesto en las normas imperativas que sean aplicables, MEDITERRANIA no asume ninguna responsabilidad frente al Usuario derivada de la existencia de informaciones err\u00f3neas, inexactas, no exhaustivas, impertinentes o no actualizadas en el Sitio Web .<\/p>\n<h3>Derechos de propiedad intelectual e industrial<\/h3>\n<p>El sitio web y los diferentes elementos que lo integran, tales como bases de datos, aplicaciones inform\u00e1ticas, signos distintivos, logotipos, fotograf\u00edas, fragmentos de obras audiovisuales, dise\u00f1os gr\u00e1ficos o cualesquiera otros, est\u00e1n sujetos a derechos de propiedad intelectual y industrial de los que MEDITERRANIA es titular exclusivo o cesionario con el alcance requerido.<\/p>\n<p>Las presentes Condiciones Generales no implican cesi\u00f3n ni transmisi\u00f3n a favor del Usuario de ning\u00fan derecho de propiedad intelectual o industrial sobre el Sitio Web ni sobre cualquiera de sus elementos integrantes.<\/p>\n<p>Quedan expresamente prohibidos al Usuario los actos de reproducci\u00f3n, distribuci\u00f3n, transformaci\u00f3n, comunicaci\u00f3n p\u00fablica, puesta a disposici\u00f3n, extracci\u00f3n, reutilizaci\u00f3n, reenv\u00edo o la explotaci\u00f3n por cualquier medio o procedimiento del Sitio Web o de sus elementos integrantes, excepto en los casos en que est\u00e9 legalmente permitido o medie autorizaci\u00f3n expresa y por escrito de MEDITERRANIA.<\/p>\n<p>El Usuario podr\u00e1 visualizar y obtener una copia privada temporal de los contenidos disponibles a trav\u00e9s del Sitio Web para su exclusivo uso personal y privado en sus sistemas inform\u00e1ticos, siempre que no sea con la finalidad de desarrollar actividades de car\u00e1cter comercial o profesional.<\/p>\n<p>El Usuario deber\u00e1 abstenerse de eludir o tratar de eludir cualquier medida tecnol\u00f3gica adoptada por MEDITERRANIA para restringir actos que no cuenten con la autorizaci\u00f3n de MEDITERRANIA o de terceros titulares de derechos sobre obras o prestaciones protegidas accesibles a trav\u00e9s del sitio web.<\/p>\n<p>El Usuario deber\u00e1 respetar en todo momento todos los derechos de propiedad intelectual e industrial sobre el Sitio Web, ya sean de titularidad de MEDITERRANIA o de terceros.<\/p>\n<p>Procedimiento de notificaci\u00f3n de contenidos il\u00edcitos o infractores<br \/>\nEn caso de que un Usuario considere que cualquiera de los contenidos o informaciones disponibles a trav\u00e9s del Sitio Web infringe sus derechos o resulta, por cualquier motivo, il\u00edcito, puede poner en conocimiento de MEDITERRANIA mediante una carta dirigida a su domicilio social, incluyendo la referencia \u00abContenidos Il\u00edcitos\u00bb.<\/p>\n<p>En su comunicaci\u00f3n, el Usuario debe identificar los puntos siguientes:<br \/>\n&#8211; Su nombre, datos de contacto y n\u00famero de DNI o documento equivalente.<br \/>\n&#8211; El \/ los contenido \/ s de la Web que considere il\u00edcito \/ so lesivo \/ s de sus derechos.<br \/>\n&#8211; El motivo por el que considera que el \/ los contenido \/ s denunciado \/ s resulta \/ n il\u00edcito \/ so lesiona \/ n sus derechos.<br \/>\n&#8211; El derecho que considera lesionado o la norma presuntamente infringida por MEDITERRANIA, indicando, en su caso, la obra, prestaci\u00f3n protegida, invenci\u00f3n o signo distintivo del que sea titular.<br \/>\n&#8211; Una declaraci\u00f3n firmada mediante la que se haga responsable de la veracidad de lo manifestado en MEDITERRANIA en su comunicaci\u00f3n.<\/p>\n\n\t\t<\/div>\n\t<\/div>\n<\/div><\/div><\/div><div class=\"wpb_column vc_column_container vc_col-sm-6\"><div class=\"vc_column-inner\"><div class=\"wpb_wrapper\">\n\t<div class=\"wpb_text_column wpb_content_element \" >\n\t\t<div class=\"wpb_wrapper\">\n\t\t\t<h3>Hiperenlaces y sitios enlazados<\/h3>\n<p>Los Usuarios y, en general, aquellas personas que se propongan establecer un hiperenlace entre su p\u00e1gina web y el Sitio Web (un \u00abHiperenlace\u00bb) deber\u00e1n cumplir los t\u00e9rminos que a continuaci\u00f3n se establecen. El establecemient de un Hiperenlace bajo t\u00e9rminos distintos de los que se recogen a continuaci\u00f3n requerir\u00e1 la previa aceptaci\u00f3n por escrito de MEDITERRANIA:<br \/>\n&#8211; El Hiperenlace \u00fanicamente permitir\u00e1 el redireccionamiento al Sitio Web, pero no podr\u00e1 suponer la reproducci\u00f3n total o parcial del contenido del sitio web.<br \/>\n&#8211; El Usuario no podr\u00e1 reproducir ni imitar en su p\u00e1gina web la totalidad o parte del Sitio Web, en particular no podr\u00e1 reproducir ni imitar la forma de presentaci\u00f3n o disposici\u00f3n de los contenidos ( \u00ablook and feel\u00bb) del sitio web de tal manera que se pueda generar un riesgo de asociaci\u00f3n o confusi\u00f3n entre el Sitio web y la p\u00e1gina web del Usuario.<br \/>\n&#8211; El usuario no utilizar\u00e1 marcos ( \u00abFrames\u00bb) o enlaces ensamblados ( \u00abInline Links\u00bb) al Sitio Web ni crear\u00e1 un entorno o barra de navegaci\u00f3n sobre los contenidos del sitio web.<br \/>\n&#8211; El usuario no realizar\u00e1 manifestaciones o indicaciones falsas, inexactas, incorrectas o denigratorias sobre el sitio web, sobre MEDITERRANIA, sobre las empresas que pertenecen a su grupo empresarial ni sobre los administradores, empleados, productos o servicios de cualquiera de ellas.<br \/>\n&#8211; El Usuario no declarar\u00e1 ni sugerir\u00e1 la existencia de una relaci\u00f3n de colaboraci\u00f3n o asociaci\u00f3n empresarial con MEDITERRANIA, y se abstendr\u00e1 de presentar los contenidos ofrecidos a trav\u00e9s de la p\u00e1gina web en la que se establezca el Hiperenlace como a contenidos aprobados o supervisados \u200b\u200bpor MEDITERRANIA.<br \/>\n&#8211; La p\u00e1gina web en la que se establezca el Hiperenlace no contendr\u00e1 ning\u00fan signo distintivo, incluidas denominaciones, logotipos o esl\u00f3ganes, que identifiquen MEDITERRANIA, excepci\u00f3n hecha de aquellas denominaciones que formen parte del mismo enlace.<br \/>\n&#8211; La p\u00e1gina web en la que se establezca el Hiperenlace no contendr\u00e1 informaciones o contenidos il\u00edcitos, contrarios a la moral, a las buenas costumbres generalmente aceptadas y al orden p\u00fablico, as\u00ed como tampoco contendr\u00e1 contenidos contrarios a cualesquiera derechos de terceros.<br \/>\n&#8211; En todo caso, MEDITERRANIA se reserva el derecho de prohibir o inutilizar, de manera discrecional, en cualquier momento, cualquier Hiperenlace al Sitio Web. El Usuario est\u00e1 obligado a modificar o retirar inmediatamente de su p\u00e1gina web cualquier Hiperenlace, contenido o signo distintivo propiedad de MEDITERRANIA si as\u00ed le fuera requerido.<\/p>\n<h3>Tratamiento de datos de car\u00e1cter personal<\/h3>\n<p>Por el mero hecho de visitar el Sitio Web no queda registrado de forma autom\u00e1tica ning\u00fan dato de car\u00e1cter personal que identifique a un Usuario. Sin embargo, hay determinada informaci\u00f3n de car\u00e1cter no personal y no identificable con un Usuario concreto que se recoge y queda grabada en los servidores de MEDITERRANIA con el \u00fanico objeto de facilitar la navegaci\u00f3n del Usuario y mejorar la gesti\u00f3n del sitio web .<\/p>\n<p>Esta informaci\u00f3n queda recogida a trav\u00e9s de archivos com\u00fanmente denominados \u00abcookies\u00bb, que permiten dejar constancia de datos tales como el tipo de navegador de Internet del Usuario, su sistema operativo, la direcci\u00f3n IP desde la que se accede al sitio web o sus preferencias en cuanto a la disposici\u00f3n de los contenidos en la p\u00e1gina web.<\/p>\n<p>En todo caso, el Usuario tiene la posibilidad de configurar su navegador para que \u00e9ste le avise de la recepci\u00f3n de cookies, as\u00ed como para impedir su instalaci\u00f3n en el disco duro de su ordenador. Al modificar la configuraci\u00f3n de su navegador, el Usuario puede aceptar o rechazar todas las cookies y pedir que se le notifique con car\u00e1cter previo a la instalaci\u00f3n de cada una de ellas.<\/p>\n<p>Sin perjuicio de lo anterior, en el supuesto de que a trav\u00e9s del Sitio Web MEDITERRANIA llegue a recabar datos personales del Usuario, MEDITERRANIA proporcionar\u00e1 al Usuario la informaci\u00f3n necesaria para que, con car\u00e1cter previo, \u00e9ste pueda prestar su consentimiento a fin que MEDITERRANIA proceda al tratamiento de sus datos de car\u00e1cter personal de acuerdo con las finalidades deseadas y los incorpore a los correspondientes ficheros titularidad de MEDITERRANIA<\/p>\n<p>La pol\u00edtica de MEDITERRANIA en materia de tratamiento de los datos de car\u00e1cter personal de los Usuarios se basa en la protecci\u00f3n de la confidencialidad y en el respeto a la voluntad de los Usuarios.<\/p>\n<p>En consecuencia, MEDITERRANIA \u00fanicamente trata los datos personales que los Usuarios le faciliten consciente y voluntariamente y este tratamiento \u00fanicamente persigue la finalidad de que cada Usuario, seg\u00fan sus preferencias, haya consentido en el momento de facilitar sus datos. En cumplimiento de sus obligaciones legales, MEDITERRANIA garantiza a los Usuarios que adoptar\u00e1 las medidas necesarias para asegurar la confidencialidad y el buen uso de sus datos personales, as\u00ed como la posibilidad de que los Usuarios ejerciten en cualquier momento sus derechos de acceso, rectificaci\u00f3n , cancelaci\u00f3n y oposici\u00f3n al tratamiento de sus datos personales, en los t\u00e9rminos que establece la legislaci\u00f3n vigente.<\/p>\n<h3>Ley aplicable<\/h3>\n<p>Estas Condiciones Generales se rigen por la Ley espa\u00f1ola com\u00fan.<\/p>\n<h3>Jurisdicci\u00f3n<\/h3>\n<p>MEDITERRANIA y el Usuario, con renuncia expresa a cualquier otro fuero, se someten al de los Juzgados y Tribunales del domicilio del Usuario para cualquier controversia que pudiera derivarse del acceso al Sitio Web. En caso de que el Usuario tenga su domicilio fuera de Espa\u00f1a, MEDITERRANIA y el Usuario se someten, con renuncia expresa a cualquier otro fuero, a los Juzgados y Tribunales de Girona (Espa\u00f1a)<\/p>\n\n\t\t<\/div>\n\t<\/div>\n<\/div><\/div><\/div><\/div><div class=\"vc_row wpb_row vc_inner vc_row-fluid contingut vc_column-gap-20\"><div class=\"wpb_column vc_column_container vc_col-sm-12\"><div class=\"vc_column-inner\"><div class=\"wpb_wrapper\">\n\t<div class=\"wpb_text_column wpb_content_element \" >\n\t\t<div class=\"wpb_wrapper\">\n\t\t\t<h2>Pol\u00edtica de Cookies<br \/>\n<strong> Las \u00abcookies\u00bb se utilizan fundamentalmente para mejorar el website, as\u00ed como para proporcionar una mejor experiencia al usuario en la navegaci\u00f3n en el sitio web. &lt;\/ Strong&gt;<\/strong><\/h2>\n<p>Son ficheros o dispositivos inform\u00e1ticos, de uso generalizado, que se descargan en el dispositivo que el usuario utiliza para acceder a un sitio web, con el fin de almacenar datos que podr\u00e1n ser actualizados y recuperados por la entidad responsable de su instalaci\u00f3n.<\/p>\n<p>En esta p\u00e1gina web, utilizamos \u00abcookies\u00bb propias y de terceros para llevar a cabo una adecuada gesti\u00f3n del acceso de los usuarios, con el fin de mejorar nuestros servicios, as\u00ed como mostrar informaci\u00f3n relacionada con tus preferencias manifestadas mediante tu navegaci\u00f3n .<\/p>\n<p>Para poder utilizar la totalidad de servicios y funcionalidades del sitio web (como por ejemplo, acceder como usuario registrado) es necesario habilitar las \u00abcookies\u00bb en el navegador. Al navegar en nuestra web y \/ o utilizar nuestros servicios, aceptas el uso que hacemos de las \u00abcookies\u00bb.<\/p>\n<p>Podr\u00e1s, pero, desactivar las \u00abcookies\u00bb cuando lo desee (con las limitaciones que ello comporte), a trav\u00e9s de la configuraci\u00f3n a efectos del navegador de Internet.<\/p>\n<p>En funci\u00f3n del navegador utilizado, podr\u00e1s optar por: rechazar determinados tipos de \u00abcookies\u00bb; rechazar \u00abcookies\u00bb de terceros; aceptar solo \u00abcookies\u00bb no persistentes; ver y borrar \u00abcookies\u00bb individualmente.<\/p>\n<p>Dispones de m\u00e1s informaci\u00f3n sobre las \u00abcookies\u00bb en: <a href=\"http:\/\/es.wikipedia.org\/wiki\/Cookie\"> http:\/\/es.wikipedia.org\/wiki\/Cookie <\/a><\/p>\n<p>Esta p\u00e1gina web utiliza \u00abGoogle Analytics\u00bb, un servicio de an\u00e1lisis de p\u00e1ginas web ofrecido por Google Inc. En esta p\u00e1gina web, la informaci\u00f3n que se obtiene de Google Analytics no permite la identificaci\u00f3n del usuario, y es utilizada \u00fanicamente a efectos estad\u00edsticos.<\/p>\n<p>Podr\u00e1s obtener informaci\u00f3n sobre la herramienta \u00abGoogle Anaylitics\u00bb en: <a href=\"http:\/\/www.google.es\/intl\/es\/analytics\/privacyoverview.html\"> http:\/\/www.google.es\/intl \/es\/analytics\/privacyoverview.html <\/a><\/p>\n\n\t\t<\/div>\n\t<\/div>\n<\/div><\/div><\/div><\/div><\/div><\/div><\/div><\/div><\/div><\/div>\n<\/div>","protected":false},"excerpt":{"rendered":"Objeto Las presentes Condiciones Generales regulan el acceso ay el uso del sitio web propiedad de MEDITERRANIA. Condici\u00f3n de usuario Toda persona que acceda al Sitio Web deber\u00e1 leer las Condiciones Generales vigentes en el momento de su acceso, debiendo abstenerse de utilizar el Sitio...","protected":false},"author":2,"featured_media":0,"parent":0,"menu_order":11,"comment_status":"closed","ping_status":"closed","template":"full_width.php","meta":{"footnotes":""},"class_list":["post-2659","page","type-page","status-publish","hentry"],"yoast_head":"<!-- This site is optimized with the Yoast SEO plugin v27.3 - https:\/\/yoast.com\/product\/yoast-seo-wordpress\/ -->\n<title>Condiciones de uso y Pol\u00edtica de Privacidad - Mediterr\u00e0nia Escola de Dansa Irlandesa<\/title>\n<meta name=\"robots\" content=\"index, follow, max-snippet:-1, max-image-preview:large, max-video-preview:-1\" \/>\n<link rel=\"canonical\" href=\"https:\/\/mediterraniaescola.cat\/legal\/\" \/>\n<meta property=\"og:locale\" content=\"es_ES\" \/>\n<meta property=\"og:type\" content=\"article\" \/>\n<meta property=\"og:title\" content=\"Condiciones de uso y Pol\u00edtica de Privacidad - Mediterr\u00e0nia Escola de Dansa Irlandesa\" \/>\n<meta property=\"og:url\" content=\"https:\/\/mediterraniaescola.cat\/legal\/\" \/>\n<meta property=\"og:site_name\" content=\"Mediterr\u00e0nia Escola de Dansa Irlandesa\" \/>\n<meta property=\"article:publisher\" content=\"https:\/\/www.facebook.com\/MediterraniaEscolaDeDansaIrlandesa\/\" \/>\n<meta property=\"article:modified_time\" content=\"2018-08-03T09:09:03+00:00\" \/>\n<meta name=\"twitter:card\" content=\"summary_large_image\" \/>\n<script type=\"application\/ld+json\" class=\"yoast-schema-graph\">{\"@context\":\"https:\\\/\\\/schema.org\",\"@graph\":[{\"@type\":\"WebPage\",\"@id\":\"https:\\\/\\\/mediterraniaescola.cat\\\/legal\\\/\",\"url\":\"https:\\\/\\\/mediterraniaescola.cat\\\/legal\\\/\",\"name\":\"Condiciones de uso y Pol\u00edtica de Privacidad - Mediterr\u00e0nia Escola de Dansa Irlandesa\",\"isPartOf\":{\"@id\":\"https:\\\/\\\/mediterraniaescola.cat\\\/#website\"},\"datePublished\":\"2017-03-29T15:17:35+00:00\",\"dateModified\":\"2018-08-03T09:09:03+00:00\",\"breadcrumb\":{\"@id\":\"https:\\\/\\\/mediterraniaescola.cat\\\/legal\\\/#breadcrumb\"},\"inLanguage\":\"es\",\"potentialAction\":[{\"@type\":\"ReadAction\",\"target\":[\"https:\\\/\\\/mediterraniaescola.cat\\\/legal\\\/\"]}]},{\"@type\":\"BreadcrumbList\",\"@id\":\"https:\\\/\\\/mediterraniaescola.cat\\\/legal\\\/#breadcrumb\",\"itemListElement\":[{\"@type\":\"ListItem\",\"position\":1,\"name\":\"Inici\",\"item\":\"https:\\\/\\\/mediterraniaescola.cat\\\/es\\\/\"},{\"@type\":\"ListItem\",\"position\":2,\"name\":\"Condiciones de uso y Pol\u00edtica de Privacidad\"}]},{\"@type\":\"WebSite\",\"@id\":\"https:\\\/\\\/mediterraniaescola.cat\\\/#website\",\"url\":\"https:\\\/\\\/mediterraniaescola.cat\\\/\",\"name\":\"Mediterr\u00e0nia Escola de Dansa Irlandesa\",\"description\":\"Girona, Barcelona i Vic\",\"publisher\":{\"@id\":\"https:\\\/\\\/mediterraniaescola.cat\\\/#organization\"},\"alternateName\":\"Mediterr\u00e0nia\",\"potentialAction\":[{\"@type\":\"SearchAction\",\"target\":{\"@type\":\"EntryPoint\",\"urlTemplate\":\"https:\\\/\\\/mediterraniaescola.cat\\\/?s={search_term_string}\"},\"query-input\":{\"@type\":\"PropertyValueSpecification\",\"valueRequired\":true,\"valueName\":\"search_term_string\"}}],\"inLanguage\":\"es\"},{\"@type\":\"Organization\",\"@id\":\"https:\\\/\\\/mediterraniaescola.cat\\\/#organization\",\"name\":\"Mediterr\u00e0nia\",\"url\":\"https:\\\/\\\/mediterraniaescola.cat\\\/\",\"logo\":{\"@type\":\"ImageObject\",\"inLanguage\":\"es\",\"@id\":\"https:\\\/\\\/mediterraniaescola.cat\\\/#\\\/schema\\\/logo\\\/image\\\/\",\"url\":\"http:\\\/\\\/mediterraniaescola.cat\\\/wp-content\\\/uploads\\\/2017\\\/05\\\/mediterrania_logo.png\",\"contentUrl\":\"http:\\\/\\\/mediterraniaescola.cat\\\/wp-content\\\/uploads\\\/2017\\\/05\\\/mediterrania_logo.png\",\"width\":264,\"height\":123,\"caption\":\"Mediterr\u00e0nia\"},\"image\":{\"@id\":\"https:\\\/\\\/mediterraniaescola.cat\\\/#\\\/schema\\\/logo\\\/image\\\/\"},\"sameAs\":[\"https:\\\/\\\/www.facebook.com\\\/MediterraniaEscolaDeDansaIrlandesa\\\/\",\"https:\\\/\\\/www.instagram.com\\\/mediterraniairishdanceschool\\\/\"]}]}<\/script>\n<!-- \/ Yoast SEO plugin. -->","yoast_head_json":{"title":"Condiciones de uso y Pol\u00edtica de Privacidad - Mediterr\u00e0nia Escola de Dansa Irlandesa","robots":{"index":"index","follow":"follow","max-snippet":"max-snippet:-1","max-image-preview":"max-image-preview:large","max-video-preview":"max-video-preview:-1"},"canonical":"https:\/\/mediterraniaescola.cat\/legal\/","og_locale":"es_ES","og_type":"article","og_title":"Condiciones de uso y Pol\u00edtica de Privacidad - Mediterr\u00e0nia Escola de Dansa Irlandesa","og_url":"https:\/\/mediterraniaescola.cat\/legal\/","og_site_name":"Mediterr\u00e0nia Escola de Dansa Irlandesa","article_publisher":"https:\/\/www.facebook.com\/MediterraniaEscolaDeDansaIrlandesa\/","article_modified_time":"2018-08-03T09:09:03+00:00","twitter_card":"summary_large_image","schema":{"@context":"https:\/\/schema.org","@graph":[{"@type":"WebPage","@id":"https:\/\/mediterraniaescola.cat\/legal\/","url":"https:\/\/mediterraniaescola.cat\/legal\/","name":"Condiciones de uso y Pol\u00edtica de Privacidad - Mediterr\u00e0nia Escola de Dansa Irlandesa","isPartOf":{"@id":"https:\/\/mediterraniaescola.cat\/#website"},"datePublished":"2017-03-29T15:17:35+00:00","dateModified":"2018-08-03T09:09:03+00:00","breadcrumb":{"@id":"https:\/\/mediterraniaescola.cat\/legal\/#breadcrumb"},"inLanguage":"es","potentialAction":[{"@type":"ReadAction","target":["https:\/\/mediterraniaescola.cat\/legal\/"]}]},{"@type":"BreadcrumbList","@id":"https:\/\/mediterraniaescola.cat\/legal\/#breadcrumb","itemListElement":[{"@type":"ListItem","position":1,"name":"Inici","item":"https:\/\/mediterraniaescola.cat\/es\/"},{"@type":"ListItem","position":2,"name":"Condiciones de uso y Pol\u00edtica de Privacidad"}]},{"@type":"WebSite","@id":"https:\/\/mediterraniaescola.cat\/#website","url":"https:\/\/mediterraniaescola.cat\/","name":"Mediterr\u00e0nia Escola de Dansa Irlandesa","description":"Girona, Barcelona i Vic","publisher":{"@id":"https:\/\/mediterraniaescola.cat\/#organization"},"alternateName":"Mediterr\u00e0nia","potentialAction":[{"@type":"SearchAction","target":{"@type":"EntryPoint","urlTemplate":"https:\/\/mediterraniaescola.cat\/?s={search_term_string}"},"query-input":{"@type":"PropertyValueSpecification","valueRequired":true,"valueName":"search_term_string"}}],"inLanguage":"es"},{"@type":"Organization","@id":"https:\/\/mediterraniaescola.cat\/#organization","name":"Mediterr\u00e0nia","url":"https:\/\/mediterraniaescola.cat\/","logo":{"@type":"ImageObject","inLanguage":"es","@id":"https:\/\/mediterraniaescola.cat\/#\/schema\/logo\/image\/","url":"https:\/\/mediterraniaescola.cat\/wp-content\/uploads\/2017\/05\/mediterrania_logo.png","contentUrl":"https:\/\/mediterraniaescola.cat\/wp-content\/uploads\/2017\/05\/mediterrania_logo.png","width":264,"height":123,"caption":"Mediterr\u00e0nia"},"image":{"@id":"https:\/\/mediterraniaescola.cat\/#\/schema\/logo\/image\/"},"sameAs":["https:\/\/www.facebook.com\/MediterraniaEscolaDeDansaIrlandesa\/","https:\/\/www.instagram.com\/mediterraniairishdanceschool\/"]}]}},"_links":{"self":[{"href":"https:\/\/mediterraniaescola.cat\/es\/wp-json\/wp\/v2\/pages\/2659","targetHints":{"allow":["GET"]}}],"collection":[{"href":"https:\/\/mediterraniaescola.cat\/es\/wp-json\/wp\/v2\/pages"}],"about":[{"href":"https:\/\/mediterraniaescola.cat\/es\/wp-json\/wp\/v2\/types\/page"}],"author":[{"embeddable":true,"href":"https:\/\/mediterraniaescola.cat\/es\/wp-json\/wp\/v2\/users\/2"}],"replies":[{"embeddable":true,"href":"https:\/\/mediterraniaescola.cat\/es\/wp-json\/wp\/v2\/comments?post=2659"}],"version-history":[{"count":0,"href":"https:\/\/mediterraniaescola.cat\/es\/wp-json\/wp\/v2\/pages\/2659\/revisions"}],"wp:attachment":[{"href":"https:\/\/mediterraniaescola.cat\/es\/wp-json\/wp\/v2\/media?parent=2659"}],"curies":[{"name":"wp","href":"https:\/\/api.w.org\/{rel}","templated":true}]}}